{"id":2132,"date":"2024-03-06T10:08:41","date_gmt":"2024-03-06T10:08:41","guid":{"rendered":"https:\/\/www.nomme.ee\/eakate-paevakeskused\/?page_id=2132"},"modified":"2025-10-08T07:12:56","modified_gmt":"2025-10-08T07:12:56","slug":"teenused","status":"publish","type":"page","link":"https:\/\/www.nomme.ee\/eakate-paevakeskused\/teenused\/","title":{"rendered":"Teenused"},"content":{"rendered":"<p>Teenustele registreerimine toimub telefonil 672 3125 v\u00f5i Valdeku 13 p\u00e4evakeskuses, kabinetis 108.<\/p>\n<p>Tasumine teenuse osutajale koha peal sularahas.<\/p>\n<p>&nbsp;<\/p>\n<p><strong>Massaa\u017e esmasp\u00e4eviti ja kolmap\u00e4eviti<\/strong><\/p>\n<p>Klassikaline massaa\u017e 50 min &#8211; 25 eurot<\/p>\n<p>Klassikaline massaa\u017e 20 min &#8211; 15 eurot<\/p>\n<p><em>Teenuse osutaja Valve Maine.<\/em><\/p>\n<p>&nbsp;<\/p>\n<p><strong>Pedik\u00fc\u00fcr <\/strong><strong>2 x kuus teisip\u00e4eviti ja neljap\u00e4eviti\u00a0<\/strong><\/p>\n<p>pedik\u00fc\u00fcr 25 eurot<\/p>\n<p><em>Teenuse osutaja Anette Harlin<\/em><\/p>\n<p>&nbsp;<\/p>\n<p><strong>Juuksur 2 x kuus neljap\u00e4eviti<\/strong><\/p>\n<p>Juuste l\u00f5ikus &#8211; 10 eurot<\/p>\n<p>Pea pesemine + soeng &#8211; 10 eurot<\/p>\n<p>V\u00e4rvimine + l\u00f5ikus &#8211; 30 eurot<\/p>\n<p>Triibutamine + l\u00f5ikus &#8211;\u00a030 eurot<\/p>\n<p>Kahe v\u00e4rviga v\u00e4rvimine + l\u00f5ikus &#8211;\u00a040 eurot<\/p>\n<p>Lokkide tegemine + l\u00f5ikus &#8211;\u00a035 eurot<\/p>\n<p><em>Teenuse osutaja Merike Pastarus<\/em><\/p>\n<p>&nbsp;<\/p>\n<p>&nbsp;<\/p>\n<p>&nbsp;<\/p>\n<p>&nbsp;<\/p>\n","protected":false},"excerpt":{"rendered":"<p>Teenustele registreerimine toimub telefonil 672 3125 v\u00f5i Valdeku 13 p\u00e4evakeskuses, kabinetis 108. Tasumine teenuse osutajale koha peal sularahas. &nbsp; Massaa\u017e esmasp\u00e4eviti ja kolmap\u00e4eviti Klassikaline massaa\u017e 50 min &#8211; 25 eurot Klassikaline massaa\u017e 20 min &#8211; 15 eurot Teenuse osutaja Valve Maine. &nbsp; Pedik\u00fc\u00fcr 2 x kuus teisip\u00e4eviti ja neljap\u00e4eviti\u00a0 pedik\u00fc\u00fcr 25 eurot Teenuse osutaja Anette [&hellip;]<\/p>\n","protected":false},"author":4,"featured_media":0,"parent":0,"menu_order":0,"comment_status":"closed","ping_status":"closed","template":"","meta":{"_acf_changed":false,"footnotes":""},"class_list":["post-2132","page","type-page","status-publish","hentry"],"acf":[],"yoast_head":"<!-- This site is optimized with the Yoast SEO plugin v27.5 - https:\/\/yoast.com\/product\/yoast-seo-wordpress\/ -->\n<title>Teenused &#8211; P\u00e4evakeskused<\/title>\n<meta name=\"robots\" content=\"index, follow, max-snippet:-1, max-image-preview:large, max-video-preview:-1\" \/>\n<link rel=\"canonical\" href=\"https:\/\/www.nomme.ee\/eakate-paevakeskused\/teenused\/\" \/>\n<meta property=\"og:locale\" content=\"et_EE\" \/>\n<meta property=\"og:type\" content=\"article\" \/>\n<meta property=\"og:title\" content=\"Teenused &#8211; P\u00e4evakeskused\" \/>\n<meta property=\"og:description\" content=\"Teenustele registreerimine toimub telefonil 672 3125 v\u00f5i Valdeku 13 p\u00e4evakeskuses, kabinetis 108. Tasumine teenuse osutajale koha peal sularahas. &nbsp; Massaa\u017e esmasp\u00e4eviti ja kolmap\u00e4eviti Klassikaline massaa\u017e 50 min &#8211; 25 eurot Klassikaline massaa\u017e 20 min &#8211; 15 eurot Teenuse osutaja Valve Maine. &nbsp; Pedik\u00fc\u00fcr 2 x kuus teisip\u00e4eviti ja neljap\u00e4eviti\u00a0 pedik\u00fc\u00fcr 25 eurot Teenuse osutaja Anette [&hellip;]\" \/>\n<meta property=\"og:url\" content=\"https:\/\/www.nomme.ee\/eakate-paevakeskused\/teenused\/\" \/>\n<meta property=\"og:site_name\" content=\"P\u00e4evakeskused\" \/>\n<meta property=\"article:modified_time\" content=\"2025-10-08T07:12:56+00:00\" \/>\n<meta name=\"twitter:card\" content=\"summary_large_image\" \/>\n<meta name=\"twitter:label1\" content=\"Est. reading time\" \/>\n\t<meta name=\"twitter:data1\" content=\"1 minut\" \/>\n<script type=\"application\/ld+json\" class=\"yoast-schema-graph\">{\"@context\":\"https:\\\/\\\/schema.org\",\"@graph\":[{\"@type\":\"WebPage\",\"@id\":\"https:\\\/\\\/www.nomme.ee\\\/eakate-paevakeskused\\\/teenused\\\/\",\"url\":\"https:\\\/\\\/www.nomme.ee\\\/eakate-paevakeskused\\\/teenused\\\/\",\"name\":\"Teenused &#8211; P\u00e4evakeskused\",\"isPartOf\":{\"@id\":\"https:\\\/\\\/www.nomme.ee\\\/eakate-paevakeskused\\\/#website\"},\"datePublished\":\"2024-03-06T10:08:41+00:00\",\"dateModified\":\"2025-10-08T07:12:56+00:00\",\"breadcrumb\":{\"@id\":\"https:\\\/\\\/www.nomme.ee\\\/eakate-paevakeskused\\\/teenused\\\/#breadcrumb\"},\"inLanguage\":\"et\",\"potentialAction\":[{\"@type\":\"ReadAction\",\"target\":[\"https:\\\/\\\/www.nomme.ee\\\/eakate-paevakeskused\\\/teenused\\\/\"]}]},{\"@type\":\"BreadcrumbList\",\"@id\":\"https:\\\/\\\/www.nomme.ee\\\/eakate-paevakeskused\\\/teenused\\\/#breadcrumb\",\"itemListElement\":[{\"@type\":\"ListItem\",\"position\":1,\"name\":\"N\u00f5mme Vaba Aja Keskus\",\"item\":\"https:\\\/\\\/www.nomme.ee\"},{\"@type\":\"ListItem\",\"position\":2,\"name\":\"P\u00e4evakeskused\",\"item\":\"https:\\\/\\\/www.nomme.ee\\\/eakate-paevakeskused\\\/\"},{\"@type\":\"ListItem\",\"position\":3,\"name\":\"Teenused\"}]},{\"@type\":\"WebSite\",\"@id\":\"https:\\\/\\\/www.nomme.ee\\\/eakate-paevakeskused\\\/#website\",\"url\":\"https:\\\/\\\/www.nomme.ee\\\/eakate-paevakeskused\\\/\",\"name\":\"P\u00e4evakeskused\",\"description\":\"\",\"potentialAction\":[{\"@type\":\"SearchAction\",\"target\":{\"@type\":\"EntryPoint\",\"urlTemplate\":\"https:\\\/\\\/www.nomme.ee\\\/eakate-paevakeskused\\\/?s={search_term_string}\"},\"query-input\":{\"@type\":\"PropertyValueSpecification\",\"valueRequired\":true,\"valueName\":\"search_term_string\"}}],\"inLanguage\":\"et\"}]}<\/script>\n<!-- \/ Yoast SEO plugin. -->","yoast_head_json":{"title":"Teenused &#8211; P\u00e4evakeskused","robots":{"index":"index","follow":"follow","max-snippet":"max-snippet:-1","max-image-preview":"max-image-preview:large","max-video-preview":"max-video-preview:-1"},"canonical":"https:\/\/www.nomme.ee\/eakate-paevakeskused\/teenused\/","og_locale":"et_EE","og_type":"article","og_title":"Teenused &#8211; P\u00e4evakeskused","og_description":"Teenustele registreerimine toimub telefonil 672 3125 v\u00f5i Valdeku 13 p\u00e4evakeskuses, kabinetis 108. Tasumine teenuse osutajale koha peal sularahas. &nbsp; Massaa\u017e esmasp\u00e4eviti ja kolmap\u00e4eviti Klassikaline massaa\u017e 50 min &#8211; 25 eurot Klassikaline massaa\u017e 20 min &#8211; 15 eurot Teenuse osutaja Valve Maine. &nbsp; Pedik\u00fc\u00fcr 2 x kuus teisip\u00e4eviti ja neljap\u00e4eviti\u00a0 pedik\u00fc\u00fcr 25 eurot Teenuse osutaja Anette [&hellip;]","og_url":"https:\/\/www.nomme.ee\/eakate-paevakeskused\/teenused\/","og_site_name":"P\u00e4evakeskused","article_modified_time":"2025-10-08T07:12:56+00:00","twitter_card":"summary_large_image","twitter_misc":{"Est. reading time":"1 minut"},"schema":{"@context":"https:\/\/schema.org","@graph":[{"@type":"WebPage","@id":"https:\/\/www.nomme.ee\/eakate-paevakeskused\/teenused\/","url":"https:\/\/www.nomme.ee\/eakate-paevakeskused\/teenused\/","name":"Teenused &#8211; P\u00e4evakeskused","isPartOf":{"@id":"https:\/\/www.nomme.ee\/eakate-paevakeskused\/#website"},"datePublished":"2024-03-06T10:08:41+00:00","dateModified":"2025-10-08T07:12:56+00:00","breadcrumb":{"@id":"https:\/\/www.nomme.ee\/eakate-paevakeskused\/teenused\/#breadcrumb"},"inLanguage":"et","potentialAction":[{"@type":"ReadAction","target":["https:\/\/www.nomme.ee\/eakate-paevakeskused\/teenused\/"]}]},{"@type":"BreadcrumbList","@id":"https:\/\/www.nomme.ee\/eakate-paevakeskused\/teenused\/#breadcrumb","itemListElement":[{"@type":"ListItem","position":1,"name":"N\u00f5mme Vaba Aja Keskus","item":"https:\/\/www.nomme.ee"},{"@type":"ListItem","position":2,"name":"P\u00e4evakeskused","item":"https:\/\/www.nomme.ee\/eakate-paevakeskused\/"},{"@type":"ListItem","position":3,"name":"Teenused"}]},{"@type":"WebSite","@id":"https:\/\/www.nomme.ee\/eakate-paevakeskused\/#website","url":"https:\/\/www.nomme.ee\/eakate-paevakeskused\/","name":"P\u00e4evakeskused","description":"","potentialAction":[{"@type":"SearchAction","target":{"@type":"EntryPoint","urlTemplate":"https:\/\/www.nomme.ee\/eakate-paevakeskused\/?s={search_term_string}"},"query-input":{"@type":"PropertyValueSpecification","valueRequired":true,"valueName":"search_term_string"}}],"inLanguage":"et"}]}},"_links":{"self":[{"href":"https:\/\/www.nomme.ee\/eakate-paevakeskused\/wp-json\/wp\/v2\/pages\/2132","targetHints":{"allow":["GET"]}}],"collection":[{"href":"https:\/\/www.nomme.ee\/eakate-paevakeskused\/wp-json\/wp\/v2\/pages"}],"about":[{"href":"https:\/\/www.nomme.ee\/eakate-paevakeskused\/wp-json\/wp\/v2\/types\/page"}],"author":[{"embeddable":true,"href":"https:\/\/www.nomme.ee\/eakate-paevakeskused\/wp-json\/wp\/v2\/users\/4"}],"replies":[{"embeddable":true,"href":"https:\/\/www.nomme.ee\/eakate-paevakeskused\/wp-json\/wp\/v2\/comments?post=2132"}],"version-history":[{"count":21,"href":"https:\/\/www.nomme.ee\/eakate-paevakeskused\/wp-json\/wp\/v2\/pages\/2132\/revisions"}],"predecessor-version":[{"id":3377,"href":"https:\/\/www.nomme.ee\/eakate-paevakeskused\/wp-json\/wp\/v2\/pages\/2132\/revisions\/3377"}],"wp:attachment":[{"href":"https:\/\/www.nomme.ee\/eakate-paevakeskused\/wp-json\/wp\/v2\/media?parent=2132"}],"curies":[{"name":"wp","href":"https:\/\/api.w.org\/{rel}","templated":true}]}}