{"id":302,"date":"2021-10-10T22:22:40","date_gmt":"2021-10-10T22:22:40","guid":{"rendered":"https:\/\/www.nomme.ee\/eakate-paevakeskused\/?page_id=302"},"modified":"2021-10-10T22:23:02","modified_gmt":"2021-10-10T22:23:02","slug":"jooga","status":"publish","type":"page","link":"https:\/\/www.nomme.ee\/eakate-paevakeskused\/virtuaalne-keskus\/jooga\/","title":{"rendered":"Jooga"},"content":{"rendered":"<p>Treenides enda vaimu ei tohiks unustada ka f\u00fc\u00fcsist. Jooga on hea v\u00f5imalus pakkuda midagi nii enda ihule kui ka hingele.<\/p>\n<p>Meie laste jooga treener Essi on just Teie jaoks kokku pannud \u00fche virgutava joogatrenni.<\/p>\n<figure class=\"video-container\"><iframe loading=\"lazy\" title=\"Eakate naerujooga\" width=\"500\" height=\"281\" src=\"https:\/\/www.youtube.com\/embed\/mj0Pt75wrO0?feature=oembed\" frameborder=\"0\" allow=\"accelerometer; autoplay; clipboard-write; encrypted-media; gyroscope; picture-in-picture; web-share\" referrerpolicy=\"strict-origin-when-cross-origin\" allowfullscreen><\/iframe><\/figure>\n","protected":false},"excerpt":{"rendered":"<p>Treenides enda vaimu ei tohiks unustada ka f\u00fc\u00fcsist. Jooga on hea v\u00f5imalus pakkuda midagi nii enda ihule kui ka hingele. Meie laste jooga treener Essi on just Teie jaoks kokku pannud \u00fche virgutava joogatrenni.<\/p>\n","protected":false},"author":1,"featured_media":0,"parent":91,"menu_order":15,"comment_status":"closed","ping_status":"closed","template":"","meta":{"_acf_changed":false,"footnotes":""},"class_list":["post-302","page","type-page","status-publish","hentry"],"acf":[],"yoast_head":"<!-- This site is optimized with the Yoast SEO plugin v27.5 - https:\/\/yoast.com\/product\/yoast-seo-wordpress\/ -->\n<title>Jooga &#8211; P\u00e4evakeskused<\/title>\n<meta name=\"robots\" content=\"index, follow, max-snippet:-1, max-image-preview:large, max-video-preview:-1\" \/>\n<link rel=\"canonical\" href=\"https:\/\/www.nomme.ee\/eakate-paevakeskused\/virtuaalne-keskus\/jooga\/\" \/>\n<meta property=\"og:locale\" content=\"et_EE\" \/>\n<meta property=\"og:type\" content=\"article\" \/>\n<meta property=\"og:title\" content=\"Jooga &#8211; P\u00e4evakeskused\" \/>\n<meta property=\"og:description\" content=\"Treenides enda vaimu ei tohiks unustada ka f\u00fc\u00fcsist. Jooga on hea v\u00f5imalus pakkuda midagi nii enda ihule kui ka hingele. Meie laste jooga treener Essi on just Teie jaoks kokku pannud \u00fche virgutava joogatrenni.\" \/>\n<meta property=\"og:url\" content=\"https:\/\/www.nomme.ee\/eakate-paevakeskused\/virtuaalne-keskus\/jooga\/\" \/>\n<meta property=\"og:site_name\" content=\"P\u00e4evakeskused\" \/>\n<meta property=\"article:modified_time\" content=\"2021-10-10T22:23:02+00:00\" \/>\n<meta name=\"twitter:card\" content=\"summary_large_image\" \/>\n<script type=\"application\/ld+json\" class=\"yoast-schema-graph\">{\"@context\":\"https:\\\/\\\/schema.org\",\"@graph\":[{\"@type\":\"WebPage\",\"@id\":\"https:\\\/\\\/www.nomme.ee\\\/eakate-paevakeskused\\\/virtuaalne-keskus\\\/jooga\\\/\",\"url\":\"https:\\\/\\\/www.nomme.ee\\\/eakate-paevakeskused\\\/virtuaalne-keskus\\\/jooga\\\/\",\"name\":\"Jooga &#8211; P\u00e4evakeskused\",\"isPartOf\":{\"@id\":\"https:\\\/\\\/www.nomme.ee\\\/eakate-paevakeskused\\\/#website\"},\"datePublished\":\"2021-10-10T22:22:40+00:00\",\"dateModified\":\"2021-10-10T22:23:02+00:00\",\"breadcrumb\":{\"@id\":\"https:\\\/\\\/www.nomme.ee\\\/eakate-paevakeskused\\\/virtuaalne-keskus\\\/jooga\\\/#breadcrumb\"},\"inLanguage\":\"et\",\"potentialAction\":[{\"@type\":\"ReadAction\",\"target\":[\"https:\\\/\\\/www.nomme.ee\\\/eakate-paevakeskused\\\/virtuaalne-keskus\\\/jooga\\\/\"]}]},{\"@type\":\"BreadcrumbList\",\"@id\":\"https:\\\/\\\/www.nomme.ee\\\/eakate-paevakeskused\\\/virtuaalne-keskus\\\/jooga\\\/#breadcrumb\",\"itemListElement\":[{\"@type\":\"ListItem\",\"position\":1,\"name\":\"N\u00f5mme Vaba Aja Keskus\",\"item\":\"https:\\\/\\\/www.nomme.ee\"},{\"@type\":\"ListItem\",\"position\":2,\"name\":\"P\u00e4evakeskused\",\"item\":\"https:\\\/\\\/www.nomme.ee\\\/eakate-paevakeskused\\\/\"},{\"@type\":\"ListItem\",\"position\":3,\"name\":\"Virtuaalne keskus\",\"item\":\"https:\\\/\\\/www.nomme.ee\\\/eakate-paevakeskused\\\/virtuaalne-keskus\\\/\"},{\"@type\":\"ListItem\",\"position\":4,\"name\":\"Jooga\"}]},{\"@type\":\"WebSite\",\"@id\":\"https:\\\/\\\/www.nomme.ee\\\/eakate-paevakeskused\\\/#website\",\"url\":\"https:\\\/\\\/www.nomme.ee\\\/eakate-paevakeskused\\\/\",\"name\":\"P\u00e4evakeskused\",\"description\":\"\",\"potentialAction\":[{\"@type\":\"SearchAction\",\"target\":{\"@type\":\"EntryPoint\",\"urlTemplate\":\"https:\\\/\\\/www.nomme.ee\\\/eakate-paevakeskused\\\/?s={search_term_string}\"},\"query-input\":{\"@type\":\"PropertyValueSpecification\",\"valueRequired\":true,\"valueName\":\"search_term_string\"}}],\"inLanguage\":\"et\"}]}<\/script>\n<!-- \/ Yoast SEO plugin. -->","yoast_head_json":{"title":"Jooga &#8211; P\u00e4evakeskused","robots":{"index":"index","follow":"follow","max-snippet":"max-snippet:-1","max-image-preview":"max-image-preview:large","max-video-preview":"max-video-preview:-1"},"canonical":"https:\/\/www.nomme.ee\/eakate-paevakeskused\/virtuaalne-keskus\/jooga\/","og_locale":"et_EE","og_type":"article","og_title":"Jooga &#8211; P\u00e4evakeskused","og_description":"Treenides enda vaimu ei tohiks unustada ka f\u00fc\u00fcsist. Jooga on hea v\u00f5imalus pakkuda midagi nii enda ihule kui ka hingele. Meie laste jooga treener Essi on just Teie jaoks kokku pannud \u00fche virgutava joogatrenni.","og_url":"https:\/\/www.nomme.ee\/eakate-paevakeskused\/virtuaalne-keskus\/jooga\/","og_site_name":"P\u00e4evakeskused","article_modified_time":"2021-10-10T22:23:02+00:00","twitter_card":"summary_large_image","schema":{"@context":"https:\/\/schema.org","@graph":[{"@type":"WebPage","@id":"https:\/\/www.nomme.ee\/eakate-paevakeskused\/virtuaalne-keskus\/jooga\/","url":"https:\/\/www.nomme.ee\/eakate-paevakeskused\/virtuaalne-keskus\/jooga\/","name":"Jooga &#8211; P\u00e4evakeskused","isPartOf":{"@id":"https:\/\/www.nomme.ee\/eakate-paevakeskused\/#website"},"datePublished":"2021-10-10T22:22:40+00:00","dateModified":"2021-10-10T22:23:02+00:00","breadcrumb":{"@id":"https:\/\/www.nomme.ee\/eakate-paevakeskused\/virtuaalne-keskus\/jooga\/#breadcrumb"},"inLanguage":"et","potentialAction":[{"@type":"ReadAction","target":["https:\/\/www.nomme.ee\/eakate-paevakeskused\/virtuaalne-keskus\/jooga\/"]}]},{"@type":"BreadcrumbList","@id":"https:\/\/www.nomme.ee\/eakate-paevakeskused\/virtuaalne-keskus\/jooga\/#breadcrumb","itemListElement":[{"@type":"ListItem","position":1,"name":"N\u00f5mme Vaba Aja Keskus","item":"https:\/\/www.nomme.ee"},{"@type":"ListItem","position":2,"name":"P\u00e4evakeskused","item":"https:\/\/www.nomme.ee\/eakate-paevakeskused\/"},{"@type":"ListItem","position":3,"name":"Virtuaalne keskus","item":"https:\/\/www.nomme.ee\/eakate-paevakeskused\/virtuaalne-keskus\/"},{"@type":"ListItem","position":4,"name":"Jooga"}]},{"@type":"WebSite","@id":"https:\/\/www.nomme.ee\/eakate-paevakeskused\/#website","url":"https:\/\/www.nomme.ee\/eakate-paevakeskused\/","name":"P\u00e4evakeskused","description":"","potentialAction":[{"@type":"SearchAction","target":{"@type":"EntryPoint","urlTemplate":"https:\/\/www.nomme.ee\/eakate-paevakeskused\/?s={search_term_string}"},"query-input":{"@type":"PropertyValueSpecification","valueRequired":true,"valueName":"search_term_string"}}],"inLanguage":"et"}]}},"_links":{"self":[{"href":"https:\/\/www.nomme.ee\/eakate-paevakeskused\/wp-json\/wp\/v2\/pages\/302","targetHints":{"allow":["GET"]}}],"collection":[{"href":"https:\/\/www.nomme.ee\/eakate-paevakeskused\/wp-json\/wp\/v2\/pages"}],"about":[{"href":"https:\/\/www.nomme.ee\/eakate-paevakeskused\/wp-json\/wp\/v2\/types\/page"}],"author":[{"embeddable":true,"href":"https:\/\/www.nomme.ee\/eakate-paevakeskused\/wp-json\/wp\/v2\/users\/1"}],"replies":[{"embeddable":true,"href":"https:\/\/www.nomme.ee\/eakate-paevakeskused\/wp-json\/wp\/v2\/comments?post=302"}],"version-history":[{"count":1,"href":"https:\/\/www.nomme.ee\/eakate-paevakeskused\/wp-json\/wp\/v2\/pages\/302\/revisions"}],"predecessor-version":[{"id":303,"href":"https:\/\/www.nomme.ee\/eakate-paevakeskused\/wp-json\/wp\/v2\/pages\/302\/revisions\/303"}],"up":[{"embeddable":true,"href":"https:\/\/www.nomme.ee\/eakate-paevakeskused\/wp-json\/wp\/v2\/pages\/91"}],"wp:attachment":[{"href":"https:\/\/www.nomme.ee\/eakate-paevakeskused\/wp-json\/wp\/v2\/media?parent=302"}],"curies":[{"name":"wp","href":"https:\/\/api.w.org\/{rel}","templated":true}]}}