{"id":43,"date":"2021-08-31T04:25:10","date_gmt":"2021-08-31T04:25:10","guid":{"rendered":"http:\/\/www.nomme.ee\/eakate-paevakeskused\/?page_id=43"},"modified":"2026-01-21T13:30:50","modified_gmt":"2026-01-21T13:30:50","slug":"hinnakiri","status":"publish","type":"page","link":"https:\/\/www.nomme.ee\/eakate-paevakeskused\/hinnakiri\/","title":{"rendered":"Hinnakiri"},"content":{"rendered":"<table style=\"width: 44.6613%;height: 153px\">\n<tbody>\n<tr style=\"height: 24px\">\n<td style=\"width: 66.6142%;height: 24px\">Osalustasu huvialaringis 1 x n\u00e4dalas<\/td>\n<td style=\"width: 76.318%;height: 24px\">\u00a05 EUR \/ kuu<\/td>\n<\/tr>\n<tr style=\"height: 24px\">\n<td style=\"width: 66.6142%;height: 24px\">Osalustasu huvialaringis 2 x n\u00e4dalas<\/td>\n<td style=\"width: 76.318%;height: 24px\">7 EUR \/ kuu<\/td>\n<\/tr>\n<tr style=\"height: 24px\">\n<td style=\"width: 66.6142%;height: 24px\">Keraamikaringis ja nutiringis osalemine 1 x n\u00e4dalas<\/td>\n<td style=\"width: 76.318%;height: 24px\">15 EUR \/ kuu<\/td>\n<\/tr>\n<tr style=\"height: 24px\">\n<td style=\"width: 66.6142%;height: 10px\">Kokandusringis osalemine<\/td>\n<td style=\"width: 76.318%;height: 10px\">\u00a0 7 EUR\/kord<\/td>\n<\/tr>\n<tr>\n<td style=\"width: 66.6142%\">Klubiline tegevus<\/td>\n<td style=\"width: 76.318%\">2 EUR \/ kuu<\/td>\n<\/tr>\n<tr style=\"height: 24px\">\n<td style=\"width: 66.6142%;height: 24px\">A4 koopia v\u00f5i v\u00e4ljatr\u00fckk<\/td>\n<td style=\"width: 76.318%;height: 24px\">0,20 EUR \/ tk<\/td>\n<\/tr>\n<\/tbody>\n<\/table>\n<p>&nbsp;<\/p>\n<p>Tasuda saab koha peal sularahas.<\/p>\n","protected":false},"excerpt":{"rendered":"<p>Osalustasu huvialaringis 1 x n\u00e4dalas \u00a05 EUR \/ kuu Osalustasu huvialaringis 2 x n\u00e4dalas 7 EUR \/ kuu Keraamikaringis ja nutiringis osalemine 1 x n\u00e4dalas 15 EUR \/ kuu Kokandusringis osalemine \u00a0 7 EUR\/kord Klubiline tegevus 2 EUR \/ kuu A4 koopia v\u00f5i v\u00e4ljatr\u00fckk 0,20 EUR \/ tk &nbsp; Tasuda saab koha peal sularahas.<\/p>\n","protected":false},"author":1,"featured_media":0,"parent":0,"menu_order":0,"comment_status":"closed","ping_status":"closed","template":"","meta":{"_acf_changed":false,"footnotes":""},"class_list":["post-43","page","type-page","status-publish","hentry"],"acf":[],"yoast_head":"<!-- This site is optimized with the Yoast SEO plugin v27.3 - https:\/\/yoast.com\/product\/yoast-seo-wordpress\/ -->\n<title>Hinnakiri &#8211; P\u00e4evakeskused<\/title>\n<meta name=\"robots\" content=\"index, follow, max-snippet:-1, max-image-preview:large, max-video-preview:-1\" \/>\n<link rel=\"canonical\" href=\"https:\/\/www.nomme.ee\/eakate-paevakeskused\/hinnakiri\/\" \/>\n<meta property=\"og:locale\" content=\"et_EE\" \/>\n<meta property=\"og:type\" content=\"article\" \/>\n<meta property=\"og:title\" content=\"Hinnakiri &#8211; P\u00e4evakeskused\" \/>\n<meta property=\"og:description\" content=\"Osalustasu huvialaringis 1 x n\u00e4dalas \u00a05 EUR \/ kuu Osalustasu huvialaringis 2 x n\u00e4dalas 7 EUR \/ kuu Keraamikaringis ja nutiringis osalemine 1 x n\u00e4dalas 15 EUR \/ kuu Kokandusringis osalemine \u00a0 7 EUR\/kord Klubiline tegevus 2 EUR \/ kuu A4 koopia v\u00f5i v\u00e4ljatr\u00fckk 0,20 EUR \/ tk &nbsp; Tasuda saab koha peal sularahas.\" \/>\n<meta property=\"og:url\" content=\"https:\/\/www.nomme.ee\/eakate-paevakeskused\/hinnakiri\/\" \/>\n<meta property=\"og:site_name\" content=\"P\u00e4evakeskused\" \/>\n<meta property=\"article:modified_time\" content=\"2026-01-21T13:30:50+00:00\" \/>\n<meta name=\"twitter:card\" content=\"summary_large_image\" \/>\n<meta name=\"twitter:label1\" content=\"Est. reading time\" \/>\n\t<meta name=\"twitter:data1\" content=\"1 minut\" \/>\n<script type=\"application\/ld+json\" class=\"yoast-schema-graph\">{\"@context\":\"https:\\\/\\\/schema.org\",\"@graph\":[{\"@type\":\"WebPage\",\"@id\":\"https:\\\/\\\/www.nomme.ee\\\/eakate-paevakeskused\\\/hinnakiri\\\/\",\"url\":\"https:\\\/\\\/www.nomme.ee\\\/eakate-paevakeskused\\\/hinnakiri\\\/\",\"name\":\"Hinnakiri &#8211; P\u00e4evakeskused\",\"isPartOf\":{\"@id\":\"https:\\\/\\\/www.nomme.ee\\\/eakate-paevakeskused\\\/#website\"},\"datePublished\":\"2021-08-31T04:25:10+00:00\",\"dateModified\":\"2026-01-21T13:30:50+00:00\",\"breadcrumb\":{\"@id\":\"https:\\\/\\\/www.nomme.ee\\\/eakate-paevakeskused\\\/hinnakiri\\\/#breadcrumb\"},\"inLanguage\":\"et\",\"potentialAction\":[{\"@type\":\"ReadAction\",\"target\":[\"https:\\\/\\\/www.nomme.ee\\\/eakate-paevakeskused\\\/hinnakiri\\\/\"]}]},{\"@type\":\"BreadcrumbList\",\"@id\":\"https:\\\/\\\/www.nomme.ee\\\/eakate-paevakeskused\\\/hinnakiri\\\/#breadcrumb\",\"itemListElement\":[{\"@type\":\"ListItem\",\"position\":1,\"name\":\"N\u00f5mme Vaba Aja Keskus\",\"item\":\"https:\\\/\\\/www.nomme.ee\"},{\"@type\":\"ListItem\",\"position\":2,\"name\":\"P\u00e4evakeskused\",\"item\":\"https:\\\/\\\/www.nomme.ee\\\/eakate-paevakeskused\\\/\"},{\"@type\":\"ListItem\",\"position\":3,\"name\":\"Hinnakiri\"}]},{\"@type\":\"WebSite\",\"@id\":\"https:\\\/\\\/www.nomme.ee\\\/eakate-paevakeskused\\\/#website\",\"url\":\"https:\\\/\\\/www.nomme.ee\\\/eakate-paevakeskused\\\/\",\"name\":\"P\u00e4evakeskused\",\"description\":\"\",\"potentialAction\":[{\"@type\":\"SearchAction\",\"target\":{\"@type\":\"EntryPoint\",\"urlTemplate\":\"https:\\\/\\\/www.nomme.ee\\\/eakate-paevakeskused\\\/?s={search_term_string}\"},\"query-input\":{\"@type\":\"PropertyValueSpecification\",\"valueRequired\":true,\"valueName\":\"search_term_string\"}}],\"inLanguage\":\"et\"}]}<\/script>\n<!-- \/ Yoast SEO plugin. -->","yoast_head_json":{"title":"Hinnakiri &#8211; P\u00e4evakeskused","robots":{"index":"index","follow":"follow","max-snippet":"max-snippet:-1","max-image-preview":"max-image-preview:large","max-video-preview":"max-video-preview:-1"},"canonical":"https:\/\/www.nomme.ee\/eakate-paevakeskused\/hinnakiri\/","og_locale":"et_EE","og_type":"article","og_title":"Hinnakiri &#8211; P\u00e4evakeskused","og_description":"Osalustasu huvialaringis 1 x n\u00e4dalas \u00a05 EUR \/ kuu Osalustasu huvialaringis 2 x n\u00e4dalas 7 EUR \/ kuu Keraamikaringis ja nutiringis osalemine 1 x n\u00e4dalas 15 EUR \/ kuu Kokandusringis osalemine \u00a0 7 EUR\/kord Klubiline tegevus 2 EUR \/ kuu A4 koopia v\u00f5i v\u00e4ljatr\u00fckk 0,20 EUR \/ tk &nbsp; Tasuda saab koha peal sularahas.","og_url":"https:\/\/www.nomme.ee\/eakate-paevakeskused\/hinnakiri\/","og_site_name":"P\u00e4evakeskused","article_modified_time":"2026-01-21T13:30:50+00:00","twitter_card":"summary_large_image","twitter_misc":{"Est. reading time":"1 minut"},"schema":{"@context":"https:\/\/schema.org","@graph":[{"@type":"WebPage","@id":"https:\/\/www.nomme.ee\/eakate-paevakeskused\/hinnakiri\/","url":"https:\/\/www.nomme.ee\/eakate-paevakeskused\/hinnakiri\/","name":"Hinnakiri &#8211; P\u00e4evakeskused","isPartOf":{"@id":"https:\/\/www.nomme.ee\/eakate-paevakeskused\/#website"},"datePublished":"2021-08-31T04:25:10+00:00","dateModified":"2026-01-21T13:30:50+00:00","breadcrumb":{"@id":"https:\/\/www.nomme.ee\/eakate-paevakeskused\/hinnakiri\/#breadcrumb"},"inLanguage":"et","potentialAction":[{"@type":"ReadAction","target":["https:\/\/www.nomme.ee\/eakate-paevakeskused\/hinnakiri\/"]}]},{"@type":"BreadcrumbList","@id":"https:\/\/www.nomme.ee\/eakate-paevakeskused\/hinnakiri\/#breadcrumb","itemListElement":[{"@type":"ListItem","position":1,"name":"N\u00f5mme Vaba Aja Keskus","item":"https:\/\/www.nomme.ee"},{"@type":"ListItem","position":2,"name":"P\u00e4evakeskused","item":"https:\/\/www.nomme.ee\/eakate-paevakeskused\/"},{"@type":"ListItem","position":3,"name":"Hinnakiri"}]},{"@type":"WebSite","@id":"https:\/\/www.nomme.ee\/eakate-paevakeskused\/#website","url":"https:\/\/www.nomme.ee\/eakate-paevakeskused\/","name":"P\u00e4evakeskused","description":"","potentialAction":[{"@type":"SearchAction","target":{"@type":"EntryPoint","urlTemplate":"https:\/\/www.nomme.ee\/eakate-paevakeskused\/?s={search_term_string}"},"query-input":{"@type":"PropertyValueSpecification","valueRequired":true,"valueName":"search_term_string"}}],"inLanguage":"et"}]}},"_links":{"self":[{"href":"https:\/\/www.nomme.ee\/eakate-paevakeskused\/wp-json\/wp\/v2\/pages\/43","targetHints":{"allow":["GET"]}}],"collection":[{"href":"https:\/\/www.nomme.ee\/eakate-paevakeskused\/wp-json\/wp\/v2\/pages"}],"about":[{"href":"https:\/\/www.nomme.ee\/eakate-paevakeskused\/wp-json\/wp\/v2\/types\/page"}],"author":[{"embeddable":true,"href":"https:\/\/www.nomme.ee\/eakate-paevakeskused\/wp-json\/wp\/v2\/users\/1"}],"replies":[{"embeddable":true,"href":"https:\/\/www.nomme.ee\/eakate-paevakeskused\/wp-json\/wp\/v2\/comments?post=43"}],"version-history":[{"count":24,"href":"https:\/\/www.nomme.ee\/eakate-paevakeskused\/wp-json\/wp\/v2\/pages\/43\/revisions"}],"predecessor-version":[{"id":3515,"href":"https:\/\/www.nomme.ee\/eakate-paevakeskused\/wp-json\/wp\/v2\/pages\/43\/revisions\/3515"}],"wp:attachment":[{"href":"https:\/\/www.nomme.ee\/eakate-paevakeskused\/wp-json\/wp\/v2\/media?parent=43"}],"curies":[{"name":"wp","href":"https:\/\/api.w.org\/{rel}","templated":true}]}}