{"id":47,"date":"2021-08-31T04:55:14","date_gmt":"2021-08-31T04:55:14","guid":{"rendered":"http:\/\/www.nomme.ee\/eakate-paevakeskused\/?page_id=47"},"modified":"2026-05-04T10:26:57","modified_gmt":"2026-05-04T10:26:57","slug":"valdeku-paevakeskuse-tunniplaan","status":"publish","type":"page","link":"https:\/\/www.nomme.ee\/eakate-paevakeskused\/tunniplaanid\/valdeku-paevakeskuse-tunniplaan\/","title":{"rendered":"Valdeku p\u00e4evakeskuse tunniplaan"},"content":{"rendered":"<p><strong>ESMASP\u00c4EV<\/strong><\/p>\n<table style=\"width: 87.4114%;height: 168px\">\n<tbody>\n<tr style=\"height: 24px\">\n<td style=\"width: 18.357%;height: 24px\"><strong>Kell<\/strong><\/td>\n<td style=\"width: 33.9935%;height: 24px\"><strong>Ring<\/strong><\/td>\n<td style=\"width: 30.4559%;height: 24px\"><strong>Juhendaja<\/strong><\/td>\n<td style=\"width: 67.6753%;height: 24px\"><strong>Ruum<\/strong><\/td>\n<\/tr>\n<tr style=\"height: 24px\">\n<td style=\"width: 18.357%;height: 24px\">09.30 &#8211; 10.30<\/td>\n<td style=\"width: 33.9935%;height: 24px\">Tervisev\u00f5imlemine\u00a0 \u00a0 \u00a0 \u00a0 \u00a0 \u00a0 \u00a0 \u00a01. grupp<\/td>\n<td style=\"width: 30.4559%;height: 24px\">Margit Kaares<\/td>\n<td style=\"width: 67.6753%;height: 24px\">Aula<\/td>\n<\/tr>\n<tr style=\"height: 24px\">\n<td style=\"width: 18.357%;height: 24px\">10.30 &#8211; 11.30<\/td>\n<td style=\"width: 33.9935%;height: 24px\">Tervisev\u00f5imlemine\u00a0 \u00a0 \u00a0 \u00a0 \u00a0 \u00a0 \u00a0 \u00a02. grupp<\/td>\n<td style=\"width: 30.4559%;height: 24px\">Margit Kaares<\/td>\n<td style=\"width: 67.6753%;height: 24px\">Aula<\/td>\n<\/tr>\n<tr style=\"height: 24px\">\n<td style=\"width: 18.357%;height: 24px\">12.15 &#8211; 13.15<\/td>\n<td style=\"width: 33.9935%;height: 24px\">V\u00f5imlemine<\/td>\n<td style=\"width: 30.4559%;height: 24px\">Evelin Talts<\/td>\n<td style=\"width: 67.6753%;height: 24px\">Aula<\/td>\n<\/tr>\n<tr style=\"height: 24px\">\n<td style=\"width: 18.357%;height: 24px\">12.00 &#8211; 13.30<\/td>\n<td style=\"width: 33.9935%;height: 24px\">Saksa keel<\/td>\n<td style=\"width: 30.4559%;height: 24px\">Aino Kubja<\/td>\n<td style=\"width: 67.6753%;height: 24px\">Ruum 111<\/td>\n<\/tr>\n<tr>\n<td style=\"width: 18.357%\">12.00 &#8211; 13.00<\/td>\n<td style=\"width: 33.9935%\">Maaliring<\/td>\n<td style=\"width: 30.4559%\">Mall Paris<\/td>\n<td style=\"width: 67.6753%\">Aatrium<\/td>\n<\/tr>\n<tr style=\"height: 24px\">\n<td style=\"width: 18.357%;height: 24px\">14.00 &#8211; 15.30<\/td>\n<td style=\"width: 33.9935%;height: 24px\">Rahvatants N\u00f5mme Kiriv\u00f6\u00f6<\/td>\n<td style=\"width: 30.4559%;height: 24px\">Elena Kalbus<\/td>\n<td style=\"width: 67.6753%;height: 24px\">Aula<\/td>\n<\/tr>\n<\/tbody>\n<\/table>\n<p>&nbsp;<\/p>\n<p><strong>TEISIP\u00c4EV<\/strong><\/p>\n<table style=\"width: 87.7676%;height: 178px\">\n<tbody>\n<tr style=\"height: 24px\">\n<td style=\"width: 18.7627%;height: 24px\"><strong>Kell<\/strong><\/td>\n<td style=\"width: 33.7858%;height: 24px\"><strong>Ring<\/strong><\/td>\n<td style=\"width: 30.299%;height: 24px\"><strong>Juhendaja<\/strong><\/td>\n<td style=\"width: 18.9345%;height: 24px\"><strong>Ruum<\/strong><\/td>\n<\/tr>\n<tr style=\"height: 10px\">\n<td style=\"width: 18.7627%;height: 10px\">10.00 &#8211; 11.30<\/td>\n<td style=\"width: 33.7858%;height: 10px\">Inglise keel<\/td>\n<td style=\"width: 30.299%;height: 10px\">Tiina Pebre<\/td>\n<td style=\"width: 18.9345%;height: 10px\">Ruum 111<\/td>\n<\/tr>\n<tr>\n<td style=\"width: 18.7627%\">11.00-12.30<\/td>\n<td style=\"width: 33.7858%\">Keraamikaring 1. grupp<\/td>\n<td style=\"width: 30.299%\">Piret- Eve K\u00e4ndler<\/td>\n<td style=\"width: 18.9345%\">Kunstit\u00f6\u00f6tuba 002<\/td>\n<\/tr>\n<tr style=\"height: 24px\">\n<td style=\"width: 18.7627%;height: 24px\">11.00 &#8211; 12.30<\/td>\n<td style=\"width: 33.7858%;height: 24px\">N\u00e4itering<\/td>\n<td style=\"width: 30.299%;height: 24px\">Leana Salu<\/td>\n<td style=\"width: 18.9345%;height: 24px\">Aatrium<\/td>\n<\/tr>\n<tr style=\"height: 24px\">\n<td style=\"width: 18.7627%;height: 24px\">12.00 &#8211; 13.00<\/td>\n<td style=\"width: 33.7858%;height: 24px\">\u00a0Jooga<\/td>\n<td style=\"width: 30.299%;height: 24px\">\u00a0Maire Toom<\/td>\n<td style=\"width: 18.9345%;height: 24px\">\u00a0Aula<\/td>\n<\/tr>\n<tr>\n<td style=\"width: 18.7627%\">13.00 &#8211; 14.00<\/td>\n<td style=\"width: 33.7858%;height: 24px\">Nutiring 2. grupp<\/td>\n<td style=\"width: 30.299%;height: 24px\">Jaan Erik Branno<\/td>\n<td style=\"width: 18.9345%;height: 24px\">Ruum 111<\/td>\n<\/tr>\n<tr style=\"height: 24px\">\n<td style=\"width: 18.7627%;height: 24px\">13.00 &#8211; 14.30<\/td>\n<td style=\"width: 33.7858%;height: 24px\" width=\"251\">Lauluansambel\u00a0 Kanarbik<\/td>\n<td style=\"width: 30.299%;height: 24px\">Leana Salu<\/td>\n<td style=\"width: 18.9345%;height: 24px\">Aatrium<\/td>\n<\/tr>\n<tr style=\"height: 24px\">\n<td style=\"width: 18.7627%;height: 24px\">14.00 &#8211; 15.30<\/td>\n<td style=\"width: 33.7858%;height: 24px\">Seltskonnatants<\/td>\n<td style=\"width: 30.299%;height: 24px\">Eino Muruste<\/td>\n<td style=\"width: 18.9345%;height: 24px\">Aula<\/td>\n<\/tr>\n<\/tbody>\n<\/table>\n<p><strong>KOLMAP\u00c4EV<\/strong><\/p>\n<table style=\"width: 87.7075%;height: 120px\">\n<tbody>\n<tr style=\"height: 24px\">\n<td style=\"width: 18.9198%;height: 24px\"><strong>Kell<\/strong><\/td>\n<td style=\"width: 33.7453%;height: 24px\"><strong>Ring<\/strong><\/td>\n<td style=\"width: 29.3883%;height: 24px\"><strong>Juhendaja<\/strong><\/td>\n<td style=\"width: 39.8011%;height: 24px\"><strong>Ruum<\/strong><\/td>\n<\/tr>\n<tr style=\"height: 24px\">\n<td style=\"width: 18.9198%;height: 24px\">10.00 &#8211; 11.00<\/td>\n<td style=\"width: 33.7453%;height: 24px\">\u00a0V\u00f5imlemine<\/td>\n<td style=\"width: 29.3883%;height: 24px\">Margit Kaares<\/td>\n<td style=\"width: 39.8011%;height: 24px\">Aula<\/td>\n<\/tr>\n<tr style=\"height: 24px\">\n<td style=\"width: 18.9198%;height: 24px\">11.00 &#8211; 13.00<\/td>\n<td style=\"width: 33.7453%;height: 24px\">K\u00e4sit\u00f6\u00f6ring<\/td>\n<td style=\"width: 29.3883%;height: 24px\">Sigrid Vahesalu<\/td>\n<td style=\"width: 39.8011%;height: 24px\">Aatrium<\/td>\n<\/tr>\n<tr style=\"height: 24px\">\n<td style=\"width: 18.9198%;height: 24px\">11.00 &#8211; 13.00<\/td>\n<td style=\"width: 33.7453%;height: 24px\">Kokandus 2 x kuus<\/td>\n<td style=\"width: 29.3883%;height: 24px\">Pille Enden<\/td>\n<td style=\"width: 39.8011%;height: 24px\">Puhkeruum<\/td>\n<\/tr>\n<\/tbody>\n<\/table>\n<p><strong>NELJAP\u00c4EV<\/strong><\/p>\n<table style=\"width: 88.0444%;height: 264px\">\n<tbody>\n<tr style=\"height: 24px\">\n<td style=\"width: 17.2299%;height: 24px\"><strong>Kell<\/strong><\/td>\n<td style=\"width: 29.9446%;height: 24px\"><strong>Ring<\/strong><\/td>\n<td style=\"width: 26.5712%;height: 24px\"><strong>Juhendaja<\/strong><\/td>\n<td style=\"width: 15.206%;height: 24px\"><strong>Ruum<\/strong><\/td>\n<\/tr>\n<tr style=\"height: 24px\">\n<td style=\"width: 17.2299%;height: 24px\">09.30 &#8211; 10.30<\/td>\n<td style=\"width: 29.9446%;height: 24px\">Tervisev\u00f5imlemine\u00a0 \u00a0 \u00a0 \u00a0 \u00a0 \u00a0 \u00a01. grupp<\/td>\n<td style=\"width: 26.5712%;height: 24px\">Margit Kaares<\/td>\n<td style=\"width: 15.206%;height: 24px\">Aula<\/td>\n<\/tr>\n<tr style=\"height: 24px\">\n<td style=\"width: 17.2299%;height: 24px\">10.00<\/td>\n<td style=\"width: 29.9446%;height: 24px\">Kangastelgedel kudumine<\/td>\n<td style=\"width: 26.5712%;height: 24px\">Koidu Pajusaar<\/td>\n<td style=\"width: 15.206%;height: 24px\">0 korruse t\u00f6\u00f6tuba<\/td>\n<\/tr>\n<tr style=\"height: 24px\">\n<td style=\"width: 17.2299%;height: 24px\">10.30 &#8211; 11.30<\/td>\n<td style=\"width: 29.9446%;height: 24px\">Tervisev\u00f5imlemine\u00a0 \u00a0 \u00a0 \u00a0 \u00a0 \u00a0 \u00a02. grupp<\/td>\n<td style=\"width: 26.5712%;height: 24px\">Margit Kaares<\/td>\n<td style=\"width: 15.206%;height: 24px\">Aula<\/td>\n<\/tr>\n<tr style=\"height: 24px\">\n<td style=\"width: 17.2299%;height: 24px\">11.00 &#8211; 12.30<\/td>\n<td style=\"width: 29.9446%;height: 24px\">Keraamikaring 2. grupp<\/td>\n<td style=\"width: 26.5712%;height: 24px\">Piret &#8211; Eve K\u00e4ndler<\/td>\n<td style=\"width: 15.206%;height: 24px\">Kunstit\u00f6\u00f6tuba 002<\/td>\n<\/tr>\n<tr style=\"height: 24px\">\n<td style=\"width: 17.2299%;height: 24px\">12.00 &#8211; 13.30<\/td>\n<td style=\"width: 29.9446%;height: 24px\">Inglise keel taasalustajatele<\/td>\n<td style=\"width: 26.5712%;height: 24px\">Valve Unt<\/td>\n<td style=\"width: 15.206%;height: 24px\">Ruum 111<\/td>\n<\/tr>\n<tr style=\"height: 24px\">\n<td style=\"width: 17.2299%;height: 24px\">12.30 &#8211; 13.30<\/td>\n<td style=\"width: 29.9446%;height: 24px\">M\u00e4lutreening 2 korda kuus<\/td>\n<td style=\"width: 26.5712%;height: 24px\">Reet Trei<\/td>\n<td style=\"width: 15.206%;height: 24px\">Puhkeruum<\/td>\n<\/tr>\n<tr style=\"height: 24px\">\n<td style=\"width: 17.2299%;height: 24px\">13.00 &#8211; 14.30<\/td>\n<td style=\"width: 29.9446%;height: 24px\">Lauluansambel Kanarbik<\/td>\n<td style=\"width: 26.5712%;height: 24px\">Leana Salu<\/td>\n<td style=\"width: 15.206%;height: 24px\">Aatrium<\/td>\n<\/tr>\n<tr style=\"height: 24px\">\n<td style=\"width: 17.2299%;height: 24px\">13.30 &#8211; 15.30<\/td>\n<td style=\"width: 29.9446%;height: 24px\">N\u00f5mme akordioniklubi<\/td>\n<td style=\"width: 26.5712%;height: 24px\">Tiina Selke<\/td>\n<td style=\"width: 15.206%;height: 24px\">Puhkeruum<\/td>\n<\/tr>\n<tr style=\"height: 24px\">\n<td style=\"width: 17.2299%;height: 24px\">15.30 &#8211; 16.30<\/td>\n<td style=\"width: 29.9446%;height: 24px\">Nutiring 1. grupp<\/td>\n<td style=\"width: 26.5712%;height: 24px\">Jaan Erik Branno<\/td>\n<td style=\"width: 15.206%;height: 24px\">Ruum 111<\/td>\n<\/tr>\n<\/tbody>\n<\/table>\n<p><strong>REEDE<\/strong><\/p>\n<table style=\"width: 88.1682%;height: 72px\">\n<tbody>\n<tr style=\"height: 24px\">\n<td style=\"width: 19.0696%;height: 24px\"><strong>Kell<\/strong><\/td>\n<td style=\"width: 34.2538%;height: 24px\"><strong>Ring<\/strong><\/td>\n<td style=\"width: 29.6954%;height: 24px\"><strong>Juhendaja<\/strong><\/td>\n<td style=\"width: 39.5516%;height: 24px\"><strong>Ruum<\/strong><\/td>\n<\/tr>\n<tr style=\"height: 24px\">\n<td style=\"width: 19.0696%;height: 24px\">11.00 &#8211; 12.30<\/td>\n<td style=\"width: 34.2538%;height: 24px\">Rahvatants N\u00f5mme Kiriv\u00f6\u00f6<\/td>\n<td style=\"width: 29.6954%;height: 24px\">Elena Kalbus<\/td>\n<td style=\"width: 39.5516%;height: 24px\">Aula<\/td>\n<\/tr>\n<\/tbody>\n<\/table>\n","protected":false},"excerpt":{"rendered":"<p>ESMASP\u00c4EV Kell Ring Juhendaja Ruum 09.30 &#8211; 10.30 Tervisev\u00f5imlemine\u00a0 \u00a0 \u00a0 \u00a0 \u00a0 \u00a0 \u00a0 \u00a01. grupp Margit Kaares Aula 10.30 &#8211; 11.30 Tervisev\u00f5imlemine\u00a0 \u00a0 \u00a0 \u00a0 \u00a0 \u00a0 \u00a0 \u00a02. grupp Margit Kaares Aula 12.15 &#8211; 13.15 V\u00f5imlemine Evelin Talts Aula 12.00 &#8211; 13.30 Saksa keel Aino Kubja Ruum 111 12.00 &#8211; 13.00 Maaliring [&hellip;]<\/p>\n","protected":false},"author":1,"featured_media":0,"parent":41,"menu_order":0,"comment_status":"closed","ping_status":"closed","template":"","meta":{"_acf_changed":false,"footnotes":""},"class_list":["post-47","page","type-page","status-publish","hentry"],"acf":[],"yoast_head":"<!-- This site is optimized with the Yoast SEO plugin v27.5 - https:\/\/yoast.com\/product\/yoast-seo-wordpress\/ -->\n<title>Valdeku p\u00e4evakeskuse tunniplaan &#8211; P\u00e4evakeskused<\/title>\n<meta name=\"robots\" content=\"index, follow, max-snippet:-1, max-image-preview:large, max-video-preview:-1\" \/>\n<link rel=\"canonical\" href=\"https:\/\/www.nomme.ee\/eakate-paevakeskused\/tunniplaanid\/valdeku-paevakeskuse-tunniplaan\/\" \/>\n<meta property=\"og:locale\" content=\"et_EE\" \/>\n<meta property=\"og:type\" content=\"article\" \/>\n<meta property=\"og:title\" content=\"Valdeku p\u00e4evakeskuse tunniplaan &#8211; P\u00e4evakeskused\" \/>\n<meta property=\"og:description\" content=\"ESMASP\u00c4EV Kell Ring Juhendaja Ruum 09.30 &#8211; 10.30 Tervisev\u00f5imlemine\u00a0 \u00a0 \u00a0 \u00a0 \u00a0 \u00a0 \u00a0 \u00a01. grupp Margit Kaares Aula 10.30 &#8211; 11.30 Tervisev\u00f5imlemine\u00a0 \u00a0 \u00a0 \u00a0 \u00a0 \u00a0 \u00a0 \u00a02. grupp Margit Kaares Aula 12.15 &#8211; 13.15 V\u00f5imlemine Evelin Talts Aula 12.00 &#8211; 13.30 Saksa keel Aino Kubja Ruum 111 12.00 &#8211; 13.00 Maaliring [&hellip;]\" \/>\n<meta property=\"og:url\" content=\"https:\/\/www.nomme.ee\/eakate-paevakeskused\/tunniplaanid\/valdeku-paevakeskuse-tunniplaan\/\" \/>\n<meta property=\"og:site_name\" content=\"P\u00e4evakeskused\" \/>\n<meta property=\"article:modified_time\" content=\"2026-05-04T10:26:57+00:00\" \/>\n<meta name=\"twitter:card\" content=\"summary_large_image\" \/>\n<meta name=\"twitter:label1\" content=\"Est. reading time\" \/>\n\t<meta name=\"twitter:data1\" content=\"2 minutit\" \/>\n<script type=\"application\/ld+json\" class=\"yoast-schema-graph\">{\"@context\":\"https:\\\/\\\/schema.org\",\"@graph\":[{\"@type\":\"WebPage\",\"@id\":\"https:\\\/\\\/www.nomme.ee\\\/eakate-paevakeskused\\\/tunniplaanid\\\/valdeku-paevakeskuse-tunniplaan\\\/\",\"url\":\"https:\\\/\\\/www.nomme.ee\\\/eakate-paevakeskused\\\/tunniplaanid\\\/valdeku-paevakeskuse-tunniplaan\\\/\",\"name\":\"Valdeku p\u00e4evakeskuse tunniplaan &#8211; P\u00e4evakeskused\",\"isPartOf\":{\"@id\":\"https:\\\/\\\/www.nomme.ee\\\/eakate-paevakeskused\\\/#website\"},\"datePublished\":\"2021-08-31T04:55:14+00:00\",\"dateModified\":\"2026-05-04T10:26:57+00:00\",\"breadcrumb\":{\"@id\":\"https:\\\/\\\/www.nomme.ee\\\/eakate-paevakeskused\\\/tunniplaanid\\\/valdeku-paevakeskuse-tunniplaan\\\/#breadcrumb\"},\"inLanguage\":\"et\",\"potentialAction\":[{\"@type\":\"ReadAction\",\"target\":[\"https:\\\/\\\/www.nomme.ee\\\/eakate-paevakeskused\\\/tunniplaanid\\\/valdeku-paevakeskuse-tunniplaan\\\/\"]}]},{\"@type\":\"BreadcrumbList\",\"@id\":\"https:\\\/\\\/www.nomme.ee\\\/eakate-paevakeskused\\\/tunniplaanid\\\/valdeku-paevakeskuse-tunniplaan\\\/#breadcrumb\",\"itemListElement\":[{\"@type\":\"ListItem\",\"position\":1,\"name\":\"N\u00f5mme Vaba Aja Keskus\",\"item\":\"https:\\\/\\\/www.nomme.ee\"},{\"@type\":\"ListItem\",\"position\":2,\"name\":\"P\u00e4evakeskused\",\"item\":\"https:\\\/\\\/www.nomme.ee\\\/eakate-paevakeskused\\\/\"},{\"@type\":\"ListItem\",\"position\":3,\"name\":\"Tunniplaanid\",\"item\":\"https:\\\/\\\/www.nomme.ee\\\/eakate-paevakeskused\\\/tunniplaanid\\\/\"},{\"@type\":\"ListItem\",\"position\":4,\"name\":\"Valdeku p\u00e4evakeskuse tunniplaan\"}]},{\"@type\":\"WebSite\",\"@id\":\"https:\\\/\\\/www.nomme.ee\\\/eakate-paevakeskused\\\/#website\",\"url\":\"https:\\\/\\\/www.nomme.ee\\\/eakate-paevakeskused\\\/\",\"name\":\"P\u00e4evakeskused\",\"description\":\"\",\"potentialAction\":[{\"@type\":\"SearchAction\",\"target\":{\"@type\":\"EntryPoint\",\"urlTemplate\":\"https:\\\/\\\/www.nomme.ee\\\/eakate-paevakeskused\\\/?s={search_term_string}\"},\"query-input\":{\"@type\":\"PropertyValueSpecification\",\"valueRequired\":true,\"valueName\":\"search_term_string\"}}],\"inLanguage\":\"et\"}]}<\/script>\n<!-- \/ Yoast SEO plugin. -->","yoast_head_json":{"title":"Valdeku p\u00e4evakeskuse tunniplaan &#8211; P\u00e4evakeskused","robots":{"index":"index","follow":"follow","max-snippet":"max-snippet:-1","max-image-preview":"max-image-preview:large","max-video-preview":"max-video-preview:-1"},"canonical":"https:\/\/www.nomme.ee\/eakate-paevakeskused\/tunniplaanid\/valdeku-paevakeskuse-tunniplaan\/","og_locale":"et_EE","og_type":"article","og_title":"Valdeku p\u00e4evakeskuse tunniplaan &#8211; P\u00e4evakeskused","og_description":"ESMASP\u00c4EV Kell Ring Juhendaja Ruum 09.30 &#8211; 10.30 Tervisev\u00f5imlemine\u00a0 \u00a0 \u00a0 \u00a0 \u00a0 \u00a0 \u00a0 \u00a01. grupp Margit Kaares Aula 10.30 &#8211; 11.30 Tervisev\u00f5imlemine\u00a0 \u00a0 \u00a0 \u00a0 \u00a0 \u00a0 \u00a0 \u00a02. grupp Margit Kaares Aula 12.15 &#8211; 13.15 V\u00f5imlemine Evelin Talts Aula 12.00 &#8211; 13.30 Saksa keel Aino Kubja Ruum 111 12.00 &#8211; 13.00 Maaliring [&hellip;]","og_url":"https:\/\/www.nomme.ee\/eakate-paevakeskused\/tunniplaanid\/valdeku-paevakeskuse-tunniplaan\/","og_site_name":"P\u00e4evakeskused","article_modified_time":"2026-05-04T10:26:57+00:00","twitter_card":"summary_large_image","twitter_misc":{"Est. reading time":"2 minutit"},"schema":{"@context":"https:\/\/schema.org","@graph":[{"@type":"WebPage","@id":"https:\/\/www.nomme.ee\/eakate-paevakeskused\/tunniplaanid\/valdeku-paevakeskuse-tunniplaan\/","url":"https:\/\/www.nomme.ee\/eakate-paevakeskused\/tunniplaanid\/valdeku-paevakeskuse-tunniplaan\/","name":"Valdeku p\u00e4evakeskuse tunniplaan &#8211; P\u00e4evakeskused","isPartOf":{"@id":"https:\/\/www.nomme.ee\/eakate-paevakeskused\/#website"},"datePublished":"2021-08-31T04:55:14+00:00","dateModified":"2026-05-04T10:26:57+00:00","breadcrumb":{"@id":"https:\/\/www.nomme.ee\/eakate-paevakeskused\/tunniplaanid\/valdeku-paevakeskuse-tunniplaan\/#breadcrumb"},"inLanguage":"et","potentialAction":[{"@type":"ReadAction","target":["https:\/\/www.nomme.ee\/eakate-paevakeskused\/tunniplaanid\/valdeku-paevakeskuse-tunniplaan\/"]}]},{"@type":"BreadcrumbList","@id":"https:\/\/www.nomme.ee\/eakate-paevakeskused\/tunniplaanid\/valdeku-paevakeskuse-tunniplaan\/#breadcrumb","itemListElement":[{"@type":"ListItem","position":1,"name":"N\u00f5mme Vaba Aja Keskus","item":"https:\/\/www.nomme.ee"},{"@type":"ListItem","position":2,"name":"P\u00e4evakeskused","item":"https:\/\/www.nomme.ee\/eakate-paevakeskused\/"},{"@type":"ListItem","position":3,"name":"Tunniplaanid","item":"https:\/\/www.nomme.ee\/eakate-paevakeskused\/tunniplaanid\/"},{"@type":"ListItem","position":4,"name":"Valdeku p\u00e4evakeskuse tunniplaan"}]},{"@type":"WebSite","@id":"https:\/\/www.nomme.ee\/eakate-paevakeskused\/#website","url":"https:\/\/www.nomme.ee\/eakate-paevakeskused\/","name":"P\u00e4evakeskused","description":"","potentialAction":[{"@type":"SearchAction","target":{"@type":"EntryPoint","urlTemplate":"https:\/\/www.nomme.ee\/eakate-paevakeskused\/?s={search_term_string}"},"query-input":{"@type":"PropertyValueSpecification","valueRequired":true,"valueName":"search_term_string"}}],"inLanguage":"et"}]}},"_links":{"self":[{"href":"https:\/\/www.nomme.ee\/eakate-paevakeskused\/wp-json\/wp\/v2\/pages\/47","targetHints":{"allow":["GET"]}}],"collection":[{"href":"https:\/\/www.nomme.ee\/eakate-paevakeskused\/wp-json\/wp\/v2\/pages"}],"about":[{"href":"https:\/\/www.nomme.ee\/eakate-paevakeskused\/wp-json\/wp\/v2\/types\/page"}],"author":[{"embeddable":true,"href":"https:\/\/www.nomme.ee\/eakate-paevakeskused\/wp-json\/wp\/v2\/users\/1"}],"replies":[{"embeddable":true,"href":"https:\/\/www.nomme.ee\/eakate-paevakeskused\/wp-json\/wp\/v2\/comments?post=47"}],"version-history":[{"count":171,"href":"https:\/\/www.nomme.ee\/eakate-paevakeskused\/wp-json\/wp\/v2\/pages\/47\/revisions"}],"predecessor-version":[{"id":3770,"href":"https:\/\/www.nomme.ee\/eakate-paevakeskused\/wp-json\/wp\/v2\/pages\/47\/revisions\/3770"}],"up":[{"embeddable":true,"href":"https:\/\/www.nomme.ee\/eakate-paevakeskused\/wp-json\/wp\/v2\/pages\/41"}],"wp:attachment":[{"href":"https:\/\/www.nomme.ee\/eakate-paevakeskused\/wp-json\/wp\/v2\/media?parent=47"}],"curies":[{"name":"wp","href":"https:\/\/api.w.org\/{rel}","templated":true}]}}