{"id":53,"date":"2021-08-31T05:12:08","date_gmt":"2021-08-31T05:12:08","guid":{"rendered":"http:\/\/www.nomme.ee\/eakate-paevakeskused\/?page_id=53"},"modified":"2026-03-04T12:11:38","modified_gmt":"2026-03-04T12:11:38","slug":"paaskula-paevakeskuse-tunniplaan","status":"publish","type":"page","link":"https:\/\/www.nomme.ee\/eakate-paevakeskused\/tunniplaanid\/paaskula-paevakeskuse-tunniplaan\/","title":{"rendered":"P\u00e4\u00e4sk\u00fcla p\u00e4evakeskuse tunniplaan"},"content":{"rendered":"<p><strong>ESMASP\u00c4EV<\/strong><\/p>\n<table style=\"width: 70.4796%;height: 169px\">\n<tbody>\n<tr style=\"height: 25px\">\n<td style=\"width: 16.6593%;height: 25px\"><strong>Kell<\/strong><\/td>\n<td style=\"width: 41.5397%;height: 25px\"><strong>Ring<\/strong><\/td>\n<td style=\"width: 40.1085%;height: 25px\"><strong>Juhendaja<\/strong><\/td>\n<\/tr>\n<tr style=\"height: 24px\">\n<td style=\"width: 16.6593%;height: 24px\">9.30-10.30<\/td>\n<td style=\"width: 41.5397%;height: 24px\">Tervisetrenn<\/td>\n<td style=\"width: 40.1085%;height: 24px\">Madli Olem<\/td>\n<\/tr>\n<tr style=\"height: 48px\">\n<td style=\"width: 16.6593%;height: 48px\">10.00-12.00<\/td>\n<td style=\"width: 41.5397%;height: 48px\">Maaliring<\/td>\n<td style=\"width: 40.1085%;height: 48px\"><\/td>\n<\/tr>\n<tr style=\"height: 24px\">\n<td style=\"width: 16.6593%;height: 24px\">11.00-12.00<\/td>\n<td style=\"width: 41.5397%;height: 24px\">Tervisev\u00f5imlemine\u00a0 I<\/td>\n<td style=\"width: 40.1085%;height: 24px\">Anu Sillaots<\/td>\n<\/tr>\n<tr style=\"height: 24px\">\n<td style=\"width: 16.6593%;height: 24px\">13.00-14.00<\/td>\n<td style=\"width: 41.5397%;height: 24px\">Tervisev\u00f5imlemine\u00a0 II<\/td>\n<td style=\"width: 40.1085%;height: 24px\">Anu Sillaots<\/td>\n<\/tr>\n<tr style=\"height: 24px\">\n<td style=\"width: 16.6593%;height: 24px\">12.30-14.30<\/td>\n<td style=\"width: 41.5397%;height: 24px\">K\u00e4sit\u00f6\u00f6ring Vanast uus<\/td>\n<td style=\"width: 40.1085%;height: 24px\">Ilona Tamm<\/td>\n<\/tr>\n<\/tbody>\n<\/table>\n<p><strong>TEISIP\u00c4EV<\/strong><\/p>\n<table style=\"width: 70.9379%;height: 72px\">\n<tbody>\n<tr style=\"height: 24px\">\n<td style=\"width: 16.5037%;height: 24px\"><strong>Kell<\/strong><\/td>\n<td style=\"width: 34.061%;height: 24px\"><strong>\u00a0<\/strong><\/td>\n<td style=\"width: 35.5281%;height: 24px\"><strong>\u00a0Juhendaja<\/strong><\/td>\n<\/tr>\n<tr style=\"height: 24px\">\n<td style=\"width: 16.5037%;height: 24px\">10.00-11.00<\/td>\n<td style=\"width: 34.061%;height: 24px\">Nutiring<\/td>\n<td style=\"width: 35.5281%;height: 24px\">Jaan-Erik Branno<\/td>\n<\/tr>\n<tr style=\"height: 24px\">\n<td style=\"width: 16.5037%;height: 24px\">12.00-13.30<\/td>\n<td style=\"width: 34.061%;height: 24px\">Jaama kohviklubi<\/td>\n<td style=\"width: 35.5281%;height: 24px\"><\/td>\n<\/tr>\n<\/tbody>\n<\/table>\n<p><strong>KOLMAP\u00c4EV<\/strong><\/p>\n<table style=\"width: 70.949%;height: 96px\">\n<tbody>\n<tr style=\"height: 24px\">\n<td style=\"width: 17.0827%;height: 24px\"><strong>Kell<\/strong><\/td>\n<td style=\"width: 41.3052%;height: 24px\"><strong>Ring<\/strong><\/td>\n<td style=\"width: 63.0676%;height: 24px\"><strong>Juhendaja<\/strong><\/td>\n<\/tr>\n<tr style=\"height: 24px\">\n<td style=\"width: 17.0827%;height: 24px\">10.00-11.00<\/td>\n<td style=\"width: 41.3052%;height: 24px\">Tervisetrenn<\/td>\n<td style=\"width: 63.0676%;height: 24px\">Madli Olem<\/td>\n<\/tr>\n<tr style=\"height: 24px\">\n<td style=\"width: 17.0827%;height: 24px\">11.30-13.30<\/td>\n<td style=\"width: 41.3052%;height: 24px\"><strong>UUS K\u00e4sit\u00f6\u00f6ring<\/strong><\/td>\n<td style=\"width: 63.0676%;height: 24px\">Eve Laas<\/td>\n<\/tr>\n<\/tbody>\n<\/table>\n<p><strong>NELJAP\u00c4EV<\/strong><\/p>\n<table style=\"width: 71.0239%;height: 59px\">\n<tbody>\n<tr style=\"height: 24px\">\n<td style=\"width: 16.2134%;height: 24px\"><strong>Kell<\/strong><\/td>\n<td style=\"width: 42.4617%;height: 24px\"><strong>Ring<\/strong><\/td>\n<td style=\"width: 112.225%;height: 24px\"><strong>Juhendaja<\/strong><\/td>\n<\/tr>\n<tr style=\"height: 24px\">\n<td style=\"width: 16.2134%;height: 25px\">10.00-12.00<\/td>\n<td style=\"width: 42.4617%;height: 25px\">Kepik\u00f5nd<\/td>\n<td style=\"width: 112.225%;height: 25px\">Tiina Kuusik<\/td>\n<\/tr>\n<tr style=\"height: 10px\">\n<td style=\"width: 16.2134%;height: 10px\">10.00-15.00<\/td>\n<td style=\"width: 42.4617%;height: 10px\">Brid\u017eiklubi<\/td>\n<td style=\"width: 112.225%;height: 10px\"><\/td>\n<\/tr>\n<\/tbody>\n<\/table>\n<p><strong>REEDE<\/strong><\/p>\n<table style=\"width: 71.3212%;height: 96px\">\n<tbody>\n<tr style=\"height: 24px\">\n<td style=\"width: 16.5657%;height: 24px\"><strong>Kell<\/strong><\/td>\n<td style=\"width: 41.9193%;height: 24px\"><strong>Ring<\/strong><\/td>\n<td style=\"width: 75.4902%;height: 24px\"><strong>Juhendaja<\/strong><\/td>\n<\/tr>\n<tr style=\"height: 24px\">\n<td style=\"width: 16.5657%;height: 24px\">10.00-12.00<\/td>\n<td style=\"width: 41.9193%;height: 24px\">Maleklubi<\/td>\n<td style=\"width: 75.4902%;height: 24px\"><\/td>\n<\/tr>\n<tr style=\"height: 24px\">\n<td style=\"width: 16.5657%;height: 24px\">10.00-11.00<\/td>\n<td style=\"width: 41.9193%;height: 24px\">Tervisev\u00f5imlemine\u00a0 I<\/td>\n<td style=\"width: 75.4902%;height: 24px\">Anu Sillaots<\/td>\n<\/tr>\n<tr style=\"height: 24px\">\n<td style=\"width: 16.5657%;height: 24px\">12.00-13.00<\/td>\n<td style=\"width: 41.9193%;height: 24px\">Tervisev\u00f5imlemine\u00a0 II<\/td>\n<td style=\"width: 75.4902%;height: 24px\">Anu Sillaots<\/td>\n<\/tr>\n<\/tbody>\n<\/table>\n<p><strong>LAUP\u00c4EV<\/strong><\/p>\n<table style=\"border-collapse: collapse;width: 71.5724%\">\n<tbody>\n<tr>\n<td style=\"width: 12.5329%\"><strong>Kell<\/strong><\/td>\n<td style=\"width: 29.4056%\"><strong>Ring<\/strong><\/td>\n<td style=\"width: 29.5778%\"><strong>Juhendaja<\/strong><\/td>\n<\/tr>\n<tr>\n<td style=\"width: 12.5329%\">10.00-12.00<\/td>\n<td style=\"width: 29.4056%\">Kepik\u00f5nd<\/td>\n<td style=\"width: 29.5778%\">Tiina Kuusik<\/td>\n<\/tr>\n<\/tbody>\n<\/table>\n","protected":false},"excerpt":{"rendered":"<p>ESMASP\u00c4EV Kell Ring Juhendaja 9.30-10.30 Tervisetrenn Madli Olem 10.00-12.00 Maaliring 11.00-12.00 Tervisev\u00f5imlemine\u00a0 I Anu Sillaots 13.00-14.00 Tervisev\u00f5imlemine\u00a0 II Anu Sillaots 12.30-14.30 K\u00e4sit\u00f6\u00f6ring Vanast uus Ilona Tamm TEISIP\u00c4EV Kell \u00a0 \u00a0Juhendaja 10.00-11.00 Nutiring Jaan-Erik Branno 12.00-13.30 Jaama kohviklubi KOLMAP\u00c4EV Kell Ring Juhendaja 10.00-11.00 Tervisetrenn Madli Olem 11.30-13.30 UUS K\u00e4sit\u00f6\u00f6ring Eve Laas NELJAP\u00c4EV Kell Ring Juhendaja 10.00-12.00 [&hellip;]<\/p>\n","protected":false},"author":1,"featured_media":0,"parent":41,"menu_order":0,"comment_status":"closed","ping_status":"closed","template":"","meta":{"_acf_changed":false,"footnotes":""},"class_list":["post-53","page","type-page","status-publish","hentry"],"acf":[],"yoast_head":"<!-- This site is optimized with the Yoast SEO plugin v27.5 - https:\/\/yoast.com\/product\/yoast-seo-wordpress\/ -->\n<title>P\u00e4\u00e4sk\u00fcla p\u00e4evakeskuse tunniplaan &#8211; P\u00e4evakeskused<\/title>\n<meta name=\"robots\" content=\"index, follow, max-snippet:-1, max-image-preview:large, max-video-preview:-1\" \/>\n<link rel=\"canonical\" href=\"https:\/\/www.nomme.ee\/eakate-paevakeskused\/tunniplaanid\/paaskula-paevakeskuse-tunniplaan\/\" \/>\n<meta property=\"og:locale\" content=\"et_EE\" \/>\n<meta property=\"og:type\" content=\"article\" \/>\n<meta property=\"og:title\" content=\"P\u00e4\u00e4sk\u00fcla p\u00e4evakeskuse tunniplaan &#8211; P\u00e4evakeskused\" \/>\n<meta property=\"og:description\" content=\"ESMASP\u00c4EV Kell Ring Juhendaja 9.30-10.30 Tervisetrenn Madli Olem 10.00-12.00 Maaliring 11.00-12.00 Tervisev\u00f5imlemine\u00a0 I Anu Sillaots 13.00-14.00 Tervisev\u00f5imlemine\u00a0 II Anu Sillaots 12.30-14.30 K\u00e4sit\u00f6\u00f6ring Vanast uus Ilona Tamm TEISIP\u00c4EV Kell \u00a0 \u00a0Juhendaja 10.00-11.00 Nutiring Jaan-Erik Branno 12.00-13.30 Jaama kohviklubi KOLMAP\u00c4EV Kell Ring Juhendaja 10.00-11.00 Tervisetrenn Madli Olem 11.30-13.30 UUS K\u00e4sit\u00f6\u00f6ring Eve Laas NELJAP\u00c4EV Kell Ring Juhendaja 10.00-12.00 [&hellip;]\" \/>\n<meta property=\"og:url\" content=\"https:\/\/www.nomme.ee\/eakate-paevakeskused\/tunniplaanid\/paaskula-paevakeskuse-tunniplaan\/\" \/>\n<meta property=\"og:site_name\" content=\"P\u00e4evakeskused\" \/>\n<meta property=\"article:modified_time\" content=\"2026-03-04T12:11:38+00:00\" \/>\n<meta name=\"twitter:card\" content=\"summary_large_image\" \/>\n<meta name=\"twitter:label1\" content=\"Est. reading time\" \/>\n\t<meta name=\"twitter:data1\" content=\"1 minut\" \/>\n<script type=\"application\/ld+json\" class=\"yoast-schema-graph\">{\"@context\":\"https:\\\/\\\/schema.org\",\"@graph\":[{\"@type\":\"WebPage\",\"@id\":\"https:\\\/\\\/www.nomme.ee\\\/eakate-paevakeskused\\\/tunniplaanid\\\/paaskula-paevakeskuse-tunniplaan\\\/\",\"url\":\"https:\\\/\\\/www.nomme.ee\\\/eakate-paevakeskused\\\/tunniplaanid\\\/paaskula-paevakeskuse-tunniplaan\\\/\",\"name\":\"P\u00e4\u00e4sk\u00fcla p\u00e4evakeskuse tunniplaan &#8211; P\u00e4evakeskused\",\"isPartOf\":{\"@id\":\"https:\\\/\\\/www.nomme.ee\\\/eakate-paevakeskused\\\/#website\"},\"datePublished\":\"2021-08-31T05:12:08+00:00\",\"dateModified\":\"2026-03-04T12:11:38+00:00\",\"breadcrumb\":{\"@id\":\"https:\\\/\\\/www.nomme.ee\\\/eakate-paevakeskused\\\/tunniplaanid\\\/paaskula-paevakeskuse-tunniplaan\\\/#breadcrumb\"},\"inLanguage\":\"et\",\"potentialAction\":[{\"@type\":\"ReadAction\",\"target\":[\"https:\\\/\\\/www.nomme.ee\\\/eakate-paevakeskused\\\/tunniplaanid\\\/paaskula-paevakeskuse-tunniplaan\\\/\"]}]},{\"@type\":\"BreadcrumbList\",\"@id\":\"https:\\\/\\\/www.nomme.ee\\\/eakate-paevakeskused\\\/tunniplaanid\\\/paaskula-paevakeskuse-tunniplaan\\\/#breadcrumb\",\"itemListElement\":[{\"@type\":\"ListItem\",\"position\":1,\"name\":\"N\u00f5mme Vaba Aja Keskus\",\"item\":\"https:\\\/\\\/www.nomme.ee\"},{\"@type\":\"ListItem\",\"position\":2,\"name\":\"P\u00e4evakeskused\",\"item\":\"https:\\\/\\\/www.nomme.ee\\\/eakate-paevakeskused\\\/\"},{\"@type\":\"ListItem\",\"position\":3,\"name\":\"Tunniplaanid\",\"item\":\"https:\\\/\\\/www.nomme.ee\\\/eakate-paevakeskused\\\/tunniplaanid\\\/\"},{\"@type\":\"ListItem\",\"position\":4,\"name\":\"P\u00e4\u00e4sk\u00fcla p\u00e4evakeskuse tunniplaan\"}]},{\"@type\":\"WebSite\",\"@id\":\"https:\\\/\\\/www.nomme.ee\\\/eakate-paevakeskused\\\/#website\",\"url\":\"https:\\\/\\\/www.nomme.ee\\\/eakate-paevakeskused\\\/\",\"name\":\"P\u00e4evakeskused\",\"description\":\"\",\"potentialAction\":[{\"@type\":\"SearchAction\",\"target\":{\"@type\":\"EntryPoint\",\"urlTemplate\":\"https:\\\/\\\/www.nomme.ee\\\/eakate-paevakeskused\\\/?s={search_term_string}\"},\"query-input\":{\"@type\":\"PropertyValueSpecification\",\"valueRequired\":true,\"valueName\":\"search_term_string\"}}],\"inLanguage\":\"et\"}]}<\/script>\n<!-- \/ Yoast SEO plugin. -->","yoast_head_json":{"title":"P\u00e4\u00e4sk\u00fcla p\u00e4evakeskuse tunniplaan &#8211; P\u00e4evakeskused","robots":{"index":"index","follow":"follow","max-snippet":"max-snippet:-1","max-image-preview":"max-image-preview:large","max-video-preview":"max-video-preview:-1"},"canonical":"https:\/\/www.nomme.ee\/eakate-paevakeskused\/tunniplaanid\/paaskula-paevakeskuse-tunniplaan\/","og_locale":"et_EE","og_type":"article","og_title":"P\u00e4\u00e4sk\u00fcla p\u00e4evakeskuse tunniplaan &#8211; P\u00e4evakeskused","og_description":"ESMASP\u00c4EV Kell Ring Juhendaja 9.30-10.30 Tervisetrenn Madli Olem 10.00-12.00 Maaliring 11.00-12.00 Tervisev\u00f5imlemine\u00a0 I Anu Sillaots 13.00-14.00 Tervisev\u00f5imlemine\u00a0 II Anu Sillaots 12.30-14.30 K\u00e4sit\u00f6\u00f6ring Vanast uus Ilona Tamm TEISIP\u00c4EV Kell \u00a0 \u00a0Juhendaja 10.00-11.00 Nutiring Jaan-Erik Branno 12.00-13.30 Jaama kohviklubi KOLMAP\u00c4EV Kell Ring Juhendaja 10.00-11.00 Tervisetrenn Madli Olem 11.30-13.30 UUS K\u00e4sit\u00f6\u00f6ring Eve Laas NELJAP\u00c4EV Kell Ring Juhendaja 10.00-12.00 [&hellip;]","og_url":"https:\/\/www.nomme.ee\/eakate-paevakeskused\/tunniplaanid\/paaskula-paevakeskuse-tunniplaan\/","og_site_name":"P\u00e4evakeskused","article_modified_time":"2026-03-04T12:11:38+00:00","twitter_card":"summary_large_image","twitter_misc":{"Est. reading time":"1 minut"},"schema":{"@context":"https:\/\/schema.org","@graph":[{"@type":"WebPage","@id":"https:\/\/www.nomme.ee\/eakate-paevakeskused\/tunniplaanid\/paaskula-paevakeskuse-tunniplaan\/","url":"https:\/\/www.nomme.ee\/eakate-paevakeskused\/tunniplaanid\/paaskula-paevakeskuse-tunniplaan\/","name":"P\u00e4\u00e4sk\u00fcla p\u00e4evakeskuse tunniplaan &#8211; P\u00e4evakeskused","isPartOf":{"@id":"https:\/\/www.nomme.ee\/eakate-paevakeskused\/#website"},"datePublished":"2021-08-31T05:12:08+00:00","dateModified":"2026-03-04T12:11:38+00:00","breadcrumb":{"@id":"https:\/\/www.nomme.ee\/eakate-paevakeskused\/tunniplaanid\/paaskula-paevakeskuse-tunniplaan\/#breadcrumb"},"inLanguage":"et","potentialAction":[{"@type":"ReadAction","target":["https:\/\/www.nomme.ee\/eakate-paevakeskused\/tunniplaanid\/paaskula-paevakeskuse-tunniplaan\/"]}]},{"@type":"BreadcrumbList","@id":"https:\/\/www.nomme.ee\/eakate-paevakeskused\/tunniplaanid\/paaskula-paevakeskuse-tunniplaan\/#breadcrumb","itemListElement":[{"@type":"ListItem","position":1,"name":"N\u00f5mme Vaba Aja Keskus","item":"https:\/\/www.nomme.ee"},{"@type":"ListItem","position":2,"name":"P\u00e4evakeskused","item":"https:\/\/www.nomme.ee\/eakate-paevakeskused\/"},{"@type":"ListItem","position":3,"name":"Tunniplaanid","item":"https:\/\/www.nomme.ee\/eakate-paevakeskused\/tunniplaanid\/"},{"@type":"ListItem","position":4,"name":"P\u00e4\u00e4sk\u00fcla p\u00e4evakeskuse tunniplaan"}]},{"@type":"WebSite","@id":"https:\/\/www.nomme.ee\/eakate-paevakeskused\/#website","url":"https:\/\/www.nomme.ee\/eakate-paevakeskused\/","name":"P\u00e4evakeskused","description":"","potentialAction":[{"@type":"SearchAction","target":{"@type":"EntryPoint","urlTemplate":"https:\/\/www.nomme.ee\/eakate-paevakeskused\/?s={search_term_string}"},"query-input":{"@type":"PropertyValueSpecification","valueRequired":true,"valueName":"search_term_string"}}],"inLanguage":"et"}]}},"_links":{"self":[{"href":"https:\/\/www.nomme.ee\/eakate-paevakeskused\/wp-json\/wp\/v2\/pages\/53","targetHints":{"allow":["GET"]}}],"collection":[{"href":"https:\/\/www.nomme.ee\/eakate-paevakeskused\/wp-json\/wp\/v2\/pages"}],"about":[{"href":"https:\/\/www.nomme.ee\/eakate-paevakeskused\/wp-json\/wp\/v2\/types\/page"}],"author":[{"embeddable":true,"href":"https:\/\/www.nomme.ee\/eakate-paevakeskused\/wp-json\/wp\/v2\/users\/1"}],"replies":[{"embeddable":true,"href":"https:\/\/www.nomme.ee\/eakate-paevakeskused\/wp-json\/wp\/v2\/comments?post=53"}],"version-history":[{"count":87,"href":"https:\/\/www.nomme.ee\/eakate-paevakeskused\/wp-json\/wp\/v2\/pages\/53\/revisions"}],"predecessor-version":[{"id":3656,"href":"https:\/\/www.nomme.ee\/eakate-paevakeskused\/wp-json\/wp\/v2\/pages\/53\/revisions\/3656"}],"up":[{"embeddable":true,"href":"https:\/\/www.nomme.ee\/eakate-paevakeskused\/wp-json\/wp\/v2\/pages\/41"}],"wp:attachment":[{"href":"https:\/\/www.nomme.ee\/eakate-paevakeskused\/wp-json\/wp\/v2\/media?parent=53"}],"curies":[{"name":"wp","href":"https:\/\/api.w.org\/{rel}","templated":true}]}}