{"id":58,"date":"2021-08-31T05:15:22","date_gmt":"2021-08-31T05:15:22","guid":{"rendered":"http:\/\/www.nomme.ee\/eakate-paevakeskused\/?page_id=58"},"modified":"2025-09-01T09:04:12","modified_gmt":"2025-09-01T09:04:12","slug":"huvitegevus-mujal","status":"publish","type":"page","link":"https:\/\/www.nomme.ee\/eakate-paevakeskused\/tunniplaanid\/huvitegevus-mujal\/","title":{"rendered":"Huvitegevus mujal"},"content":{"rendered":"<p><strong>TEISIP\u00c4EV<\/strong><\/p>\n<table style=\"border-collapse: collapse;width: 69.7014%\">\n<tbody>\n<tr>\n<td style=\"width: 25%\"><strong>KELL<\/strong><\/td>\n<td style=\"width: 25%\"><strong>RING<\/strong><\/td>\n<td style=\"width: 25%\"><strong>JUHENDAJA<\/strong><\/td>\n<td style=\"width: 25%\"><strong>ASUKOHT<\/strong><\/td>\n<\/tr>\n<tr>\n<td style=\"width: 25%\">8.30-9.30<\/td>\n<td style=\"width: 25%\">Tervisev\u00f5imlemine<\/td>\n<td style=\"width: 25%\">Evelin Talts<\/td>\n<td style=\"width: 25%\">S\u00f5bra Spordihall (S\u00f5bra 61)<\/td>\n<\/tr>\n<\/tbody>\n<\/table>\n<p><strong>KOLMAP\u00c4EV<\/strong><\/p>\n<table style=\"border-collapse: collapse;width: 69.7012%;height: 35px\">\n<tbody>\n<tr>\n<td style=\"width: 25%\"><strong>KELL<\/strong><\/td>\n<td style=\"width: 25%\"><strong>RING<\/strong><\/td>\n<td style=\"width: 25%\"><strong>JUHENDAJA<\/strong><\/td>\n<td style=\"width: 25%\"><strong>ASUKOHT<\/strong><\/td>\n<\/tr>\n<tr style=\"height: 11px\">\n<td style=\"width: 25%;height: 11px\">10.00 &#8211; 12.00<\/td>\n<td style=\"width: 25%;height: 11px\">Bowling<\/td>\n<td style=\"width: 25%;height: 11px\"><\/td>\n<td style=\"width: 25%;height: 11px\">AMB bowling (Akadeemia tee 30)<\/td>\n<\/tr>\n<\/tbody>\n<\/table>\n<p><strong>NELJAP\u00c4EV<\/strong><\/p>\n<table style=\"border-collapse: collapse;width: 69.9927%;height: 60px\">\n<tbody>\n<tr style=\"height: 24px\">\n<td style=\"width: 25%;height: 24px\"><strong>KELL<\/strong><\/td>\n<td style=\"width: 25%;height: 24px\"><strong>RING<\/strong><\/td>\n<td style=\"width: 25%;height: 24px\"><strong>JUHENDAJA<\/strong><\/td>\n<td style=\"width: 25%;height: 24px\"><strong>ASUKOHT<\/strong><\/td>\n<\/tr>\n<tr style=\"height: 36px\">\n<td style=\"width: 25%;height: 36px\">9.30-10.30<\/td>\n<td style=\"width: 25%;height: 36px\">Tervisev\u00f5imlemine<\/td>\n<td style=\"width: 25%;height: 36px\">Evelin Talts<\/td>\n<td style=\"width: 25%;height: 36px\">\u00a0S\u00f5bra Spordihall (S\u00f5bra 61)<\/td>\n<\/tr>\n<\/tbody>\n<\/table>\n<p>&nbsp;<\/p>\n","protected":false},"excerpt":{"rendered":"<p>TEISIP\u00c4EV KELL RING JUHENDAJA ASUKOHT 8.30-9.30 Tervisev\u00f5imlemine Evelin Talts S\u00f5bra Spordihall (S\u00f5bra 61) KOLMAP\u00c4EV KELL RING JUHENDAJA ASUKOHT 10.00 &#8211; 12.00 Bowling AMB bowling (Akadeemia tee 30) NELJAP\u00c4EV KELL RING JUHENDAJA ASUKOHT 9.30-10.30 Tervisev\u00f5imlemine Evelin Talts \u00a0S\u00f5bra Spordihall (S\u00f5bra 61) &nbsp;<\/p>\n","protected":false},"author":1,"featured_media":0,"parent":41,"menu_order":0,"comment_status":"closed","ping_status":"closed","template":"","meta":{"_acf_changed":false,"footnotes":""},"class_list":["post-58","page","type-page","status-publish","hentry"],"acf":[],"yoast_head":"<!-- This site is optimized with the Yoast SEO plugin v27.5 - https:\/\/yoast.com\/product\/yoast-seo-wordpress\/ -->\n<title>Huvitegevus mujal &#8211; P\u00e4evakeskused<\/title>\n<meta name=\"robots\" content=\"index, follow, max-snippet:-1, max-image-preview:large, max-video-preview:-1\" \/>\n<link rel=\"canonical\" href=\"https:\/\/www.nomme.ee\/eakate-paevakeskused\/tunniplaanid\/huvitegevus-mujal\/\" \/>\n<meta property=\"og:locale\" content=\"et_EE\" \/>\n<meta property=\"og:type\" content=\"article\" \/>\n<meta property=\"og:title\" content=\"Huvitegevus mujal &#8211; P\u00e4evakeskused\" \/>\n<meta property=\"og:description\" content=\"TEISIP\u00c4EV KELL RING JUHENDAJA ASUKOHT 8.30-9.30 Tervisev\u00f5imlemine Evelin Talts S\u00f5bra Spordihall (S\u00f5bra 61) KOLMAP\u00c4EV KELL RING JUHENDAJA ASUKOHT 10.00 &#8211; 12.00 Bowling AMB bowling (Akadeemia tee 30) NELJAP\u00c4EV KELL RING JUHENDAJA ASUKOHT 9.30-10.30 Tervisev\u00f5imlemine Evelin Talts \u00a0S\u00f5bra Spordihall (S\u00f5bra 61) &nbsp;\" \/>\n<meta property=\"og:url\" content=\"https:\/\/www.nomme.ee\/eakate-paevakeskused\/tunniplaanid\/huvitegevus-mujal\/\" \/>\n<meta property=\"og:site_name\" content=\"P\u00e4evakeskused\" \/>\n<meta property=\"article:modified_time\" content=\"2025-09-01T09:04:12+00:00\" \/>\n<meta name=\"twitter:card\" content=\"summary_large_image\" \/>\n<meta name=\"twitter:label1\" content=\"Est. reading time\" \/>\n\t<meta name=\"twitter:data1\" content=\"1 minut\" \/>\n<script type=\"application\/ld+json\" class=\"yoast-schema-graph\">{\"@context\":\"https:\\\/\\\/schema.org\",\"@graph\":[{\"@type\":\"WebPage\",\"@id\":\"https:\\\/\\\/www.nomme.ee\\\/eakate-paevakeskused\\\/tunniplaanid\\\/huvitegevus-mujal\\\/\",\"url\":\"https:\\\/\\\/www.nomme.ee\\\/eakate-paevakeskused\\\/tunniplaanid\\\/huvitegevus-mujal\\\/\",\"name\":\"Huvitegevus mujal &#8211; P\u00e4evakeskused\",\"isPartOf\":{\"@id\":\"https:\\\/\\\/www.nomme.ee\\\/eakate-paevakeskused\\\/#website\"},\"datePublished\":\"2021-08-31T05:15:22+00:00\",\"dateModified\":\"2025-09-01T09:04:12+00:00\",\"breadcrumb\":{\"@id\":\"https:\\\/\\\/www.nomme.ee\\\/eakate-paevakeskused\\\/tunniplaanid\\\/huvitegevus-mujal\\\/#breadcrumb\"},\"inLanguage\":\"et\",\"potentialAction\":[{\"@type\":\"ReadAction\",\"target\":[\"https:\\\/\\\/www.nomme.ee\\\/eakate-paevakeskused\\\/tunniplaanid\\\/huvitegevus-mujal\\\/\"]}]},{\"@type\":\"BreadcrumbList\",\"@id\":\"https:\\\/\\\/www.nomme.ee\\\/eakate-paevakeskused\\\/tunniplaanid\\\/huvitegevus-mujal\\\/#breadcrumb\",\"itemListElement\":[{\"@type\":\"ListItem\",\"position\":1,\"name\":\"N\u00f5mme Vaba Aja Keskus\",\"item\":\"https:\\\/\\\/www.nomme.ee\"},{\"@type\":\"ListItem\",\"position\":2,\"name\":\"P\u00e4evakeskused\",\"item\":\"https:\\\/\\\/www.nomme.ee\\\/eakate-paevakeskused\\\/\"},{\"@type\":\"ListItem\",\"position\":3,\"name\":\"Tunniplaanid\",\"item\":\"https:\\\/\\\/www.nomme.ee\\\/eakate-paevakeskused\\\/tunniplaanid\\\/\"},{\"@type\":\"ListItem\",\"position\":4,\"name\":\"Huvitegevus mujal\"}]},{\"@type\":\"WebSite\",\"@id\":\"https:\\\/\\\/www.nomme.ee\\\/eakate-paevakeskused\\\/#website\",\"url\":\"https:\\\/\\\/www.nomme.ee\\\/eakate-paevakeskused\\\/\",\"name\":\"P\u00e4evakeskused\",\"description\":\"\",\"potentialAction\":[{\"@type\":\"SearchAction\",\"target\":{\"@type\":\"EntryPoint\",\"urlTemplate\":\"https:\\\/\\\/www.nomme.ee\\\/eakate-paevakeskused\\\/?s={search_term_string}\"},\"query-input\":{\"@type\":\"PropertyValueSpecification\",\"valueRequired\":true,\"valueName\":\"search_term_string\"}}],\"inLanguage\":\"et\"}]}<\/script>\n<!-- \/ Yoast SEO plugin. -->","yoast_head_json":{"title":"Huvitegevus mujal &#8211; P\u00e4evakeskused","robots":{"index":"index","follow":"follow","max-snippet":"max-snippet:-1","max-image-preview":"max-image-preview:large","max-video-preview":"max-video-preview:-1"},"canonical":"https:\/\/www.nomme.ee\/eakate-paevakeskused\/tunniplaanid\/huvitegevus-mujal\/","og_locale":"et_EE","og_type":"article","og_title":"Huvitegevus mujal &#8211; P\u00e4evakeskused","og_description":"TEISIP\u00c4EV KELL RING JUHENDAJA ASUKOHT 8.30-9.30 Tervisev\u00f5imlemine Evelin Talts S\u00f5bra Spordihall (S\u00f5bra 61) KOLMAP\u00c4EV KELL RING JUHENDAJA ASUKOHT 10.00 &#8211; 12.00 Bowling AMB bowling (Akadeemia tee 30) NELJAP\u00c4EV KELL RING JUHENDAJA ASUKOHT 9.30-10.30 Tervisev\u00f5imlemine Evelin Talts \u00a0S\u00f5bra Spordihall (S\u00f5bra 61) &nbsp;","og_url":"https:\/\/www.nomme.ee\/eakate-paevakeskused\/tunniplaanid\/huvitegevus-mujal\/","og_site_name":"P\u00e4evakeskused","article_modified_time":"2025-09-01T09:04:12+00:00","twitter_card":"summary_large_image","twitter_misc":{"Est. reading time":"1 minut"},"schema":{"@context":"https:\/\/schema.org","@graph":[{"@type":"WebPage","@id":"https:\/\/www.nomme.ee\/eakate-paevakeskused\/tunniplaanid\/huvitegevus-mujal\/","url":"https:\/\/www.nomme.ee\/eakate-paevakeskused\/tunniplaanid\/huvitegevus-mujal\/","name":"Huvitegevus mujal &#8211; P\u00e4evakeskused","isPartOf":{"@id":"https:\/\/www.nomme.ee\/eakate-paevakeskused\/#website"},"datePublished":"2021-08-31T05:15:22+00:00","dateModified":"2025-09-01T09:04:12+00:00","breadcrumb":{"@id":"https:\/\/www.nomme.ee\/eakate-paevakeskused\/tunniplaanid\/huvitegevus-mujal\/#breadcrumb"},"inLanguage":"et","potentialAction":[{"@type":"ReadAction","target":["https:\/\/www.nomme.ee\/eakate-paevakeskused\/tunniplaanid\/huvitegevus-mujal\/"]}]},{"@type":"BreadcrumbList","@id":"https:\/\/www.nomme.ee\/eakate-paevakeskused\/tunniplaanid\/huvitegevus-mujal\/#breadcrumb","itemListElement":[{"@type":"ListItem","position":1,"name":"N\u00f5mme Vaba Aja Keskus","item":"https:\/\/www.nomme.ee"},{"@type":"ListItem","position":2,"name":"P\u00e4evakeskused","item":"https:\/\/www.nomme.ee\/eakate-paevakeskused\/"},{"@type":"ListItem","position":3,"name":"Tunniplaanid","item":"https:\/\/www.nomme.ee\/eakate-paevakeskused\/tunniplaanid\/"},{"@type":"ListItem","position":4,"name":"Huvitegevus mujal"}]},{"@type":"WebSite","@id":"https:\/\/www.nomme.ee\/eakate-paevakeskused\/#website","url":"https:\/\/www.nomme.ee\/eakate-paevakeskused\/","name":"P\u00e4evakeskused","description":"","potentialAction":[{"@type":"SearchAction","target":{"@type":"EntryPoint","urlTemplate":"https:\/\/www.nomme.ee\/eakate-paevakeskused\/?s={search_term_string}"},"query-input":{"@type":"PropertyValueSpecification","valueRequired":true,"valueName":"search_term_string"}}],"inLanguage":"et"}]}},"_links":{"self":[{"href":"https:\/\/www.nomme.ee\/eakate-paevakeskused\/wp-json\/wp\/v2\/pages\/58","targetHints":{"allow":["GET"]}}],"collection":[{"href":"https:\/\/www.nomme.ee\/eakate-paevakeskused\/wp-json\/wp\/v2\/pages"}],"about":[{"href":"https:\/\/www.nomme.ee\/eakate-paevakeskused\/wp-json\/wp\/v2\/types\/page"}],"author":[{"embeddable":true,"href":"https:\/\/www.nomme.ee\/eakate-paevakeskused\/wp-json\/wp\/v2\/users\/1"}],"replies":[{"embeddable":true,"href":"https:\/\/www.nomme.ee\/eakate-paevakeskused\/wp-json\/wp\/v2\/comments?post=58"}],"version-history":[{"count":51,"href":"https:\/\/www.nomme.ee\/eakate-paevakeskused\/wp-json\/wp\/v2\/pages\/58\/revisions"}],"predecessor-version":[{"id":3299,"href":"https:\/\/www.nomme.ee\/eakate-paevakeskused\/wp-json\/wp\/v2\/pages\/58\/revisions\/3299"}],"up":[{"embeddable":true,"href":"https:\/\/www.nomme.ee\/eakate-paevakeskused\/wp-json\/wp\/v2\/pages\/41"}],"wp:attachment":[{"href":"https:\/\/www.nomme.ee\/eakate-paevakeskused\/wp-json\/wp\/v2\/media?parent=58"}],"curies":[{"name":"wp","href":"https:\/\/api.w.org\/{rel}","templated":true}]}}