{"id":25,"date":"2021-08-16T06:32:30","date_gmt":"2021-08-16T06:32:30","guid":{"rendered":"http:\/\/www.nomme.ee\/laste-paevakeskus\/?page_id=25"},"modified":"2021-10-08T10:01:06","modified_gmt":"2021-10-08T10:01:06","slug":"tutvustus","status":"publish","type":"page","link":"https:\/\/www.nomme.ee\/laste-paevakeskus\/tutvustus\/","title":{"rendered":"Tutvustus"},"content":{"rendered":"<p>Laste p\u00e4evakeskuse eesm\u00e4rk on toetada N\u00f5mme linnaosas elavaid p\u00f5hikooliealisi \u00f5pi-, suhtlemis- ja k\u00e4itumisraskustega ning ps\u00fchhosotsiaalset toetust vajavaid lapsi ja nende peresid. Pakkuda nii lastele kui ka peredele arendavaid ning toimetulekut toetavaid tegevusi ja teenuseid.<\/p>\n<p>Teenuse raames saab laps:<\/p>\n<ul>\n<li>individuaalset n\u00f5ustamist<\/li>\n<li>sobivaid tingimusi \u00f5piharjumuste kujunemiseks<\/li>\n<li>sotsiaalsete, toimetuleku ja enesejuhtimisoskuste arendamist<\/li>\n<li>eakohaseid arengut toetavaid vaba aja tegevusi<\/li>\n<li>sooja l\u00f5unas\u00f6\u00f6ki<\/li>\n<li>osaleda \u00fchis\u00fcritustel ja v\u00e4ljas\u00f5itudel<\/li>\n<\/ul>\n<p>P\u00e4evakeskus on avatud E-R 12-18.00. Teenus on perele tasuta.<\/p>\n<p>Teenusele saamiseks on vaja v\u00f5tta \u00fchendust elukohaj\u00e4rgse sotsiaalhoolekande osakonna lastekaitsespetsialistiga.<\/p>\n<p class=\"editor-content__cta\"><a class=\"main-btn\" target=\"_self\" href=\"https:\/\/www.tallinn.ee\/est\/nomme\/Nomme-Linnaosa-Valitsuse-sotsiaalhoolekande-osakond\"> Vaata: N\u00f5mme lastekaitsespetsialistid\u00a0 <\/a><\/p>\n","protected":false},"excerpt":{"rendered":"<p>Laste p\u00e4evakeskuse eesm\u00e4rk on toetada N\u00f5mme linnaosas elavaid p\u00f5hikooliealisi \u00f5pi-, suhtlemis- ja k\u00e4itumisraskustega ning ps\u00fchhosotsiaalset toetust vajavaid lapsi ja nende peresid. Pakkuda nii lastele kui ka peredele arendavaid ning toimetulekut toetavaid tegevusi ja teenuseid. Teenuse raames saab laps: individuaalset n\u00f5ustamist sobivaid tingimusi \u00f5piharjumuste kujunemiseks sotsiaalsete, toimetuleku ja enesejuhtimisoskuste arendamist eakohaseid arengut toetavaid vaba aja tegevusi [&hellip;]<\/p>\n","protected":false},"author":1,"featured_media":28,"parent":0,"menu_order":0,"comment_status":"closed","ping_status":"closed","template":"","meta":{"_acf_changed":false,"footnotes":""},"class_list":["post-25","page","type-page","status-publish","has-post-thumbnail","hentry"],"acf":[],"yoast_head":"<!-- This site is optimized with the Yoast SEO plugin v27.3 - https:\/\/yoast.com\/product\/yoast-seo-wordpress\/ -->\n<title>Tutvustus &#8211; Laste p\u00e4evakeskus<\/title>\n<meta name=\"robots\" content=\"index, follow, max-snippet:-1, max-image-preview:large, max-video-preview:-1\" \/>\n<link rel=\"canonical\" href=\"https:\/\/www.nomme.ee\/laste-paevakeskus\/tutvustus\/\" \/>\n<meta property=\"og:locale\" content=\"et_EE\" \/>\n<meta property=\"og:type\" content=\"article\" \/>\n<meta property=\"og:title\" content=\"Tutvustus &#8211; Laste p\u00e4evakeskus\" \/>\n<meta property=\"og:description\" content=\"Laste p\u00e4evakeskuse eesm\u00e4rk on toetada N\u00f5mme linnaosas elavaid p\u00f5hikooliealisi \u00f5pi-, suhtlemis- ja k\u00e4itumisraskustega ning ps\u00fchhosotsiaalset toetust vajavaid lapsi ja nende peresid. Pakkuda nii lastele kui ka peredele arendavaid ning toimetulekut toetavaid tegevusi ja teenuseid. Teenuse raames saab laps: individuaalset n\u00f5ustamist sobivaid tingimusi \u00f5piharjumuste kujunemiseks sotsiaalsete, toimetuleku ja enesejuhtimisoskuste arendamist eakohaseid arengut toetavaid vaba aja tegevusi [&hellip;]\" \/>\n<meta property=\"og:url\" content=\"https:\/\/www.nomme.ee\/laste-paevakeskus\/tutvustus\/\" \/>\n<meta property=\"og:site_name\" content=\"Laste p\u00e4evakeskus\" \/>\n<meta property=\"article:modified_time\" content=\"2021-10-08T10:01:06+00:00\" \/>\n<meta property=\"og:image\" content=\"https:\/\/www.nomme.ee\/laste-paevakeskus\/wp-content\/uploads\/sites\/7\/2021\/08\/pexels-pixabay-163064-scaled.jpg\" \/>\n\t<meta property=\"og:image:width\" content=\"2560\" \/>\n\t<meta property=\"og:image:height\" content=\"1707\" \/>\n\t<meta property=\"og:image:type\" content=\"image\/jpeg\" \/>\n<meta name=\"twitter:card\" content=\"summary_large_image\" \/>\n<meta name=\"twitter:label1\" content=\"Est. reading time\" \/>\n\t<meta name=\"twitter:data1\" content=\"1 minut\" \/>\n<script type=\"application\/ld+json\" class=\"yoast-schema-graph\">{\"@context\":\"https:\\\/\\\/schema.org\",\"@graph\":[{\"@type\":\"WebPage\",\"@id\":\"https:\\\/\\\/www.nomme.ee\\\/laste-paevakeskus\\\/tutvustus\\\/\",\"url\":\"https:\\\/\\\/www.nomme.ee\\\/laste-paevakeskus\\\/tutvustus\\\/\",\"name\":\"Tutvustus &#8211; Laste p\u00e4evakeskus\",\"isPartOf\":{\"@id\":\"https:\\\/\\\/www.nomme.ee\\\/laste-paevakeskus\\\/#website\"},\"primaryImageOfPage\":{\"@id\":\"https:\\\/\\\/www.nomme.ee\\\/laste-paevakeskus\\\/tutvustus\\\/#primaryimage\"},\"image\":{\"@id\":\"https:\\\/\\\/www.nomme.ee\\\/laste-paevakeskus\\\/tutvustus\\\/#primaryimage\"},\"thumbnailUrl\":\"https:\\\/\\\/www.nomme.ee\\\/laste-paevakeskus\\\/wp-content\\\/uploads\\\/sites\\\/7\\\/2021\\\/08\\\/pexels-pixabay-163064-scaled.jpg\",\"datePublished\":\"2021-08-16T06:32:30+00:00\",\"dateModified\":\"2021-10-08T10:01:06+00:00\",\"breadcrumb\":{\"@id\":\"https:\\\/\\\/www.nomme.ee\\\/laste-paevakeskus\\\/tutvustus\\\/#breadcrumb\"},\"inLanguage\":\"et\",\"potentialAction\":[{\"@type\":\"ReadAction\",\"target\":[\"https:\\\/\\\/www.nomme.ee\\\/laste-paevakeskus\\\/tutvustus\\\/\"]}]},{\"@type\":\"ImageObject\",\"inLanguage\":\"et\",\"@id\":\"https:\\\/\\\/www.nomme.ee\\\/laste-paevakeskus\\\/tutvustus\\\/#primaryimage\",\"url\":\"https:\\\/\\\/www.nomme.ee\\\/laste-paevakeskus\\\/wp-content\\\/uploads\\\/sites\\\/7\\\/2021\\\/08\\\/pexels-pixabay-163064-scaled.jpg\",\"contentUrl\":\"https:\\\/\\\/www.nomme.ee\\\/laste-paevakeskus\\\/wp-content\\\/uploads\\\/sites\\\/7\\\/2021\\\/08\\\/pexels-pixabay-163064-scaled.jpg\",\"width\":2560,\"height\":1707},{\"@type\":\"BreadcrumbList\",\"@id\":\"https:\\\/\\\/www.nomme.ee\\\/laste-paevakeskus\\\/tutvustus\\\/#breadcrumb\",\"itemListElement\":[{\"@type\":\"ListItem\",\"position\":1,\"name\":\"N\u00f5mme Vaba Aja Keskus\",\"item\":\"https:\\\/\\\/www.nomme.ee\"},{\"@type\":\"ListItem\",\"position\":2,\"name\":\"Laste p\u00e4evakeskus\",\"item\":\"https:\\\/\\\/www.nomme.ee\\\/laste-paevakeskus\\\/\"},{\"@type\":\"ListItem\",\"position\":3,\"name\":\"Tutvustus\"}]},{\"@type\":\"WebSite\",\"@id\":\"https:\\\/\\\/www.nomme.ee\\\/laste-paevakeskus\\\/#website\",\"url\":\"https:\\\/\\\/www.nomme.ee\\\/laste-paevakeskus\\\/\",\"name\":\"Laste p\u00e4evakeskus\",\"description\":\"\",\"potentialAction\":[{\"@type\":\"SearchAction\",\"target\":{\"@type\":\"EntryPoint\",\"urlTemplate\":\"https:\\\/\\\/www.nomme.ee\\\/laste-paevakeskus\\\/?s={search_term_string}\"},\"query-input\":{\"@type\":\"PropertyValueSpecification\",\"valueRequired\":true,\"valueName\":\"search_term_string\"}}],\"inLanguage\":\"et\"}]}<\/script>\n<!-- \/ Yoast SEO plugin. -->","yoast_head_json":{"title":"Tutvustus &#8211; Laste p\u00e4evakeskus","robots":{"index":"index","follow":"follow","max-snippet":"max-snippet:-1","max-image-preview":"max-image-preview:large","max-video-preview":"max-video-preview:-1"},"canonical":"https:\/\/www.nomme.ee\/laste-paevakeskus\/tutvustus\/","og_locale":"et_EE","og_type":"article","og_title":"Tutvustus &#8211; Laste p\u00e4evakeskus","og_description":"Laste p\u00e4evakeskuse eesm\u00e4rk on toetada N\u00f5mme linnaosas elavaid p\u00f5hikooliealisi \u00f5pi-, suhtlemis- ja k\u00e4itumisraskustega ning ps\u00fchhosotsiaalset toetust vajavaid lapsi ja nende peresid. Pakkuda nii lastele kui ka peredele arendavaid ning toimetulekut toetavaid tegevusi ja teenuseid. Teenuse raames saab laps: individuaalset n\u00f5ustamist sobivaid tingimusi \u00f5piharjumuste kujunemiseks sotsiaalsete, toimetuleku ja enesejuhtimisoskuste arendamist eakohaseid arengut toetavaid vaba aja tegevusi [&hellip;]","og_url":"https:\/\/www.nomme.ee\/laste-paevakeskus\/tutvustus\/","og_site_name":"Laste p\u00e4evakeskus","article_modified_time":"2021-10-08T10:01:06+00:00","og_image":[{"width":2560,"height":1707,"url":"https:\/\/www.nomme.ee\/laste-paevakeskus\/wp-content\/uploads\/sites\/7\/2021\/08\/pexels-pixabay-163064-scaled.jpg","type":"image\/jpeg"}],"twitter_card":"summary_large_image","twitter_misc":{"Est. reading time":"1 minut"},"schema":{"@context":"https:\/\/schema.org","@graph":[{"@type":"WebPage","@id":"https:\/\/www.nomme.ee\/laste-paevakeskus\/tutvustus\/","url":"https:\/\/www.nomme.ee\/laste-paevakeskus\/tutvustus\/","name":"Tutvustus &#8211; Laste p\u00e4evakeskus","isPartOf":{"@id":"https:\/\/www.nomme.ee\/laste-paevakeskus\/#website"},"primaryImageOfPage":{"@id":"https:\/\/www.nomme.ee\/laste-paevakeskus\/tutvustus\/#primaryimage"},"image":{"@id":"https:\/\/www.nomme.ee\/laste-paevakeskus\/tutvustus\/#primaryimage"},"thumbnailUrl":"https:\/\/www.nomme.ee\/laste-paevakeskus\/wp-content\/uploads\/sites\/7\/2021\/08\/pexels-pixabay-163064-scaled.jpg","datePublished":"2021-08-16T06:32:30+00:00","dateModified":"2021-10-08T10:01:06+00:00","breadcrumb":{"@id":"https:\/\/www.nomme.ee\/laste-paevakeskus\/tutvustus\/#breadcrumb"},"inLanguage":"et","potentialAction":[{"@type":"ReadAction","target":["https:\/\/www.nomme.ee\/laste-paevakeskus\/tutvustus\/"]}]},{"@type":"ImageObject","inLanguage":"et","@id":"https:\/\/www.nomme.ee\/laste-paevakeskus\/tutvustus\/#primaryimage","url":"https:\/\/www.nomme.ee\/laste-paevakeskus\/wp-content\/uploads\/sites\/7\/2021\/08\/pexels-pixabay-163064-scaled.jpg","contentUrl":"https:\/\/www.nomme.ee\/laste-paevakeskus\/wp-content\/uploads\/sites\/7\/2021\/08\/pexels-pixabay-163064-scaled.jpg","width":2560,"height":1707},{"@type":"BreadcrumbList","@id":"https:\/\/www.nomme.ee\/laste-paevakeskus\/tutvustus\/#breadcrumb","itemListElement":[{"@type":"ListItem","position":1,"name":"N\u00f5mme Vaba Aja Keskus","item":"https:\/\/www.nomme.ee"},{"@type":"ListItem","position":2,"name":"Laste p\u00e4evakeskus","item":"https:\/\/www.nomme.ee\/laste-paevakeskus\/"},{"@type":"ListItem","position":3,"name":"Tutvustus"}]},{"@type":"WebSite","@id":"https:\/\/www.nomme.ee\/laste-paevakeskus\/#website","url":"https:\/\/www.nomme.ee\/laste-paevakeskus\/","name":"Laste p\u00e4evakeskus","description":"","potentialAction":[{"@type":"SearchAction","target":{"@type":"EntryPoint","urlTemplate":"https:\/\/www.nomme.ee\/laste-paevakeskus\/?s={search_term_string}"},"query-input":{"@type":"PropertyValueSpecification","valueRequired":true,"valueName":"search_term_string"}}],"inLanguage":"et"}]}},"_links":{"self":[{"href":"https:\/\/www.nomme.ee\/laste-paevakeskus\/wp-json\/wp\/v2\/pages\/25","targetHints":{"allow":["GET"]}}],"collection":[{"href":"https:\/\/www.nomme.ee\/laste-paevakeskus\/wp-json\/wp\/v2\/pages"}],"about":[{"href":"https:\/\/www.nomme.ee\/laste-paevakeskus\/wp-json\/wp\/v2\/types\/page"}],"author":[{"embeddable":true,"href":"https:\/\/www.nomme.ee\/laste-paevakeskus\/wp-json\/wp\/v2\/users\/1"}],"replies":[{"embeddable":true,"href":"https:\/\/www.nomme.ee\/laste-paevakeskus\/wp-json\/wp\/v2\/comments?post=25"}],"version-history":[{"count":27,"href":"https:\/\/www.nomme.ee\/laste-paevakeskus\/wp-json\/wp\/v2\/pages\/25\/revisions"}],"predecessor-version":[{"id":50,"href":"https:\/\/www.nomme.ee\/laste-paevakeskus\/wp-json\/wp\/v2\/pages\/25\/revisions\/50"}],"wp:featuredmedia":[{"embeddable":true,"href":"https:\/\/www.nomme.ee\/laste-paevakeskus\/wp-json\/wp\/v2\/media\/28"}],"wp:attachment":[{"href":"https:\/\/www.nomme.ee\/laste-paevakeskus\/wp-json\/wp\/v2\/media?parent=25"}],"curies":[{"name":"wp","href":"https:\/\/api.w.org\/{rel}","templated":true}]}}