{"id":1259,"date":"2025-09-09T12:38:35","date_gmt":"2025-09-09T12:38:35","guid":{"rendered":"https:\/\/www.nomme.ee\/paaskula-noortekeskus\/?page_id=1259"},"modified":"2025-09-09T12:38:35","modified_gmt":"2025-09-09T12:38:35","slug":"ligipaasetavus-noortekeskusesse","status":"publish","type":"page","link":"https:\/\/www.nomme.ee\/paaskula-noortekeskus\/ligipaasetavus-noortekeskusesse\/","title":{"rendered":"Ligip\u00e4\u00e4setavus noortekeskusesse"},"content":{"rendered":"<p><b><span data-contrast=\"none\">Ligip\u00e4\u00e4setavus P\u00e4\u00e4sk\u00fcla Noortekeskuses<\/span><\/b><span data-ccp-props=\"{&quot;134245418&quot;:true,&quot;134245529&quot;:true,&quot;335559738&quot;:322,&quot;335559739&quot;:322}\">\u00a0<\/span><\/p>\n<p><span data-contrast=\"auto\">P\u00e4\u00e4sk\u00fcla Noortekeskus tegutseb aadressil <\/span><b><span data-contrast=\"auto\">R\u00e4nnaku pst 1, Tallinn<\/span><\/b><span data-contrast=\"auto\">, olles osa N\u00f5mme Vaba Aja Keskusest. Meie soov on, et noored tunneksid end meie keskuses oodatuna ja saaksid osaleda tegevustes v\u00f5imalikult mugavalt ja turvaliselt. Allj\u00e4rgnev info aitab hinnata, milline on ligip\u00e4\u00e4s meie keskusesse ja selle teenustele.<\/span><span data-ccp-props=\"{&quot;335559738&quot;:240,&quot;335559739&quot;:240}\">\u00a0<\/span><\/p>\n<ol>\n<li><b><span data-contrast=\"none\"> F\u00fc\u00fcsiline ligip\u00e4\u00e4setavus<\/span><\/b><\/li>\n<\/ol>\n<p><b><span data-contrast=\"auto\">Asukoht hoones:<\/span><\/b><br \/>\n<span data-contrast=\"auto\">Noortekeskuse ruumid asuvad eraldi hoones R\u00e4nnaku pst 1. Hoones tegutseb nii noortekeskus kui ka sisetingimustes paiknev skatepark, millele p\u00e4\u00e4seb keskuse kaudu.<\/span><span data-ccp-props=\"{&quot;335559738&quot;:240,&quot;335559739&quot;:240}\">\u00a0<\/span><\/p>\n<p><b><span data-contrast=\"auto\">Sissep\u00e4\u00e4sud:<\/span><\/b><span data-ccp-props=\"{&quot;335559738&quot;:240,&quot;335559739&quot;:240}\">\u00a0<\/span><\/p>\n<ul>\n<li data-leveltext=\"\uf0b7\" data-font=\"Symbol\" data-listid=\"2\" data-list-defn-props=\"{&quot;335552541&quot;:1,&quot;335559685&quot;:720,&quot;335559991&quot;:360,&quot;469769226&quot;:&quot;Symbol&quot;,&quot;469769242&quot;:[8226],&quot;469777803&quot;:&quot;left&quot;,&quot;469777804&quot;:&quot;\uf0b7&quot;,&quot;469777815&quot;:&quot;hybridMultilevel&quot;}\" data-aria-posinset=\"1\" data-aria-level=\"1\"><b><span data-contrast=\"auto\">Tavaline ligip\u00e4\u00e4s:<\/span><\/b><span data-contrast=\"auto\"> P\u00e4\u00e4sk\u00fcla Noortekeskusesse p\u00e4\u00e4seb peaukse kaudu R\u00e4nnaku pst poolt. Sisenemiseks tuleb kasutada kolme-astmelist treppi. Lifti, t\u00f5stukit v\u00f5i trepikaldteed majas kahjuks ei ole.<\/span><span data-ccp-props=\"{&quot;335559738&quot;:240,&quot;335559739&quot;:240}\">\u00a0<\/span><\/li>\n<\/ul>\n<ul>\n<li data-leveltext=\"\uf0b7\" data-font=\"Symbol\" data-listid=\"2\" data-list-defn-props=\"{&quot;335552541&quot;:1,&quot;335559685&quot;:720,&quot;335559991&quot;:360,&quot;469769226&quot;:&quot;Symbol&quot;,&quot;469769242&quot;:[8226],&quot;469777803&quot;:&quot;left&quot;,&quot;469777804&quot;:&quot;\uf0b7&quot;,&quot;469777815&quot;:&quot;hybridMultilevel&quot;}\" data-aria-posinset=\"2\" data-aria-level=\"1\"><b><span data-contrast=\"auto\">Ligip\u00e4\u00e4setav alternatiiv:<\/span><\/b> <b><span data-contrast=\"auto\">Terrassi ukse kaudu<\/span><\/b><span data-contrast=\"auto\"> \u2013 enne ust peab \u00fcletama kolm astet. <\/span><b><span data-contrast=\"auto\">Taga uks, R\u00e4nduri tn pool<\/span><\/b><span data-contrast=\"auto\"> \u2013 avatud poolele p\u00e4\u00e4semiseks peab kasutama treppi, millel on viis astet. Alternatiivseid sissep\u00e4\u00e4se kasutame Kv\u00e4\u00e4r Noortetoa toimumise ajal.\u00a0<\/span><span data-ccp-props=\"{&quot;335559738&quot;:240,&quot;335559739&quot;:240}\">\u00a0<\/span><\/li>\n<\/ul>\n<p><span data-contrast=\"auto\">Uste laiused:<\/span><br \/>\n<span data-contrast=\"auto\">Peauks: tavaliselt avatuna 80cm, kahepoolselt avatuna 160cm<\/span><br \/>\n<span data-contrast=\"auto\">Terrassiuks: 75cm <\/span><br \/>\n<span data-contrast=\"auto\">Tagauks: 80cm <\/span><br \/>\n<span data-contrast=\"auto\">Tualetiuks: 80cm<\/span><br \/>\n<span data-contrast=\"auto\">Avatud ruumi sissep\u00e4\u00e4su uks: 138cm<\/span><span data-ccp-props=\"{&quot;335559738&quot;:240,&quot;335559739&quot;:240}\">\u00a0<\/span><\/p>\n<p><span data-contrast=\"auto\">Trepiastmete ja p\u00f5randaliistude k\u00f5rgused: <\/span><br \/>\n<span data-contrast=\"auto\">Trepiastmed: variueeruvad 15-25cm<\/span><br \/>\n<span data-contrast=\"auto\">P\u00f5randaliistud: varieeruvad 3-6cm <\/span><br \/>\n<span data-ccp-props=\"{&quot;335559738&quot;:240,&quot;335559739&quot;:240}\">\u00a0<\/span><\/p>\n<p><span data-ccp-props=\"{&quot;335559738&quot;:240,&quot;335559739&quot;:240}\">\u00a0<\/span><\/p>\n<p><span data-ccp-props=\"{&quot;335559738&quot;:240,&quot;335559739&quot;:240}\">\u00a0<\/span><\/p>\n<p><b><span data-contrast=\"auto\">Tualetid:<\/span><\/b><br \/>\n<span data-contrast=\"auto\">Hoones on tavalised tualettruumid, 1.korrusel ja 2.korrusel. <strong>I<\/strong><\/span><b><span data-contrast=\"auto\">nvatualetti majas kahjuks ei ole.\u00a0<\/span><\/b><span data-ccp-props=\"{&quot;335559738&quot;:240,&quot;335559739&quot;:240}\">\u00a0<\/span><\/p>\n<ol start=\"2\">\n<li><b><span data-contrast=\"none\"> Parkimine ja rattahoid<\/span><\/b><\/li>\n<\/ol>\n<p><b><span data-contrast=\"auto\">Parkimine:<\/span><\/b><br \/>\n<span data-contrast=\"auto\">Noortekeskuse vahetus l\u00e4heduses on parkimiskohad. Parkimiskohad asuvad R\u00e4nduri tn ja R\u00e4nnaku pst nurgal pr\u00fcgikastide k\u00f5rval. Parkimiskohtade juures ei ole eraldi m\u00e4rgistatud invaparkimiskohti.<\/span><span data-ccp-props=\"{&quot;335559738&quot;:240,&quot;335559739&quot;:240}\">\u00a0<\/span><\/p>\n<p><b><span data-contrast=\"auto\">Jalgrattad:<\/span><\/b><br \/>\n<span data-contrast=\"auto\">Jalgrattaid on v\u00f5imalik j\u00e4tta hoone \u00fcmbruses asuvatesse rattahoidikutesse.<\/span><span data-ccp-props=\"{&quot;335559738&quot;:240,&quot;335559739&quot;:240}\">\u00a0<\/span><\/p>\n<ol start=\"3\">\n<li><b><span data-contrast=\"none\"> \u00dchistransport ja kohalej\u00f5udmine<\/span><\/b><\/li>\n<\/ol>\n<p><b><span data-contrast=\"auto\">Bussipeatused:<\/span><\/b><br \/>\n<span data-contrast=\"auto\">P\u00e4\u00e4sk\u00fcla Noortekeskusele k\u00f5ige l\u00e4heduses olevad bussipeatused on <\/span><b><span data-contrast=\"auto\">P\u00e4\u00e4sk\u00fcla Jaama<\/span><\/b><span data-contrast=\"auto\"> bussipeatus P\u00e4rnu maanteel v\u00f5i <\/span><b><span data-contrast=\"auto\">Raba<\/span><\/b><span data-contrast=\"auto\"> peatus Vabaduse puiesteel.\u00a0<\/span><span data-ccp-props=\"{&quot;335559738&quot;:240,&quot;335559739&quot;:240}\">\u00a0<\/span><\/p>\n<p><b><span data-contrast=\"auto\">Rongipeatus:<\/span><\/b><br \/>\n<span data-contrast=\"auto\">L\u00e4him rongipeatus on <\/span><b><span data-contrast=\"auto\">P\u00e4\u00e4sk\u00fcla jaam<\/span><\/b><span data-contrast=\"auto\">, millest on noortekeskuseni umbes 4-minutiline jalutusk\u00e4ik.<\/span><span data-ccp-props=\"{&quot;335559738&quot;:240,&quot;335559739&quot;:240}\">\u00a0<\/span><\/p>\n<p><span data-contrast=\"auto\">Palun arvesta, et liikumistee v\u00f5ib sisaldada v\u00e4iksemaid kallakuid, \u00e4\u00e4rekive ja muid linnakeskkonna elemente.<\/span><span data-ccp-props=\"{&quot;335559738&quot;:240,&quot;335559739&quot;:240}\">\u00a0<\/span><\/p>\n<p><span data-ccp-props=\"{}\">\u00a0<\/span><\/p>\n<ol start=\"4\">\n<li><b><span data-contrast=\"none\"> Ligip\u00e4\u00e4s teenustele ja tegevustele<\/span><\/b><\/li>\n<\/ol>\n<p><span data-contrast=\"auto\">Noortekeskuses toimuvad tegevused on jaotatud mitmele korrusele:<\/span><span data-ccp-props=\"{&quot;335559738&quot;:240,&quot;335559739&quot;:240}\">\u00a0<\/span><\/p>\n<ul>\n<li data-leveltext=\"\uf0b7\" data-font=\"Symbol\" data-listid=\"1\" data-list-defn-props=\"{&quot;335552541&quot;:1,&quot;335559685&quot;:720,&quot;335559991&quot;:360,&quot;469769226&quot;:&quot;Symbol&quot;,&quot;469769242&quot;:[8226],&quot;469777803&quot;:&quot;left&quot;,&quot;469777804&quot;:&quot;\uf0b7&quot;,&quot;469777815&quot;:&quot;hybridMultilevel&quot;}\" data-aria-posinset=\"1\" data-aria-level=\"1\"><span data-contrast=\"auto\">esimesel korrusel asub avatud m\u00e4nguruum ja sise skatepark<\/span><span data-ccp-props=\"{&quot;335559738&quot;:240,&quot;335559739&quot;:240}\">\u00a0<\/span><\/li>\n<\/ul>\n<ul>\n<li data-leveltext=\"\uf0b7\" data-font=\"Symbol\" data-listid=\"1\" data-list-defn-props=\"{&quot;335552541&quot;:1,&quot;335559685&quot;:720,&quot;335559991&quot;:360,&quot;469769226&quot;:&quot;Symbol&quot;,&quot;469769242&quot;:[8226],&quot;469777803&quot;:&quot;left&quot;,&quot;469777804&quot;:&quot;\uf0b7&quot;,&quot;469777815&quot;:&quot;hybridMultilevel&quot;}\" data-aria-posinset=\"2\" data-aria-level=\"1\"><span data-contrast=\"auto\">teisel korrusel <\/span><i><span data-contrast=\"auto\">playstationi<\/span><\/i><span data-contrast=\"auto\">-ruum ja kitarriklass,<\/span><span data-ccp-props=\"{&quot;335559738&quot;:240,&quot;335559739&quot;:240}\">\u00a0<\/span><\/li>\n<\/ul>\n<ul>\n<li data-leveltext=\"\uf0b7\" data-font=\"Symbol\" data-listid=\"1\" data-list-defn-props=\"{&quot;335552541&quot;:1,&quot;335559685&quot;:720,&quot;335559991&quot;:360,&quot;469769226&quot;:&quot;Symbol&quot;,&quot;469769242&quot;:[8226],&quot;469777803&quot;:&quot;left&quot;,&quot;469777804&quot;:&quot;\uf0b7&quot;,&quot;469777815&quot;:&quot;hybridMultilevel&quot;}\" data-aria-posinset=\"3\" data-aria-level=\"1\"><span data-contrast=\"auto\">kolmandal korrusel DJ-klubi.<\/span><span data-ccp-props=\"{&quot;335559738&quot;:240,&quot;335559739&quot;:240}\">\u00a0<\/span><\/li>\n<\/ul>\n<p><span data-contrast=\"auto\">K\u00f5igile korrustele p\u00e4\u00e4seb vaid treppide kaudu, seega puudub ligip\u00e4\u00e4s liikumispuudega k\u00fclastajatele ilma t\u00e4iendava abita.<\/span><span data-ccp-props=\"{&quot;335559738&quot;:240,&quot;335559739&quot;:240}\">\u00a0<\/span><\/p>\n<p><span data-contrast=\"auto\">Kui sul on liikumise v\u00f5i muu eriline vajadus, soovitame eelnevalt \u00fchendust v\u00f5tta, et saaksime v\u00f5imalusel kohandusi teha.<\/span><br \/>\n<span data-contrast=\"auto\"> Meie noorsoot\u00f6\u00f6tajad on valmis abistama ja avama uksi v\u00f5i leidma sobivaima viisi k\u00fclastuseks.<\/span><span data-ccp-props=\"{&quot;335559738&quot;:240,&quot;335559739&quot;:240}\">\u00a0<\/span><\/p>\n<p><span data-ccp-props=\"{}\">\u00a0<\/span><\/p>\n<ol start=\"5\">\n<li><b><span data-contrast=\"none\"> Avatus ja mitmekesisus<\/span><\/b><\/li>\n<\/ol>\n<p><span data-contrast=\"auto\">Meie noortekeskus v\u00e4\u00e4rtustab mitmekesisust ja kuuluvustunnet. Ootame siia noori igasuguse tausta, rahvuse, keele, seksuaalse s\u00e4ttumuse ja soolise identiteediga. Meie eesm\u00e4rk on pakkuda k\u00f5igile noortele turvalist, toetavat ja r\u00f5\u00f5msat keskkonda.<\/span><span data-ccp-props=\"{&quot;335559738&quot;:240,&quot;335559739&quot;:240}\">\u00a0<\/span><\/p>\n<p><span data-contrast=\"auto\">P\u00e4\u00e4sk\u00fcla Noortekeskus kannab m\u00e4rgist <\/span><b><span data-contrast=\"auto\">&#8220;K\u00f5ik on teretulnud&#8221;<\/span><\/b><span data-contrast=\"auto\"> \u2013 see t\u00e4hendab, et meil ei tolereerita diskrimineerimist ega vaenu. Oleme olemas, kui vajad tuge v\u00f5i tahad lihtsalt kuuluvat kogukonda.<\/span><span data-ccp-props=\"{&quot;335559738&quot;:240,&quot;335559739&quot;:240}\">\u00a0<\/span><\/p>\n<p><span data-contrast=\"auto\">\ud83d\udc49 <\/span><a href=\"https:\/\/www.lgbt.ee\/koikonteretulnud\"><span data-contrast=\"none\">www.lgbt.ee\/koikonteretulnud<\/span><\/a><span data-ccp-props=\"{&quot;335559738&quot;:240,&quot;335559739&quot;:240}\">\u00a0<\/span><\/p>\n","protected":false},"excerpt":{"rendered":"<p>Ligip\u00e4\u00e4setavus P\u00e4\u00e4sk\u00fcla Noortekeskuses\u00a0 P\u00e4\u00e4sk\u00fcla Noortekeskus tegutseb aadressil R\u00e4nnaku pst 1, Tallinn, olles osa N\u00f5mme Vaba Aja Keskusest. Meie soov on, et noored tunneksid end meie keskuses oodatuna ja saaksid osaleda tegevustes v\u00f5imalikult mugavalt ja turvaliselt. Allj\u00e4rgnev info aitab hinnata, milline on ligip\u00e4\u00e4s meie keskusesse ja selle teenustele.\u00a0 F\u00fc\u00fcsiline ligip\u00e4\u00e4setavus Asukoht hoones: Noortekeskuse ruumid asuvad eraldi [&hellip;]<\/p>\n","protected":false},"author":24,"featured_media":0,"parent":0,"menu_order":0,"comment_status":"closed","ping_status":"closed","template":"","meta":{"_acf_changed":false,"footnotes":""},"class_list":["post-1259","page","type-page","status-publish","hentry"],"acf":[],"yoast_head":"<!-- This site is optimized with the Yoast SEO plugin v27.5 - https:\/\/yoast.com\/product\/yoast-seo-wordpress\/ -->\n<title>Ligip\u00e4\u00e4setavus noortekeskusesse &#8211; P\u00e4\u00e4sk\u00fcla noortekeskus<\/title>\n<meta name=\"robots\" content=\"index, follow, max-snippet:-1, max-image-preview:large, max-video-preview:-1\" \/>\n<link rel=\"canonical\" href=\"https:\/\/www.nomme.ee\/paaskula-noortekeskus\/ligipaasetavus-noortekeskusesse\/\" \/>\n<meta property=\"og:locale\" content=\"et_EE\" \/>\n<meta property=\"og:type\" content=\"article\" \/>\n<meta property=\"og:title\" content=\"Ligip\u00e4\u00e4setavus noortekeskusesse &#8211; P\u00e4\u00e4sk\u00fcla noortekeskus\" \/>\n<meta property=\"og:description\" content=\"Ligip\u00e4\u00e4setavus P\u00e4\u00e4sk\u00fcla Noortekeskuses\u00a0 P\u00e4\u00e4sk\u00fcla Noortekeskus tegutseb aadressil R\u00e4nnaku pst 1, Tallinn, olles osa N\u00f5mme Vaba Aja Keskusest. Meie soov on, et noored tunneksid end meie keskuses oodatuna ja saaksid osaleda tegevustes v\u00f5imalikult mugavalt ja turvaliselt. Allj\u00e4rgnev info aitab hinnata, milline on ligip\u00e4\u00e4s meie keskusesse ja selle teenustele.\u00a0 F\u00fc\u00fcsiline ligip\u00e4\u00e4setavus Asukoht hoones: Noortekeskuse ruumid asuvad eraldi [&hellip;]\" \/>\n<meta property=\"og:url\" content=\"https:\/\/www.nomme.ee\/paaskula-noortekeskus\/ligipaasetavus-noortekeskusesse\/\" \/>\n<meta property=\"og:site_name\" content=\"P\u00e4\u00e4sk\u00fcla noortekeskus\" \/>\n<meta name=\"twitter:card\" content=\"summary_large_image\" \/>\n<meta name=\"twitter:label1\" content=\"Est. reading time\" \/>\n\t<meta name=\"twitter:data1\" content=\"3 minutit\" \/>\n<script type=\"application\/ld+json\" class=\"yoast-schema-graph\">{\"@context\":\"https:\\\/\\\/schema.org\",\"@graph\":[{\"@type\":\"WebPage\",\"@id\":\"https:\\\/\\\/www.nomme.ee\\\/paaskula-noortekeskus\\\/ligipaasetavus-noortekeskusesse\\\/\",\"url\":\"https:\\\/\\\/www.nomme.ee\\\/paaskula-noortekeskus\\\/ligipaasetavus-noortekeskusesse\\\/\",\"name\":\"Ligip\u00e4\u00e4setavus noortekeskusesse &#8211; P\u00e4\u00e4sk\u00fcla noortekeskus\",\"isPartOf\":{\"@id\":\"https:\\\/\\\/www.nomme.ee\\\/paaskula-noortekeskus\\\/#website\"},\"datePublished\":\"2025-09-09T12:38:35+00:00\",\"breadcrumb\":{\"@id\":\"https:\\\/\\\/www.nomme.ee\\\/paaskula-noortekeskus\\\/ligipaasetavus-noortekeskusesse\\\/#breadcrumb\"},\"inLanguage\":\"et\",\"potentialAction\":[{\"@type\":\"ReadAction\",\"target\":[\"https:\\\/\\\/www.nomme.ee\\\/paaskula-noortekeskus\\\/ligipaasetavus-noortekeskusesse\\\/\"]}]},{\"@type\":\"BreadcrumbList\",\"@id\":\"https:\\\/\\\/www.nomme.ee\\\/paaskula-noortekeskus\\\/ligipaasetavus-noortekeskusesse\\\/#breadcrumb\",\"itemListElement\":[{\"@type\":\"ListItem\",\"position\":1,\"name\":\"N\u00f5mme Vaba Aja Keskus\",\"item\":\"https:\\\/\\\/www.nomme.ee\"},{\"@type\":\"ListItem\",\"position\":2,\"name\":\"P\u00e4\u00e4sk\u00fcla noortekeskus\",\"item\":\"https:\\\/\\\/www.nomme.ee\\\/paaskula-noortekeskus\\\/\"},{\"@type\":\"ListItem\",\"position\":3,\"name\":\"Ligip\u00e4\u00e4setavus noortekeskusesse\"}]},{\"@type\":\"WebSite\",\"@id\":\"https:\\\/\\\/www.nomme.ee\\\/paaskula-noortekeskus\\\/#website\",\"url\":\"https:\\\/\\\/www.nomme.ee\\\/paaskula-noortekeskus\\\/\",\"name\":\"P\u00e4\u00e4sk\u00fcla noortekeskus\",\"description\":\"\",\"potentialAction\":[{\"@type\":\"SearchAction\",\"target\":{\"@type\":\"EntryPoint\",\"urlTemplate\":\"https:\\\/\\\/www.nomme.ee\\\/paaskula-noortekeskus\\\/?s={search_term_string}\"},\"query-input\":{\"@type\":\"PropertyValueSpecification\",\"valueRequired\":true,\"valueName\":\"search_term_string\"}}],\"inLanguage\":\"et\"}]}<\/script>\n<!-- \/ Yoast SEO plugin. -->","yoast_head_json":{"title":"Ligip\u00e4\u00e4setavus noortekeskusesse &#8211; P\u00e4\u00e4sk\u00fcla noortekeskus","robots":{"index":"index","follow":"follow","max-snippet":"max-snippet:-1","max-image-preview":"max-image-preview:large","max-video-preview":"max-video-preview:-1"},"canonical":"https:\/\/www.nomme.ee\/paaskula-noortekeskus\/ligipaasetavus-noortekeskusesse\/","og_locale":"et_EE","og_type":"article","og_title":"Ligip\u00e4\u00e4setavus noortekeskusesse &#8211; P\u00e4\u00e4sk\u00fcla noortekeskus","og_description":"Ligip\u00e4\u00e4setavus P\u00e4\u00e4sk\u00fcla Noortekeskuses\u00a0 P\u00e4\u00e4sk\u00fcla Noortekeskus tegutseb aadressil R\u00e4nnaku pst 1, Tallinn, olles osa N\u00f5mme Vaba Aja Keskusest. Meie soov on, et noored tunneksid end meie keskuses oodatuna ja saaksid osaleda tegevustes v\u00f5imalikult mugavalt ja turvaliselt. Allj\u00e4rgnev info aitab hinnata, milline on ligip\u00e4\u00e4s meie keskusesse ja selle teenustele.\u00a0 F\u00fc\u00fcsiline ligip\u00e4\u00e4setavus Asukoht hoones: Noortekeskuse ruumid asuvad eraldi [&hellip;]","og_url":"https:\/\/www.nomme.ee\/paaskula-noortekeskus\/ligipaasetavus-noortekeskusesse\/","og_site_name":"P\u00e4\u00e4sk\u00fcla noortekeskus","twitter_card":"summary_large_image","twitter_misc":{"Est. reading time":"3 minutit"},"schema":{"@context":"https:\/\/schema.org","@graph":[{"@type":"WebPage","@id":"https:\/\/www.nomme.ee\/paaskula-noortekeskus\/ligipaasetavus-noortekeskusesse\/","url":"https:\/\/www.nomme.ee\/paaskula-noortekeskus\/ligipaasetavus-noortekeskusesse\/","name":"Ligip\u00e4\u00e4setavus noortekeskusesse &#8211; P\u00e4\u00e4sk\u00fcla noortekeskus","isPartOf":{"@id":"https:\/\/www.nomme.ee\/paaskula-noortekeskus\/#website"},"datePublished":"2025-09-09T12:38:35+00:00","breadcrumb":{"@id":"https:\/\/www.nomme.ee\/paaskula-noortekeskus\/ligipaasetavus-noortekeskusesse\/#breadcrumb"},"inLanguage":"et","potentialAction":[{"@type":"ReadAction","target":["https:\/\/www.nomme.ee\/paaskula-noortekeskus\/ligipaasetavus-noortekeskusesse\/"]}]},{"@type":"BreadcrumbList","@id":"https:\/\/www.nomme.ee\/paaskula-noortekeskus\/ligipaasetavus-noortekeskusesse\/#breadcrumb","itemListElement":[{"@type":"ListItem","position":1,"name":"N\u00f5mme Vaba Aja Keskus","item":"https:\/\/www.nomme.ee"},{"@type":"ListItem","position":2,"name":"P\u00e4\u00e4sk\u00fcla noortekeskus","item":"https:\/\/www.nomme.ee\/paaskula-noortekeskus\/"},{"@type":"ListItem","position":3,"name":"Ligip\u00e4\u00e4setavus noortekeskusesse"}]},{"@type":"WebSite","@id":"https:\/\/www.nomme.ee\/paaskula-noortekeskus\/#website","url":"https:\/\/www.nomme.ee\/paaskula-noortekeskus\/","name":"P\u00e4\u00e4sk\u00fcla noortekeskus","description":"","potentialAction":[{"@type":"SearchAction","target":{"@type":"EntryPoint","urlTemplate":"https:\/\/www.nomme.ee\/paaskula-noortekeskus\/?s={search_term_string}"},"query-input":{"@type":"PropertyValueSpecification","valueRequired":true,"valueName":"search_term_string"}}],"inLanguage":"et"}]}},"_links":{"self":[{"href":"https:\/\/www.nomme.ee\/paaskula-noortekeskus\/wp-json\/wp\/v2\/pages\/1259","targetHints":{"allow":["GET"]}}],"collection":[{"href":"https:\/\/www.nomme.ee\/paaskula-noortekeskus\/wp-json\/wp\/v2\/pages"}],"about":[{"href":"https:\/\/www.nomme.ee\/paaskula-noortekeskus\/wp-json\/wp\/v2\/types\/page"}],"author":[{"embeddable":true,"href":"https:\/\/www.nomme.ee\/paaskula-noortekeskus\/wp-json\/wp\/v2\/users\/24"}],"replies":[{"embeddable":true,"href":"https:\/\/www.nomme.ee\/paaskula-noortekeskus\/wp-json\/wp\/v2\/comments?post=1259"}],"version-history":[{"count":2,"href":"https:\/\/www.nomme.ee\/paaskula-noortekeskus\/wp-json\/wp\/v2\/pages\/1259\/revisions"}],"predecessor-version":[{"id":1263,"href":"https:\/\/www.nomme.ee\/paaskula-noortekeskus\/wp-json\/wp\/v2\/pages\/1259\/revisions\/1263"}],"wp:attachment":[{"href":"https:\/\/www.nomme.ee\/paaskula-noortekeskus\/wp-json\/wp\/v2\/media?parent=1259"}],"curies":[{"name":"wp","href":"https:\/\/api.w.org\/{rel}","templated":true}]}}