{"id":22,"date":"2021-08-16T08:30:11","date_gmt":"2021-08-16T08:30:11","guid":{"rendered":"http:\/\/www.nomme.ee\/paaskula-noortekeskus\/?page_id=22"},"modified":"2026-04-13T09:27:47","modified_gmt":"2026-04-13T09:27:47","slug":"kontakt","status":"publish","type":"page","link":"https:\/\/www.nomme.ee\/paaskula-noortekeskus\/kontakt\/","title":{"rendered":"Kontakt"},"content":{"rendered":"<ul>\n<li>\n<h3><span style=\"color: #008080\"><strong>Noortekeskus on avatud: <\/strong><\/span><span style=\"font-size: 16px\">E &#8211; R kl 13-18:45<\/span><\/h3>\n<\/li>\n<\/ul>\n<ul>\n<li>\n<h3><strong><span style=\"color: #008080\">Siseskatepark on avatud: <\/span><\/strong><span style=\"font-size: 16px\">E &#8211; R 13-18.30<\/span><\/h3>\n<\/li>\n<li>\n<h3><strong><span style=\"color: #008080\">\u00a0Meie juurde p\u00e4\u00e4seb:\u00a0\u00a0<\/span><\/strong><\/h3>\n<\/li>\n<\/ul>\n<p><span style=\"color: #008080\"><strong><span style=\"font-size: 16px\">Bussiga:<\/span><\/strong><\/span><\/p>\n<div class=\"message__5126c cozyMessage__5126c wrapper_c19a55 cozy_c19a55 zalgo_c19a55\" role=\"article\" data-list-item-id=\"chat-messages___chat-messages-1395722096218472609-1468945441323483166\" aria-labelledby=\"message-username-1468944637933654158 uid_1 message-content-1468945441323483166 uid_2 message-timestamp-1468945441323483166\">\n<div class=\"contents_c19a55\">\n<div id=\"message-content-1468945441323483166\" class=\"markup__75297 messageContent_c19a55\">Vabaduse pst &#8211; Raba ja\/v\u00f5i Vikerkaare 14, 18 ja 18A<\/div>\n<div class=\"markup__75297 messageContent_c19a55\">P\u00e4rnu mnt &#8211; P\u00e4\u00e4sk\u00fcla 27(N\u00f5mme suunal),<\/div>\n<div class=\"markup__75297 messageContent_c19a55\">20, 27 (linnast v\u00e4lja) Kadaka pst &#8211; P\u00e4\u00e4sk\u00fcla 10, 20, 20A (<\/div>\n<div class=\"markup__75297 messageContent_c19a55\">Mustam\u00e4e suunal) 10, 20A (linnast v\u00e4lja)<\/div>\n<\/div>\n<\/div>\n<p><span style=\"color: #008080\"><strong>Rongiga:<\/strong><\/span><\/p>\n<div class=\"message__5126c cozyMessage__5126c groupStart__5126c wrapper_c19a55 cozy_c19a55 zalgo_c19a55 hasReply_c19a55\" role=\"article\" data-list-item-id=\"chat-messages___chat-messages-1395722096218472609-1468943674003161263\" aria-labelledby=\"message-reply-context-1468943674003161263 uid_1 message-content-1468943674003161263 uid_2 message-timestamp-1468943674003161263\">\n<div class=\"contents_c19a55\">\n<div id=\"message-content-1468943674003161263\" class=\"markup__75297 messageContent_c19a55\">Elroni rongipeatus <strong>P\u00e4\u00e4sk\u00fcla<\/strong> P\u00e4\u00e4sk\u00fcla rongipeatusesse on 2-3 minutiline jalutusk\u00e4ik<\/div>\n<\/div>\n<div class=\"contents_c19a55\">\n<div class=\"markup__75297 messageContent_c19a55\">Linna poole 2., 3. tee, Saue ja Keila poole 1. tee <time datetime=\"2026-02-05T12:20:02.893Z\"><\/time><\/div>\n<\/div>\n<\/div>\n<p class=\"editor-content__cta\"><a class=\"main-btn\" target=\"_self\" href=\"https:\/\/www.nomme.ee\/paaskula-noortekeskus\/ligipaasetavus-noortekeskusesse\">Ligip\u00e4\u00e4setavuse info<\/a><\/p>\n","protected":false},"excerpt":{"rendered":"<p>Noortekeskus on avatud: E &#8211; R kl 13-18:45 Siseskatepark on avatud: E &#8211; R 13-18.30 \u00a0Meie juurde p\u00e4\u00e4seb:\u00a0\u00a0 Bussiga: Vabaduse pst &#8211; Raba ja\/v\u00f5i Vikerkaare 14, 18 ja 18A P\u00e4rnu mnt &#8211; P\u00e4\u00e4sk\u00fcla 27(N\u00f5mme suunal), 20, 27 (linnast v\u00e4lja) Kadaka pst &#8211; P\u00e4\u00e4sk\u00fcla 10, 20, 20A ( Mustam\u00e4e suunal) 10, 20A (linnast v\u00e4lja) Rongiga: Elroni [&hellip;]<\/p>\n","protected":false},"author":1,"featured_media":0,"parent":0,"menu_order":0,"comment_status":"closed","ping_status":"closed","template":"page-templates\/tpl-kontakt.php","meta":{"_acf_changed":false,"footnotes":""},"class_list":["post-22","page","type-page","status-publish","hentry"],"acf":[],"yoast_head":"<!-- This site is optimized with the Yoast SEO plugin v27.5 - https:\/\/yoast.com\/product\/yoast-seo-wordpress\/ -->\n<title>Kontakt &#8211; P\u00e4\u00e4sk\u00fcla noortekeskus<\/title>\n<meta name=\"robots\" content=\"index, follow, max-snippet:-1, max-image-preview:large, max-video-preview:-1\" \/>\n<link rel=\"canonical\" href=\"https:\/\/www.nomme.ee\/paaskula-noortekeskus\/kontakt\/\" \/>\n<meta property=\"og:locale\" content=\"et_EE\" \/>\n<meta property=\"og:type\" content=\"article\" \/>\n<meta property=\"og:title\" content=\"Kontakt &#8211; P\u00e4\u00e4sk\u00fcla noortekeskus\" \/>\n<meta property=\"og:description\" content=\"Noortekeskus on avatud: E &#8211; R kl 13-18:45 Siseskatepark on avatud: E &#8211; R 13-18.30 \u00a0Meie juurde p\u00e4\u00e4seb:\u00a0\u00a0 Bussiga: Vabaduse pst &#8211; Raba ja\/v\u00f5i Vikerkaare 14, 18 ja 18A P\u00e4rnu mnt &#8211; P\u00e4\u00e4sk\u00fcla 27(N\u00f5mme suunal), 20, 27 (linnast v\u00e4lja) Kadaka pst &#8211; P\u00e4\u00e4sk\u00fcla 10, 20, 20A ( Mustam\u00e4e suunal) 10, 20A (linnast v\u00e4lja) Rongiga: Elroni [&hellip;]\" \/>\n<meta property=\"og:url\" content=\"https:\/\/www.nomme.ee\/paaskula-noortekeskus\/kontakt\/\" \/>\n<meta property=\"og:site_name\" content=\"P\u00e4\u00e4sk\u00fcla noortekeskus\" \/>\n<meta property=\"article:modified_time\" content=\"2026-04-13T09:27:47+00:00\" \/>\n<meta name=\"twitter:card\" content=\"summary_large_image\" \/>\n<meta name=\"twitter:label1\" content=\"Est. reading time\" \/>\n\t<meta name=\"twitter:data1\" content=\"1 minut\" \/>\n<script type=\"application\/ld+json\" class=\"yoast-schema-graph\">{\"@context\":\"https:\\\/\\\/schema.org\",\"@graph\":[{\"@type\":\"WebPage\",\"@id\":\"https:\\\/\\\/www.nomme.ee\\\/paaskula-noortekeskus\\\/kontakt\\\/\",\"url\":\"https:\\\/\\\/www.nomme.ee\\\/paaskula-noortekeskus\\\/kontakt\\\/\",\"name\":\"Kontakt &#8211; P\u00e4\u00e4sk\u00fcla noortekeskus\",\"isPartOf\":{\"@id\":\"https:\\\/\\\/www.nomme.ee\\\/paaskula-noortekeskus\\\/#website\"},\"datePublished\":\"2021-08-16T08:30:11+00:00\",\"dateModified\":\"2026-04-13T09:27:47+00:00\",\"breadcrumb\":{\"@id\":\"https:\\\/\\\/www.nomme.ee\\\/paaskula-noortekeskus\\\/kontakt\\\/#breadcrumb\"},\"inLanguage\":\"et\",\"potentialAction\":[{\"@type\":\"ReadAction\",\"target\":[\"https:\\\/\\\/www.nomme.ee\\\/paaskula-noortekeskus\\\/kontakt\\\/\"]}]},{\"@type\":\"BreadcrumbList\",\"@id\":\"https:\\\/\\\/www.nomme.ee\\\/paaskula-noortekeskus\\\/kontakt\\\/#breadcrumb\",\"itemListElement\":[{\"@type\":\"ListItem\",\"position\":1,\"name\":\"N\u00f5mme Vaba Aja Keskus\",\"item\":\"https:\\\/\\\/www.nomme.ee\"},{\"@type\":\"ListItem\",\"position\":2,\"name\":\"P\u00e4\u00e4sk\u00fcla noortekeskus\",\"item\":\"https:\\\/\\\/www.nomme.ee\\\/paaskula-noortekeskus\\\/\"},{\"@type\":\"ListItem\",\"position\":3,\"name\":\"Kontakt\"}]},{\"@type\":\"WebSite\",\"@id\":\"https:\\\/\\\/www.nomme.ee\\\/paaskula-noortekeskus\\\/#website\",\"url\":\"https:\\\/\\\/www.nomme.ee\\\/paaskula-noortekeskus\\\/\",\"name\":\"P\u00e4\u00e4sk\u00fcla noortekeskus\",\"description\":\"\",\"potentialAction\":[{\"@type\":\"SearchAction\",\"target\":{\"@type\":\"EntryPoint\",\"urlTemplate\":\"https:\\\/\\\/www.nomme.ee\\\/paaskula-noortekeskus\\\/?s={search_term_string}\"},\"query-input\":{\"@type\":\"PropertyValueSpecification\",\"valueRequired\":true,\"valueName\":\"search_term_string\"}}],\"inLanguage\":\"et\"}]}<\/script>\n<!-- \/ Yoast SEO plugin. -->","yoast_head_json":{"title":"Kontakt &#8211; P\u00e4\u00e4sk\u00fcla noortekeskus","robots":{"index":"index","follow":"follow","max-snippet":"max-snippet:-1","max-image-preview":"max-image-preview:large","max-video-preview":"max-video-preview:-1"},"canonical":"https:\/\/www.nomme.ee\/paaskula-noortekeskus\/kontakt\/","og_locale":"et_EE","og_type":"article","og_title":"Kontakt &#8211; P\u00e4\u00e4sk\u00fcla noortekeskus","og_description":"Noortekeskus on avatud: E &#8211; R kl 13-18:45 Siseskatepark on avatud: E &#8211; R 13-18.30 \u00a0Meie juurde p\u00e4\u00e4seb:\u00a0\u00a0 Bussiga: Vabaduse pst &#8211; Raba ja\/v\u00f5i Vikerkaare 14, 18 ja 18A P\u00e4rnu mnt &#8211; P\u00e4\u00e4sk\u00fcla 27(N\u00f5mme suunal), 20, 27 (linnast v\u00e4lja) Kadaka pst &#8211; P\u00e4\u00e4sk\u00fcla 10, 20, 20A ( Mustam\u00e4e suunal) 10, 20A (linnast v\u00e4lja) Rongiga: Elroni [&hellip;]","og_url":"https:\/\/www.nomme.ee\/paaskula-noortekeskus\/kontakt\/","og_site_name":"P\u00e4\u00e4sk\u00fcla noortekeskus","article_modified_time":"2026-04-13T09:27:47+00:00","twitter_card":"summary_large_image","twitter_misc":{"Est. reading time":"1 minut"},"schema":{"@context":"https:\/\/schema.org","@graph":[{"@type":"WebPage","@id":"https:\/\/www.nomme.ee\/paaskula-noortekeskus\/kontakt\/","url":"https:\/\/www.nomme.ee\/paaskula-noortekeskus\/kontakt\/","name":"Kontakt &#8211; P\u00e4\u00e4sk\u00fcla noortekeskus","isPartOf":{"@id":"https:\/\/www.nomme.ee\/paaskula-noortekeskus\/#website"},"datePublished":"2021-08-16T08:30:11+00:00","dateModified":"2026-04-13T09:27:47+00:00","breadcrumb":{"@id":"https:\/\/www.nomme.ee\/paaskula-noortekeskus\/kontakt\/#breadcrumb"},"inLanguage":"et","potentialAction":[{"@type":"ReadAction","target":["https:\/\/www.nomme.ee\/paaskula-noortekeskus\/kontakt\/"]}]},{"@type":"BreadcrumbList","@id":"https:\/\/www.nomme.ee\/paaskula-noortekeskus\/kontakt\/#breadcrumb","itemListElement":[{"@type":"ListItem","position":1,"name":"N\u00f5mme Vaba Aja Keskus","item":"https:\/\/www.nomme.ee"},{"@type":"ListItem","position":2,"name":"P\u00e4\u00e4sk\u00fcla noortekeskus","item":"https:\/\/www.nomme.ee\/paaskula-noortekeskus\/"},{"@type":"ListItem","position":3,"name":"Kontakt"}]},{"@type":"WebSite","@id":"https:\/\/www.nomme.ee\/paaskula-noortekeskus\/#website","url":"https:\/\/www.nomme.ee\/paaskula-noortekeskus\/","name":"P\u00e4\u00e4sk\u00fcla noortekeskus","description":"","potentialAction":[{"@type":"SearchAction","target":{"@type":"EntryPoint","urlTemplate":"https:\/\/www.nomme.ee\/paaskula-noortekeskus\/?s={search_term_string}"},"query-input":{"@type":"PropertyValueSpecification","valueRequired":true,"valueName":"search_term_string"}}],"inLanguage":"et"}]}},"_links":{"self":[{"href":"https:\/\/www.nomme.ee\/paaskula-noortekeskus\/wp-json\/wp\/v2\/pages\/22","targetHints":{"allow":["GET"]}}],"collection":[{"href":"https:\/\/www.nomme.ee\/paaskula-noortekeskus\/wp-json\/wp\/v2\/pages"}],"about":[{"href":"https:\/\/www.nomme.ee\/paaskula-noortekeskus\/wp-json\/wp\/v2\/types\/page"}],"author":[{"embeddable":true,"href":"https:\/\/www.nomme.ee\/paaskula-noortekeskus\/wp-json\/wp\/v2\/users\/1"}],"replies":[{"embeddable":true,"href":"https:\/\/www.nomme.ee\/paaskula-noortekeskus\/wp-json\/wp\/v2\/comments?post=22"}],"version-history":[{"count":71,"href":"https:\/\/www.nomme.ee\/paaskula-noortekeskus\/wp-json\/wp\/v2\/pages\/22\/revisions"}],"predecessor-version":[{"id":1606,"href":"https:\/\/www.nomme.ee\/paaskula-noortekeskus\/wp-json\/wp\/v2\/pages\/22\/revisions\/1606"}],"wp:attachment":[{"href":"https:\/\/www.nomme.ee\/paaskula-noortekeskus\/wp-json\/wp\/v2\/media?parent=22"}],"curies":[{"name":"wp","href":"https:\/\/api.w.org\/{rel}","templated":true}]}}