{"id":273,"date":"2021-10-05T13:33:10","date_gmt":"2021-10-05T13:33:10","guid":{"rendered":"https:\/\/www.nomme.ee\/paaskula-noortekeskus\/?page_id=273"},"modified":"2026-02-19T17:45:10","modified_gmt":"2026-02-19T17:45:10","slug":"skatepargi-kasutamise-eeskirjad","status":"publish","type":"page","link":"https:\/\/www.nomme.ee\/paaskula-noortekeskus\/skatepargi-kasutamise-eeskirjad\/","title":{"rendered":"Skatepargi kasutamise eeskirjad:"},"content":{"rendered":"<h1 data-start=\"123\" data-end=\"145\"><span style=\"color: #008080\"><strong data-start=\"123\" data-end=\"145\">Skatepargi reeglid<\/strong><\/span><\/h1>\n<ol data-start=\"147\" data-end=\"1515\">\n<li data-start=\"147\" data-end=\"215\">\n<p data-start=\"150\" data-end=\"215\">Skatepark on avatud vastavalt noortekeskuse lahtiolekuaegadele v\u00f5i kehtivale graafikule<\/p>\n<\/li>\n<li data-start=\"216\" data-end=\"279\">\n<p data-start=\"219\" data-end=\"279\">K\u00fclastamine ja rentimine toimub kehtiva hinnakirja alusel.<\/p>\n<\/li>\n<li data-start=\"280\" data-end=\"347\">\n<p data-start=\"283\" data-end=\"347\">Logiraamatusse tuleb kirja panna nimi ja muud n\u00f5utavad andmed.<\/p>\n<\/li>\n<li data-start=\"348\" data-end=\"464\">\n<p data-start=\"351\" data-end=\"464\"><span style=\"color: #008080\"><strong>Alaealised PEAVAD kandma kiivrit; kaitsmed on soovituslikud. T\u00e4isealistele on kiiver ja kaitsmed soovituslikud.<\/strong><\/span><\/p>\n<\/li>\n<li data-start=\"465\" data-end=\"529\">\n<p data-start=\"468\" data-end=\"529\">Kiivrit, kaitsmeid ja t\u00f5ukeratast saab laenutada kohapealt.<\/p>\n<\/li>\n<li data-start=\"530\" data-end=\"592\">\n<p data-start=\"533\" data-end=\"592\">Iga\u00fcks s\u00f5idab vastavalt oma oskustele ja omal vastutusel.<\/p>\n<\/li>\n<li data-start=\"593\" data-end=\"654\">\n<p data-start=\"596\" data-end=\"654\">Tuleb arvestada teistega ja v\u00e4ltida ohtlikke man\u00f6\u00f6vreid.<\/p>\n<\/li>\n<li data-start=\"655\" data-end=\"721\">\n<p data-start=\"658\" data-end=\"721\">Ohu v\u00f5i \u00f5nnetuse korral v\u00f5ib noorsoot\u00f6\u00f6taja s\u00f5idu katkestada.<\/p>\n<\/li>\n<li data-start=\"722\" data-end=\"840\">\n<p data-start=\"725\" data-end=\"840\"><span style=\"color: #008080\"><strong>\u00d5nnetusest tuleb kohe teavitada noorsoot\u00f6\u00f6tajat, kes annab esmaabi, teavitab vanemat ja vajadusel kutsub kiirabi.<\/strong><\/span><\/p>\n<\/li>\n<li data-start=\"841\" data-end=\"925\">\n<p data-start=\"845\" data-end=\"925\">Tahtlik l\u00f5hkumine, sodimine ja pr\u00fcgi maha viskamine on keelatud ja sellel j\u00e4rgneb noomitus (vastavalt kahjust)<\/p>\n<\/li>\n<li data-start=\"926\" data-end=\"1004\">\n<p data-start=\"930\" data-end=\"1004\">Reeglite rikkumise korral v\u00f5ib noorsoot\u00f6\u00f6taja n\u00f5uda kirjalikku seletust v\u00f5i muud kohandatud noomitust.<\/p>\n<\/li>\n<li data-start=\"1005\" data-end=\"1066\">\n<p data-start=\"1009\" data-end=\"1066\"><span style=\"color: #008080\"><strong>Reeglite rikkumisel v\u00f5ib noorsoot\u00f6\u00f6taja paluda lahkuda.<\/strong><\/span><\/p>\n<\/li>\n<li data-start=\"1067\" data-end=\"1118\">\n<p data-start=\"1071\" data-end=\"1118\">Iga\u00fcks vastutab oma isiklike asjade eest ise.<\/p>\n<\/li>\n<li data-start=\"1119\" data-end=\"1150\">\n<p data-start=\"1123\" data-end=\"1150\">Skatepargis ei tohi s\u00fc\u00fca.<\/p>\n<\/li>\n<li data-start=\"1151\" data-end=\"1194\">\n<p data-start=\"1155\" data-end=\"1194\">Energiajookide tarbimine on keelatud.<\/p>\n<\/li>\n<li data-start=\"1195\" data-end=\"1278\">\n<p data-start=\"1199\" data-end=\"1278\">Alkoholi ja narkootikumide tarbimine ning nende m\u00f5ju all olemine on keelatud.<\/p>\n<\/li>\n<li data-start=\"1195\" data-end=\"1278\"><span style=\"color: #008080\"><strong>Rulapargis on piiranguks 20 inimest, mitte ainult 20 inimest sisse s\u00f5ites, vaid ka 20 inimest hallis sees.<\/strong><\/span><\/li>\n<li data-start=\"1279\" data-end=\"1379\">\n<p data-start=\"1283\" data-end=\"1379\">Suitsetamine ja teiste tubakatoodete (nt mokatubakas, nikotiinipadjad) kasutamine on keelatud.<\/p>\n<\/li>\n<li data-start=\"1380\" data-end=\"1443\">\n<p data-start=\"1384\" data-end=\"1443\">Tualetti, riietus- ja du\u0161iruumi tuleb kasutada viisakalt.<\/p>\n<\/li>\n<li data-start=\"1444\" data-end=\"1515\">\n<p data-start=\"1448\" data-end=\"1515\">K\u00fcsimuste ja probleemide korral p\u00f6\u00f6rduda kohe noorsoot\u00f6\u00f6taja poole.<\/p>\n<\/li>\n<li data-start=\"1444\" data-end=\"1515\">T\u00e4iskasvanud, kes kasutavad skateparki, peavad samuti j\u00e4rgima noortekeskuse reegleid<\/li>\n<li data-start=\"1444\" data-end=\"1515\">T\u00e4iskasvanud, noored v\u00f5i k\u00fclastajad, kes reegleid ei j\u00e4rgi, palub noorsoot\u00f6\u00f6taja lahkuda.<\/li>\n<\/ol>\n","protected":false},"excerpt":{"rendered":"<p>Skatepargi reeglid Skatepark on avatud vastavalt noortekeskuse lahtiolekuaegadele v\u00f5i kehtivale graafikule K\u00fclastamine ja rentimine toimub kehtiva hinnakirja alusel. Logiraamatusse tuleb kirja panna nimi ja muud n\u00f5utavad andmed. Alaealised PEAVAD kandma kiivrit; kaitsmed on soovituslikud. T\u00e4isealistele on kiiver ja kaitsmed soovituslikud. Kiivrit, kaitsmeid ja t\u00f5ukeratast saab laenutada kohapealt. Iga\u00fcks s\u00f5idab vastavalt oma oskustele ja omal vastutusel. [&hellip;]<\/p>\n","protected":false},"author":10,"featured_media":0,"parent":0,"menu_order":0,"comment_status":"closed","ping_status":"closed","template":"","meta":{"_acf_changed":false,"footnotes":""},"class_list":["post-273","page","type-page","status-publish","hentry"],"acf":[],"yoast_head":"<!-- This site is optimized with the Yoast SEO plugin v27.5 - https:\/\/yoast.com\/product\/yoast-seo-wordpress\/ -->\n<title>Skatepargi kasutamise eeskirjad: &#8211; P\u00e4\u00e4sk\u00fcla noortekeskus<\/title>\n<meta name=\"description\" content=\"Eeskirjad skatepargi kasutamisel\" \/>\n<meta name=\"robots\" content=\"index, follow, max-snippet:-1, max-image-preview:large, max-video-preview:-1\" \/>\n<link rel=\"canonical\" href=\"https:\/\/www.nomme.ee\/paaskula-noortekeskus\/skatepargi-kasutamise-eeskirjad\/\" \/>\n<meta property=\"og:locale\" content=\"et_EE\" \/>\n<meta property=\"og:type\" content=\"article\" \/>\n<meta property=\"og:title\" content=\"Skatepargi kasutamise eeskirjad: &#8211; P\u00e4\u00e4sk\u00fcla noortekeskus\" \/>\n<meta property=\"og:description\" content=\"Eeskirjad skatepargi kasutamisel\" \/>\n<meta property=\"og:url\" content=\"https:\/\/www.nomme.ee\/paaskula-noortekeskus\/skatepargi-kasutamise-eeskirjad\/\" \/>\n<meta property=\"og:site_name\" content=\"P\u00e4\u00e4sk\u00fcla noortekeskus\" \/>\n<meta property=\"article:modified_time\" content=\"2026-02-19T17:45:10+00:00\" \/>\n<meta name=\"twitter:card\" content=\"summary_large_image\" \/>\n<meta name=\"twitter:label1\" content=\"Est. reading time\" \/>\n\t<meta name=\"twitter:data1\" content=\"2 minutit\" \/>\n<script type=\"application\/ld+json\" class=\"yoast-schema-graph\">{\"@context\":\"https:\\\/\\\/schema.org\",\"@graph\":[{\"@type\":\"WebPage\",\"@id\":\"https:\\\/\\\/www.nomme.ee\\\/paaskula-noortekeskus\\\/skatepargi-kasutamise-eeskirjad\\\/\",\"url\":\"https:\\\/\\\/www.nomme.ee\\\/paaskula-noortekeskus\\\/skatepargi-kasutamise-eeskirjad\\\/\",\"name\":\"Skatepargi kasutamise eeskirjad: &#8211; P\u00e4\u00e4sk\u00fcla noortekeskus\",\"isPartOf\":{\"@id\":\"https:\\\/\\\/www.nomme.ee\\\/paaskula-noortekeskus\\\/#website\"},\"datePublished\":\"2021-10-05T13:33:10+00:00\",\"dateModified\":\"2026-02-19T17:45:10+00:00\",\"description\":\"Eeskirjad skatepargi kasutamisel\",\"breadcrumb\":{\"@id\":\"https:\\\/\\\/www.nomme.ee\\\/paaskula-noortekeskus\\\/skatepargi-kasutamise-eeskirjad\\\/#breadcrumb\"},\"inLanguage\":\"et\",\"potentialAction\":[{\"@type\":\"ReadAction\",\"target\":[\"https:\\\/\\\/www.nomme.ee\\\/paaskula-noortekeskus\\\/skatepargi-kasutamise-eeskirjad\\\/\"]}]},{\"@type\":\"BreadcrumbList\",\"@id\":\"https:\\\/\\\/www.nomme.ee\\\/paaskula-noortekeskus\\\/skatepargi-kasutamise-eeskirjad\\\/#breadcrumb\",\"itemListElement\":[{\"@type\":\"ListItem\",\"position\":1,\"name\":\"N\u00f5mme Vaba Aja Keskus\",\"item\":\"https:\\\/\\\/www.nomme.ee\"},{\"@type\":\"ListItem\",\"position\":2,\"name\":\"P\u00e4\u00e4sk\u00fcla noortekeskus\",\"item\":\"https:\\\/\\\/www.nomme.ee\\\/paaskula-noortekeskus\\\/\"},{\"@type\":\"ListItem\",\"position\":3,\"name\":\"Skatepargi kasutamise eeskirjad:\"}]},{\"@type\":\"WebSite\",\"@id\":\"https:\\\/\\\/www.nomme.ee\\\/paaskula-noortekeskus\\\/#website\",\"url\":\"https:\\\/\\\/www.nomme.ee\\\/paaskula-noortekeskus\\\/\",\"name\":\"P\u00e4\u00e4sk\u00fcla noortekeskus\",\"description\":\"\",\"potentialAction\":[{\"@type\":\"SearchAction\",\"target\":{\"@type\":\"EntryPoint\",\"urlTemplate\":\"https:\\\/\\\/www.nomme.ee\\\/paaskula-noortekeskus\\\/?s={search_term_string}\"},\"query-input\":{\"@type\":\"PropertyValueSpecification\",\"valueRequired\":true,\"valueName\":\"search_term_string\"}}],\"inLanguage\":\"et\"}]}<\/script>\n<!-- \/ Yoast SEO plugin. -->","yoast_head_json":{"title":"Skatepargi kasutamise eeskirjad: &#8211; P\u00e4\u00e4sk\u00fcla noortekeskus","description":"Eeskirjad skatepargi kasutamisel","robots":{"index":"index","follow":"follow","max-snippet":"max-snippet:-1","max-image-preview":"max-image-preview:large","max-video-preview":"max-video-preview:-1"},"canonical":"https:\/\/www.nomme.ee\/paaskula-noortekeskus\/skatepargi-kasutamise-eeskirjad\/","og_locale":"et_EE","og_type":"article","og_title":"Skatepargi kasutamise eeskirjad: &#8211; P\u00e4\u00e4sk\u00fcla noortekeskus","og_description":"Eeskirjad skatepargi kasutamisel","og_url":"https:\/\/www.nomme.ee\/paaskula-noortekeskus\/skatepargi-kasutamise-eeskirjad\/","og_site_name":"P\u00e4\u00e4sk\u00fcla noortekeskus","article_modified_time":"2026-02-19T17:45:10+00:00","twitter_card":"summary_large_image","twitter_misc":{"Est. reading time":"2 minutit"},"schema":{"@context":"https:\/\/schema.org","@graph":[{"@type":"WebPage","@id":"https:\/\/www.nomme.ee\/paaskula-noortekeskus\/skatepargi-kasutamise-eeskirjad\/","url":"https:\/\/www.nomme.ee\/paaskula-noortekeskus\/skatepargi-kasutamise-eeskirjad\/","name":"Skatepargi kasutamise eeskirjad: &#8211; P\u00e4\u00e4sk\u00fcla noortekeskus","isPartOf":{"@id":"https:\/\/www.nomme.ee\/paaskula-noortekeskus\/#website"},"datePublished":"2021-10-05T13:33:10+00:00","dateModified":"2026-02-19T17:45:10+00:00","description":"Eeskirjad skatepargi kasutamisel","breadcrumb":{"@id":"https:\/\/www.nomme.ee\/paaskula-noortekeskus\/skatepargi-kasutamise-eeskirjad\/#breadcrumb"},"inLanguage":"et","potentialAction":[{"@type":"ReadAction","target":["https:\/\/www.nomme.ee\/paaskula-noortekeskus\/skatepargi-kasutamise-eeskirjad\/"]}]},{"@type":"BreadcrumbList","@id":"https:\/\/www.nomme.ee\/paaskula-noortekeskus\/skatepargi-kasutamise-eeskirjad\/#breadcrumb","itemListElement":[{"@type":"ListItem","position":1,"name":"N\u00f5mme Vaba Aja Keskus","item":"https:\/\/www.nomme.ee"},{"@type":"ListItem","position":2,"name":"P\u00e4\u00e4sk\u00fcla noortekeskus","item":"https:\/\/www.nomme.ee\/paaskula-noortekeskus\/"},{"@type":"ListItem","position":3,"name":"Skatepargi kasutamise eeskirjad:"}]},{"@type":"WebSite","@id":"https:\/\/www.nomme.ee\/paaskula-noortekeskus\/#website","url":"https:\/\/www.nomme.ee\/paaskula-noortekeskus\/","name":"P\u00e4\u00e4sk\u00fcla noortekeskus","description":"","potentialAction":[{"@type":"SearchAction","target":{"@type":"EntryPoint","urlTemplate":"https:\/\/www.nomme.ee\/paaskula-noortekeskus\/?s={search_term_string}"},"query-input":{"@type":"PropertyValueSpecification","valueRequired":true,"valueName":"search_term_string"}}],"inLanguage":"et"}]}},"_links":{"self":[{"href":"https:\/\/www.nomme.ee\/paaskula-noortekeskus\/wp-json\/wp\/v2\/pages\/273","targetHints":{"allow":["GET"]}}],"collection":[{"href":"https:\/\/www.nomme.ee\/paaskula-noortekeskus\/wp-json\/wp\/v2\/pages"}],"about":[{"href":"https:\/\/www.nomme.ee\/paaskula-noortekeskus\/wp-json\/wp\/v2\/types\/page"}],"author":[{"embeddable":true,"href":"https:\/\/www.nomme.ee\/paaskula-noortekeskus\/wp-json\/wp\/v2\/users\/10"}],"replies":[{"embeddable":true,"href":"https:\/\/www.nomme.ee\/paaskula-noortekeskus\/wp-json\/wp\/v2\/comments?post=273"}],"version-history":[{"count":13,"href":"https:\/\/www.nomme.ee\/paaskula-noortekeskus\/wp-json\/wp\/v2\/pages\/273\/revisions"}],"predecessor-version":[{"id":1536,"href":"https:\/\/www.nomme.ee\/paaskula-noortekeskus\/wp-json\/wp\/v2\/pages\/273\/revisions\/1536"}],"wp:attachment":[{"href":"https:\/\/www.nomme.ee\/paaskula-noortekeskus\/wp-json\/wp\/v2\/media?parent=273"}],"curies":[{"name":"wp","href":"https:\/\/api.w.org\/{rel}","templated":true}]}}