{"id":39,"date":"2021-08-31T10:06:42","date_gmt":"2021-08-31T10:06:42","guid":{"rendered":"http:\/\/www.nomme.ee\/paaskula-noortekeskus\/?page_id=39"},"modified":"2026-02-06T11:59:00","modified_gmt":"2026-02-06T11:59:00","slug":"skatepark","status":"publish","type":"page","link":"https:\/\/www.nomme.ee\/paaskula-noortekeskus\/skatepark\/","title":{"rendered":"Skatepark"},"content":{"rendered":"<p>P\u00e4\u00e4sk\u00fcla noortekeskuses asub Tallinna ainus siseskatepark, mis ehitati 2002 kevadel m\u00f5eldes nii BMX, rula, uisu kui ka t\u00f5ukeratta s\u00f5itjatele.<\/p>\n<p><span style=\"text-decoration: underline;\"><strong>Avatud:<\/strong><\/span><\/p>\n<p><b>E-R kl 13-18.30<\/b><\/p>\n<p><span style=\"color: #008080;\"><strong>Parki on korraga lubatud maksimaalselt 20 inimest<\/strong><\/span><\/p>\n<p><strong>NB! J\u00e4lgi jooksvat infot:<br \/>\n<\/strong>Facebooki grupist: \u00a0<a href=\"https:\/\/www.facebook.com\/groups\/355560641520114\/\">P\u00e4ssa sk8park \u00a0<\/a><br \/>\nja instagramist: @p2ssa.sk8park<br \/>\nMeilt saab laenutada ka kiivrit, kaitsmeid, t\u00f5uekerattaid ja rula.<\/p>\n<p><strong>P\u00e4evapilet:\u00a0 3\u20ac<br \/>\nPargi rent (lahtioleku v\u00e4lisel ajal): 25\u20ac\/h<\/strong><\/p>\n<p>Tasuda saab nii sularahas, kui ka kaardiga.<\/p>\n<h3><a class=\"main-btn\" href=\"https:\/\/www.nomme.ee\/paaskula-noortekeskus\/skatepargi-kasutamise-eeskirjad\/\" target=\"_blank\" rel=\"noopener\">Kasutuseeskirjad<\/a><\/h3>\n","protected":false},"excerpt":{"rendered":"<p>P\u00e4\u00e4sk\u00fcla noortekeskuses asub Tallinna ainus siseskatepark, mis ehitati 2002 kevadel m\u00f5eldes nii BMX, rula, uisu kui ka t\u00f5ukeratta s\u00f5itjatele. Avatud: E-R kl 13-18.30 Parki on korraga lubatud maksimaalselt 20 inimest NB! J\u00e4lgi jooksvat infot: Facebooki grupist: \u00a0P\u00e4ssa sk8park \u00a0 ja instagramist: @p2ssa.sk8park Meilt saab laenutada ka kiivrit, kaitsmeid, t\u00f5uekerattaid ja rula. P\u00e4evapilet:\u00a0 3\u20ac Pargi rent [&hellip;]<\/p>\n","protected":false},"author":1,"featured_media":1055,"parent":0,"menu_order":0,"comment_status":"closed","ping_status":"closed","template":"","meta":{"_acf_changed":false,"footnotes":""},"class_list":["post-39","page","type-page","status-publish","has-post-thumbnail","hentry"],"acf":[],"yoast_head":"<!-- This site is optimized with the Yoast SEO plugin v27.5 - https:\/\/yoast.com\/product\/yoast-seo-wordpress\/ -->\n<title>Skatepark &#8211; P\u00e4\u00e4sk\u00fcla noortekeskus<\/title>\n<meta name=\"robots\" content=\"index, follow, max-snippet:-1, max-image-preview:large, max-video-preview:-1\" \/>\n<link rel=\"canonical\" href=\"https:\/\/www.nomme.ee\/paaskula-noortekeskus\/skatepark\/\" \/>\n<meta property=\"og:locale\" content=\"et_EE\" \/>\n<meta property=\"og:type\" content=\"article\" \/>\n<meta property=\"og:title\" content=\"Skatepark &#8211; P\u00e4\u00e4sk\u00fcla noortekeskus\" \/>\n<meta property=\"og:description\" content=\"P\u00e4\u00e4sk\u00fcla noortekeskuses asub Tallinna ainus siseskatepark, mis ehitati 2002 kevadel m\u00f5eldes nii BMX, rula, uisu kui ka t\u00f5ukeratta s\u00f5itjatele. Avatud: E-R kl 13-18.30 Parki on korraga lubatud maksimaalselt 20 inimest NB! J\u00e4lgi jooksvat infot: Facebooki grupist: \u00a0P\u00e4ssa sk8park \u00a0 ja instagramist: @p2ssa.sk8park Meilt saab laenutada ka kiivrit, kaitsmeid, t\u00f5uekerattaid ja rula. P\u00e4evapilet:\u00a0 3\u20ac Pargi rent [&hellip;]\" \/>\n<meta property=\"og:url\" content=\"https:\/\/www.nomme.ee\/paaskula-noortekeskus\/skatepark\/\" \/>\n<meta property=\"og:site_name\" content=\"P\u00e4\u00e4sk\u00fcla noortekeskus\" \/>\n<meta property=\"article:modified_time\" content=\"2026-02-06T11:59:00+00:00\" \/>\n<meta property=\"og:image\" content=\"https:\/\/www.nomme.ee\/paaskula-noortekeskus\/wp-content\/uploads\/sites\/4\/2024\/10\/DSC_3468-scaled-1.jpg\" \/>\n\t<meta property=\"og:image:width\" content=\"2560\" \/>\n\t<meta property=\"og:image:height\" content=\"1709\" \/>\n\t<meta property=\"og:image:type\" content=\"image\/jpeg\" \/>\n<meta name=\"twitter:card\" content=\"summary_large_image\" \/>\n<meta name=\"twitter:label1\" content=\"Est. reading time\" \/>\n\t<meta name=\"twitter:data1\" content=\"1 minut\" \/>\n<script type=\"application\/ld+json\" class=\"yoast-schema-graph\">{\"@context\":\"https:\\\/\\\/schema.org\",\"@graph\":[{\"@type\":\"WebPage\",\"@id\":\"https:\\\/\\\/www.nomme.ee\\\/paaskula-noortekeskus\\\/skatepark\\\/\",\"url\":\"https:\\\/\\\/www.nomme.ee\\\/paaskula-noortekeskus\\\/skatepark\\\/\",\"name\":\"Skatepark &#8211; P\u00e4\u00e4sk\u00fcla noortekeskus\",\"isPartOf\":{\"@id\":\"https:\\\/\\\/www.nomme.ee\\\/paaskula-noortekeskus\\\/#website\"},\"primaryImageOfPage\":{\"@id\":\"https:\\\/\\\/www.nomme.ee\\\/paaskula-noortekeskus\\\/skatepark\\\/#primaryimage\"},\"image\":{\"@id\":\"https:\\\/\\\/www.nomme.ee\\\/paaskula-noortekeskus\\\/skatepark\\\/#primaryimage\"},\"thumbnailUrl\":\"https:\\\/\\\/www.nomme.ee\\\/paaskula-noortekeskus\\\/wp-content\\\/uploads\\\/sites\\\/4\\\/2024\\\/10\\\/DSC_3468-scaled-1.jpg\",\"datePublished\":\"2021-08-31T10:06:42+00:00\",\"dateModified\":\"2026-02-06T11:59:00+00:00\",\"breadcrumb\":{\"@id\":\"https:\\\/\\\/www.nomme.ee\\\/paaskula-noortekeskus\\\/skatepark\\\/#breadcrumb\"},\"inLanguage\":\"et\",\"potentialAction\":[{\"@type\":\"ReadAction\",\"target\":[\"https:\\\/\\\/www.nomme.ee\\\/paaskula-noortekeskus\\\/skatepark\\\/\"]}]},{\"@type\":\"ImageObject\",\"inLanguage\":\"et\",\"@id\":\"https:\\\/\\\/www.nomme.ee\\\/paaskula-noortekeskus\\\/skatepark\\\/#primaryimage\",\"url\":\"https:\\\/\\\/www.nomme.ee\\\/paaskula-noortekeskus\\\/wp-content\\\/uploads\\\/sites\\\/4\\\/2024\\\/10\\\/DSC_3468-scaled-1.jpg\",\"contentUrl\":\"https:\\\/\\\/www.nomme.ee\\\/paaskula-noortekeskus\\\/wp-content\\\/uploads\\\/sites\\\/4\\\/2024\\\/10\\\/DSC_3468-scaled-1.jpg\",\"width\":2560,\"height\":1709},{\"@type\":\"BreadcrumbList\",\"@id\":\"https:\\\/\\\/www.nomme.ee\\\/paaskula-noortekeskus\\\/skatepark\\\/#breadcrumb\",\"itemListElement\":[{\"@type\":\"ListItem\",\"position\":1,\"name\":\"N\u00f5mme Vaba Aja Keskus\",\"item\":\"https:\\\/\\\/www.nomme.ee\"},{\"@type\":\"ListItem\",\"position\":2,\"name\":\"P\u00e4\u00e4sk\u00fcla noortekeskus\",\"item\":\"https:\\\/\\\/www.nomme.ee\\\/paaskula-noortekeskus\\\/\"},{\"@type\":\"ListItem\",\"position\":3,\"name\":\"Skatepark\"}]},{\"@type\":\"WebSite\",\"@id\":\"https:\\\/\\\/www.nomme.ee\\\/paaskula-noortekeskus\\\/#website\",\"url\":\"https:\\\/\\\/www.nomme.ee\\\/paaskula-noortekeskus\\\/\",\"name\":\"P\u00e4\u00e4sk\u00fcla noortekeskus\",\"description\":\"\",\"potentialAction\":[{\"@type\":\"SearchAction\",\"target\":{\"@type\":\"EntryPoint\",\"urlTemplate\":\"https:\\\/\\\/www.nomme.ee\\\/paaskula-noortekeskus\\\/?s={search_term_string}\"},\"query-input\":{\"@type\":\"PropertyValueSpecification\",\"valueRequired\":true,\"valueName\":\"search_term_string\"}}],\"inLanguage\":\"et\"}]}<\/script>\n<!-- \/ Yoast SEO plugin. -->","yoast_head_json":{"title":"Skatepark &#8211; P\u00e4\u00e4sk\u00fcla noortekeskus","robots":{"index":"index","follow":"follow","max-snippet":"max-snippet:-1","max-image-preview":"max-image-preview:large","max-video-preview":"max-video-preview:-1"},"canonical":"https:\/\/www.nomme.ee\/paaskula-noortekeskus\/skatepark\/","og_locale":"et_EE","og_type":"article","og_title":"Skatepark &#8211; P\u00e4\u00e4sk\u00fcla noortekeskus","og_description":"P\u00e4\u00e4sk\u00fcla noortekeskuses asub Tallinna ainus siseskatepark, mis ehitati 2002 kevadel m\u00f5eldes nii BMX, rula, uisu kui ka t\u00f5ukeratta s\u00f5itjatele. Avatud: E-R kl 13-18.30 Parki on korraga lubatud maksimaalselt 20 inimest NB! J\u00e4lgi jooksvat infot: Facebooki grupist: \u00a0P\u00e4ssa sk8park \u00a0 ja instagramist: @p2ssa.sk8park Meilt saab laenutada ka kiivrit, kaitsmeid, t\u00f5uekerattaid ja rula. P\u00e4evapilet:\u00a0 3\u20ac Pargi rent [&hellip;]","og_url":"https:\/\/www.nomme.ee\/paaskula-noortekeskus\/skatepark\/","og_site_name":"P\u00e4\u00e4sk\u00fcla noortekeskus","article_modified_time":"2026-02-06T11:59:00+00:00","og_image":[{"width":2560,"height":1709,"url":"https:\/\/www.nomme.ee\/paaskula-noortekeskus\/wp-content\/uploads\/sites\/4\/2024\/10\/DSC_3468-scaled-1.jpg","type":"image\/jpeg"}],"twitter_card":"summary_large_image","twitter_misc":{"Est. reading time":"1 minut"},"schema":{"@context":"https:\/\/schema.org","@graph":[{"@type":"WebPage","@id":"https:\/\/www.nomme.ee\/paaskula-noortekeskus\/skatepark\/","url":"https:\/\/www.nomme.ee\/paaskula-noortekeskus\/skatepark\/","name":"Skatepark &#8211; P\u00e4\u00e4sk\u00fcla noortekeskus","isPartOf":{"@id":"https:\/\/www.nomme.ee\/paaskula-noortekeskus\/#website"},"primaryImageOfPage":{"@id":"https:\/\/www.nomme.ee\/paaskula-noortekeskus\/skatepark\/#primaryimage"},"image":{"@id":"https:\/\/www.nomme.ee\/paaskula-noortekeskus\/skatepark\/#primaryimage"},"thumbnailUrl":"https:\/\/www.nomme.ee\/paaskula-noortekeskus\/wp-content\/uploads\/sites\/4\/2024\/10\/DSC_3468-scaled-1.jpg","datePublished":"2021-08-31T10:06:42+00:00","dateModified":"2026-02-06T11:59:00+00:00","breadcrumb":{"@id":"https:\/\/www.nomme.ee\/paaskula-noortekeskus\/skatepark\/#breadcrumb"},"inLanguage":"et","potentialAction":[{"@type":"ReadAction","target":["https:\/\/www.nomme.ee\/paaskula-noortekeskus\/skatepark\/"]}]},{"@type":"ImageObject","inLanguage":"et","@id":"https:\/\/www.nomme.ee\/paaskula-noortekeskus\/skatepark\/#primaryimage","url":"https:\/\/www.nomme.ee\/paaskula-noortekeskus\/wp-content\/uploads\/sites\/4\/2024\/10\/DSC_3468-scaled-1.jpg","contentUrl":"https:\/\/www.nomme.ee\/paaskula-noortekeskus\/wp-content\/uploads\/sites\/4\/2024\/10\/DSC_3468-scaled-1.jpg","width":2560,"height":1709},{"@type":"BreadcrumbList","@id":"https:\/\/www.nomme.ee\/paaskula-noortekeskus\/skatepark\/#breadcrumb","itemListElement":[{"@type":"ListItem","position":1,"name":"N\u00f5mme Vaba Aja Keskus","item":"https:\/\/www.nomme.ee"},{"@type":"ListItem","position":2,"name":"P\u00e4\u00e4sk\u00fcla noortekeskus","item":"https:\/\/www.nomme.ee\/paaskula-noortekeskus\/"},{"@type":"ListItem","position":3,"name":"Skatepark"}]},{"@type":"WebSite","@id":"https:\/\/www.nomme.ee\/paaskula-noortekeskus\/#website","url":"https:\/\/www.nomme.ee\/paaskula-noortekeskus\/","name":"P\u00e4\u00e4sk\u00fcla noortekeskus","description":"","potentialAction":[{"@type":"SearchAction","target":{"@type":"EntryPoint","urlTemplate":"https:\/\/www.nomme.ee\/paaskula-noortekeskus\/?s={search_term_string}"},"query-input":{"@type":"PropertyValueSpecification","valueRequired":true,"valueName":"search_term_string"}}],"inLanguage":"et"}]}},"_links":{"self":[{"href":"https:\/\/www.nomme.ee\/paaskula-noortekeskus\/wp-json\/wp\/v2\/pages\/39","targetHints":{"allow":["GET"]}}],"collection":[{"href":"https:\/\/www.nomme.ee\/paaskula-noortekeskus\/wp-json\/wp\/v2\/pages"}],"about":[{"href":"https:\/\/www.nomme.ee\/paaskula-noortekeskus\/wp-json\/wp\/v2\/types\/page"}],"author":[{"embeddable":true,"href":"https:\/\/www.nomme.ee\/paaskula-noortekeskus\/wp-json\/wp\/v2\/users\/1"}],"replies":[{"embeddable":true,"href":"https:\/\/www.nomme.ee\/paaskula-noortekeskus\/wp-json\/wp\/v2\/comments?post=39"}],"version-history":[{"count":44,"href":"https:\/\/www.nomme.ee\/paaskula-noortekeskus\/wp-json\/wp\/v2\/pages\/39\/revisions"}],"predecessor-version":[{"id":1485,"href":"https:\/\/www.nomme.ee\/paaskula-noortekeskus\/wp-json\/wp\/v2\/pages\/39\/revisions\/1485"}],"wp:featuredmedia":[{"embeddable":true,"href":"https:\/\/www.nomme.ee\/paaskula-noortekeskus\/wp-json\/wp\/v2\/media\/1055"}],"wp:attachment":[{"href":"https:\/\/www.nomme.ee\/paaskula-noortekeskus\/wp-json\/wp\/v2\/media?parent=39"}],"curies":[{"name":"wp","href":"https:\/\/api.w.org\/{rel}","templated":true}]}}