{"id":53,"date":"2021-08-17T08:34:22","date_gmt":"2021-08-17T08:34:22","guid":{"rendered":"http:\/\/www.nomme.ee\/paaskula-noortekeskus\/?page_id=53"},"modified":"2025-03-20T07:11:35","modified_gmt":"2025-03-20T07:11:35","slug":"meist","status":"publish","type":"page","link":"https:\/\/www.nomme.ee\/paaskula-noortekeskus\/meist\/","title":{"rendered":"Noortekeskusest"},"content":{"rendered":"<p>P\u00e4\u00e4sk\u00fcla noortekeskus asutati 2002. aastal 17. mail. Keskus l\u00e4htub oma t\u00f6\u00f6s avatud noorsoot\u00f6\u00f6 p\u00f5him\u00f5tetest ning pakub\u00a07-26-aastastele noortele\u00a0vaba aja veetmise v\u00f5imalusi.<\/p>\n<p class=\"editor-content__cta\"><a class=\"main-btn\" href=\"https:\/\/virtuaaltuur.tallinn.ee\/?tour=paaskula\" target=\"_blank\">Vaata virtuaaltuuri<\/a><\/p>\n<p>&nbsp;<\/p>\n<p>&nbsp;<\/p>\n<p>&nbsp;<\/p>\n<p>Meil saab m\u00e4ngida piljardit, lauatennist, lauajalgpalli, erinevaid lauam\u00e4nge ning teisel korrusel ka Playstation 4. Pea igal n\u00e4dalal leiavad noortekeskuses aset erinevad v\u00f5istlused, t\u00f6\u00f6toad, huviringid, kohtumis\u00f5htud jm huvitavad tegevused.<\/p>\n<p>Noortekeskuse t\u00f6\u00f6tajad on kvalifitseeritud spetsialistid, kes toetavad noorte omaalgatust (\u00fcrituse korraldamise kogemus, juhiroll, avalik esinemine, vabatahtlik t\u00f6\u00f6 jne). Noorsoot\u00f6\u00f6tajad tegelevad ka noorte esmase n\u00f5ustamisega ning neile noorteinfo edastamisega.<\/p>\n<p>Lisav\u00e4\u00e4rtusena kuulub P\u00e4\u00e4sk\u00fcla noortekeskuse juurde ka siseskatepark, kus noored saavad s\u00f5ita t\u00f5ukeratta, trikijalgratta, rula ja trikirulluiskudega. Siseskateparki on v\u00f5imalik rentida ka s\u00fcnnip\u00e4evade pidamiseks.<\/p>\n<p>P\u00e4\u00e4sk\u00fcla noortekeskuse k\u00fclastamine on noortele\u00a0TASUTA.<\/p>\n<p><a class=\"main-btn\" href=\"http:\/\/www.nomme.ee\/paaskula-noortekeskus\/kodukord\" target=\"_blank\" rel=\"noopener\">Vaata kodukorda<\/a><\/p>\n","protected":false},"excerpt":{"rendered":"<p>P\u00e4\u00e4sk\u00fcla noortekeskus asutati 2002. aastal 17. mail. Keskus l\u00e4htub oma t\u00f6\u00f6s avatud noorsoot\u00f6\u00f6 p\u00f5him\u00f5tetest ning pakub\u00a07-26-aastastele noortele\u00a0vaba aja veetmise v\u00f5imalusi. &nbsp; &nbsp; &nbsp; Meil saab m\u00e4ngida piljardit, lauatennist, lauajalgpalli, erinevaid lauam\u00e4nge ning teisel korrusel ka Playstation 4. Pea igal n\u00e4dalal leiavad noortekeskuses aset erinevad v\u00f5istlused, t\u00f6\u00f6toad, huviringid, kohtumis\u00f5htud jm huvitavad tegevused. Noortekeskuse t\u00f6\u00f6tajad on kvalifitseeritud [&hellip;]<\/p>\n","protected":false},"author":1,"featured_media":0,"parent":0,"menu_order":0,"comment_status":"closed","ping_status":"closed","template":"","meta":{"_acf_changed":false,"footnotes":""},"class_list":["post-53","page","type-page","status-publish","hentry"],"acf":[],"yoast_head":"<!-- This site is optimized with the Yoast SEO plugin v27.5 - https:\/\/yoast.com\/product\/yoast-seo-wordpress\/ -->\n<title>Noortekeskusest &#8211; P\u00e4\u00e4sk\u00fcla noortekeskus<\/title>\n<meta name=\"robots\" content=\"index, follow, max-snippet:-1, max-image-preview:large, max-video-preview:-1\" \/>\n<link rel=\"canonical\" href=\"https:\/\/www.nomme.ee\/paaskula-noortekeskus\/meist\/\" \/>\n<meta property=\"og:locale\" content=\"et_EE\" \/>\n<meta property=\"og:type\" content=\"article\" \/>\n<meta property=\"og:title\" content=\"Noortekeskusest &#8211; P\u00e4\u00e4sk\u00fcla noortekeskus\" \/>\n<meta property=\"og:description\" content=\"P\u00e4\u00e4sk\u00fcla noortekeskus asutati 2002. aastal 17. mail. Keskus l\u00e4htub oma t\u00f6\u00f6s avatud noorsoot\u00f6\u00f6 p\u00f5him\u00f5tetest ning pakub\u00a07-26-aastastele noortele\u00a0vaba aja veetmise v\u00f5imalusi. &nbsp; &nbsp; &nbsp; Meil saab m\u00e4ngida piljardit, lauatennist, lauajalgpalli, erinevaid lauam\u00e4nge ning teisel korrusel ka Playstation 4. Pea igal n\u00e4dalal leiavad noortekeskuses aset erinevad v\u00f5istlused, t\u00f6\u00f6toad, huviringid, kohtumis\u00f5htud jm huvitavad tegevused. Noortekeskuse t\u00f6\u00f6tajad on kvalifitseeritud [&hellip;]\" \/>\n<meta property=\"og:url\" content=\"https:\/\/www.nomme.ee\/paaskula-noortekeskus\/meist\/\" \/>\n<meta property=\"og:site_name\" content=\"P\u00e4\u00e4sk\u00fcla noortekeskus\" \/>\n<meta property=\"article:modified_time\" content=\"2025-03-20T07:11:35+00:00\" \/>\n<meta property=\"og:image\" content=\"https:\/\/www.nomme.ee\/paaskula-noortekeskus\/wp-content\/uploads\/sites\/4\/2024\/09\/20240219-1177-scaled.jpg\" \/>\n\t<meta property=\"og:image:width\" content=\"2560\" \/>\n\t<meta property=\"og:image:height\" content=\"1706\" \/>\n\t<meta property=\"og:image:type\" content=\"image\/jpeg\" \/>\n<meta name=\"twitter:card\" content=\"summary_large_image\" \/>\n<meta name=\"twitter:label1\" content=\"Est. reading time\" \/>\n\t<meta name=\"twitter:data1\" content=\"1 minut\" \/>\n<script type=\"application\/ld+json\" class=\"yoast-schema-graph\">{\"@context\":\"https:\\\/\\\/schema.org\",\"@graph\":[{\"@type\":\"WebPage\",\"@id\":\"https:\\\/\\\/www.nomme.ee\\\/paaskula-noortekeskus\\\/meist\\\/\",\"url\":\"https:\\\/\\\/www.nomme.ee\\\/paaskula-noortekeskus\\\/meist\\\/\",\"name\":\"Noortekeskusest &#8211; P\u00e4\u00e4sk\u00fcla noortekeskus\",\"isPartOf\":{\"@id\":\"https:\\\/\\\/www.nomme.ee\\\/paaskula-noortekeskus\\\/#website\"},\"datePublished\":\"2021-08-17T08:34:22+00:00\",\"dateModified\":\"2025-03-20T07:11:35+00:00\",\"breadcrumb\":{\"@id\":\"https:\\\/\\\/www.nomme.ee\\\/paaskula-noortekeskus\\\/meist\\\/#breadcrumb\"},\"inLanguage\":\"et\",\"potentialAction\":[{\"@type\":\"ReadAction\",\"target\":[\"https:\\\/\\\/www.nomme.ee\\\/paaskula-noortekeskus\\\/meist\\\/\"]}]},{\"@type\":\"BreadcrumbList\",\"@id\":\"https:\\\/\\\/www.nomme.ee\\\/paaskula-noortekeskus\\\/meist\\\/#breadcrumb\",\"itemListElement\":[{\"@type\":\"ListItem\",\"position\":1,\"name\":\"N\u00f5mme Vaba Aja Keskus\",\"item\":\"https:\\\/\\\/www.nomme.ee\"},{\"@type\":\"ListItem\",\"position\":2,\"name\":\"P\u00e4\u00e4sk\u00fcla noortekeskus\",\"item\":\"https:\\\/\\\/www.nomme.ee\\\/paaskula-noortekeskus\\\/\"},{\"@type\":\"ListItem\",\"position\":3,\"name\":\"Noortekeskusest\"}]},{\"@type\":\"WebSite\",\"@id\":\"https:\\\/\\\/www.nomme.ee\\\/paaskula-noortekeskus\\\/#website\",\"url\":\"https:\\\/\\\/www.nomme.ee\\\/paaskula-noortekeskus\\\/\",\"name\":\"P\u00e4\u00e4sk\u00fcla noortekeskus\",\"description\":\"\",\"potentialAction\":[{\"@type\":\"SearchAction\",\"target\":{\"@type\":\"EntryPoint\",\"urlTemplate\":\"https:\\\/\\\/www.nomme.ee\\\/paaskula-noortekeskus\\\/?s={search_term_string}\"},\"query-input\":{\"@type\":\"PropertyValueSpecification\",\"valueRequired\":true,\"valueName\":\"search_term_string\"}}],\"inLanguage\":\"et\"}]}<\/script>\n<!-- \/ Yoast SEO plugin. -->","yoast_head_json":{"title":"Noortekeskusest &#8211; P\u00e4\u00e4sk\u00fcla noortekeskus","robots":{"index":"index","follow":"follow","max-snippet":"max-snippet:-1","max-image-preview":"max-image-preview:large","max-video-preview":"max-video-preview:-1"},"canonical":"https:\/\/www.nomme.ee\/paaskula-noortekeskus\/meist\/","og_locale":"et_EE","og_type":"article","og_title":"Noortekeskusest &#8211; P\u00e4\u00e4sk\u00fcla noortekeskus","og_description":"P\u00e4\u00e4sk\u00fcla noortekeskus asutati 2002. aastal 17. mail. Keskus l\u00e4htub oma t\u00f6\u00f6s avatud noorsoot\u00f6\u00f6 p\u00f5him\u00f5tetest ning pakub\u00a07-26-aastastele noortele\u00a0vaba aja veetmise v\u00f5imalusi. &nbsp; &nbsp; &nbsp; Meil saab m\u00e4ngida piljardit, lauatennist, lauajalgpalli, erinevaid lauam\u00e4nge ning teisel korrusel ka Playstation 4. Pea igal n\u00e4dalal leiavad noortekeskuses aset erinevad v\u00f5istlused, t\u00f6\u00f6toad, huviringid, kohtumis\u00f5htud jm huvitavad tegevused. Noortekeskuse t\u00f6\u00f6tajad on kvalifitseeritud [&hellip;]","og_url":"https:\/\/www.nomme.ee\/paaskula-noortekeskus\/meist\/","og_site_name":"P\u00e4\u00e4sk\u00fcla noortekeskus","article_modified_time":"2025-03-20T07:11:35+00:00","og_image":[{"width":2560,"height":1706,"url":"https:\/\/www.nomme.ee\/paaskula-noortekeskus\/wp-content\/uploads\/sites\/4\/2024\/09\/20240219-1177-scaled.jpg","type":"image\/jpeg"}],"twitter_card":"summary_large_image","twitter_misc":{"Est. reading time":"1 minut"},"schema":{"@context":"https:\/\/schema.org","@graph":[{"@type":"WebPage","@id":"https:\/\/www.nomme.ee\/paaskula-noortekeskus\/meist\/","url":"https:\/\/www.nomme.ee\/paaskula-noortekeskus\/meist\/","name":"Noortekeskusest &#8211; P\u00e4\u00e4sk\u00fcla noortekeskus","isPartOf":{"@id":"https:\/\/www.nomme.ee\/paaskula-noortekeskus\/#website"},"datePublished":"2021-08-17T08:34:22+00:00","dateModified":"2025-03-20T07:11:35+00:00","breadcrumb":{"@id":"https:\/\/www.nomme.ee\/paaskula-noortekeskus\/meist\/#breadcrumb"},"inLanguage":"et","potentialAction":[{"@type":"ReadAction","target":["https:\/\/www.nomme.ee\/paaskula-noortekeskus\/meist\/"]}]},{"@type":"BreadcrumbList","@id":"https:\/\/www.nomme.ee\/paaskula-noortekeskus\/meist\/#breadcrumb","itemListElement":[{"@type":"ListItem","position":1,"name":"N\u00f5mme Vaba Aja Keskus","item":"https:\/\/www.nomme.ee"},{"@type":"ListItem","position":2,"name":"P\u00e4\u00e4sk\u00fcla noortekeskus","item":"https:\/\/www.nomme.ee\/paaskula-noortekeskus\/"},{"@type":"ListItem","position":3,"name":"Noortekeskusest"}]},{"@type":"WebSite","@id":"https:\/\/www.nomme.ee\/paaskula-noortekeskus\/#website","url":"https:\/\/www.nomme.ee\/paaskula-noortekeskus\/","name":"P\u00e4\u00e4sk\u00fcla noortekeskus","description":"","potentialAction":[{"@type":"SearchAction","target":{"@type":"EntryPoint","urlTemplate":"https:\/\/www.nomme.ee\/paaskula-noortekeskus\/?s={search_term_string}"},"query-input":{"@type":"PropertyValueSpecification","valueRequired":true,"valueName":"search_term_string"}}],"inLanguage":"et"}]}},"_links":{"self":[{"href":"https:\/\/www.nomme.ee\/paaskula-noortekeskus\/wp-json\/wp\/v2\/pages\/53","targetHints":{"allow":["GET"]}}],"collection":[{"href":"https:\/\/www.nomme.ee\/paaskula-noortekeskus\/wp-json\/wp\/v2\/pages"}],"about":[{"href":"https:\/\/www.nomme.ee\/paaskula-noortekeskus\/wp-json\/wp\/v2\/types\/page"}],"author":[{"embeddable":true,"href":"https:\/\/www.nomme.ee\/paaskula-noortekeskus\/wp-json\/wp\/v2\/users\/1"}],"replies":[{"embeddable":true,"href":"https:\/\/www.nomme.ee\/paaskula-noortekeskus\/wp-json\/wp\/v2\/comments?post=53"}],"version-history":[{"count":15,"href":"https:\/\/www.nomme.ee\/paaskula-noortekeskus\/wp-json\/wp\/v2\/pages\/53\/revisions"}],"predecessor-version":[{"id":1119,"href":"https:\/\/www.nomme.ee\/paaskula-noortekeskus\/wp-json\/wp\/v2\/pages\/53\/revisions\/1119"}],"wp:attachment":[{"href":"https:\/\/www.nomme.ee\/paaskula-noortekeskus\/wp-json\/wp\/v2\/media?parent=53"}],"curies":[{"name":"wp","href":"https:\/\/api.w.org\/{rel}","templated":true}]}}