{"id":877,"date":"2024-01-04T11:29:03","date_gmt":"2024-01-04T11:29:03","guid":{"rendered":"https:\/\/www.nomme.ee\/paaskula-noortekeskus\/?page_id=877"},"modified":"2025-03-20T07:19:03","modified_gmt":"2025-03-20T07:19:03","slug":"noorte-omaalgatus","status":"publish","type":"page","link":"https:\/\/www.nomme.ee\/paaskula-noortekeskus\/noorte-omaalgatus\/","title":{"rendered":"Noorte omaalgatus"},"content":{"rendered":"<div class=\"main-page__header\">\n<h2 class=\"main-page__title\"><span style=\"font-size: 16px\">Noorte omaalgatus on noorte m\u00f5tetest alguse saanud ideede arendamine ja elluviimine noorte endi poolt. Noorte omaalgatuse toetamine edendab noorte aktiivset eluhoiakut, suurendab teadlikkust t\u00f6\u00f6maailma toimimisest ning arendab nende ettev\u00f5tlikkust. <\/span><em style=\"font-size: 16px\">(Haridus- ja Noorteamet 2021)<\/em><\/h2>\n<\/div>\n<div class=\"main-page__body editor-content\">\n<div>Rohkem infot m\u00f5istmaks mis on noorte omaalgatus leiad Haridus- ja Noorteameti kodulehelt:<\/div>\n<div>\n<p class=\"editor-content__cta\"><a class=\"main-btn\" href=\"https:\/\/harno.ee\/noorte-omaalgatus\" target=\"_self\" rel=\"noopener\">Noorte omaalgatus<\/a><\/p>\n<\/div>\n<div>\u00a0 \u00a0 \u00a0 \u00a0 \u00a0 \u00a0 \u00a0 \u00a0 \u00a0 \u00a0 \u00a0 \u00a0 \u00a0 \u00a0 \u00a0 \u00a0 \u00a0 \u00a0 \u00a0 \u00a0 \u00a0 \u00a0 \u00a0 \u00a0 \u00a0 \u00a0 \u00a0 \u00a0 \u00a0 \u00a0 \u00a0 \u00a0 \u00a0 \u00a0 \u00a0 \u00a0 \u00a0 \u00a0 \u00a0 \u00a0 \u00a0 \u00a0 \u00a0 \u00a0 \u00a0 \u00a0 \u00a0 \u00a0 \u00a0 \u00a0 \u00a0 \u00a0 \u00a0 \u00a0 \u00a0 \u00a0 \u00a0<img loading=\"lazy\" decoding=\"async\" class=\"alignnone size-medium wp-image-882\" src=\"https:\/\/www.nomme.ee\/paaskula-noortekeskus\/wp-content\/uploads\/sites\/4\/2024\/01\/Noorte_omaalgatus-1440x783-1-300x163.jpeg\" alt=\"\" width=\"300\" height=\"163\" srcset=\"https:\/\/www.nomme.ee\/paaskula-noortekeskus\/wp-content\/uploads\/sites\/4\/2024\/01\/Noorte_omaalgatus-1440x783-1-300x163.jpeg 300w, https:\/\/www.nomme.ee\/paaskula-noortekeskus\/wp-content\/uploads\/sites\/4\/2024\/01\/Noorte_omaalgatus-1440x783-1-1024x557.jpeg 1024w, https:\/\/www.nomme.ee\/paaskula-noortekeskus\/wp-content\/uploads\/sites\/4\/2024\/01\/Noorte_omaalgatus-1440x783-1-768x418.jpeg 768w, https:\/\/www.nomme.ee\/paaskula-noortekeskus\/wp-content\/uploads\/sites\/4\/2024\/01\/Noorte_omaalgatus-1440x783-1-1200x653.jpeg 1200w, https:\/\/www.nomme.ee\/paaskula-noortekeskus\/wp-content\/uploads\/sites\/4\/2024\/01\/Noorte_omaalgatus-1440x783-1.jpeg 1440w\" sizes=\"auto, (max-width: 300px) 100vw, 300px\" \/><\/div>\n<div><\/div>\n<div>P\u00e4\u00e4sk\u00fcla Noortekeskuses t\u00f6\u00f6tavad professionaalsed noorsoot\u00f6\u00f6tajad ja me toetame igap\u00e4evaselt noorteomaalgatust. Noorte ideede p\u00f5hjal kujundame oma ruumid ja tegevuskava selliselt, et noorte h\u00e4\u00e4l ja m\u00f5tted sealt l\u00e4bi kumaks. Kaasame noori tegevuste ja \u00fcrituste korraldamisse ning anname v\u00f5imaluse vabatahtlikuks tegevuseks.<\/div>\n<div>\n<p>Et noored ise midagi ellu saaks viia, on v\u00f5imalik neil tulla noortekeskusesse ja t\u00f6\u00f6tajaga oma ideid jagada. Me aitame vahenditega, n\u00f5u ja tegevuse m\u00f5testamisega ning noorele endale j\u00e4\u00e4b korraldamise vaev. Rahaliselt toetame omaalgatusi \u00fches kuus 50\u20ac ulatuses.<\/p>\n<h4>Mis \u00fcldse on noorte omaalgatus?<\/h4>\n<p>See on mis iganes tegemine, mis on alguse saanud noorte ideest ja mille korralduses ning l\u00e4biviimises osalevad noored ise. Ideaalis v\u00f5iks tegevus olla m\u00f5eldud teistele noortele v\u00f5i (N\u00f5mme) kogukonnale laiemalt. Tegemise peaks ellu viima P\u00e4\u00e4sk\u00fcla noortekeskuses v\u00f5i N\u00f5mmel, aga ka muud m\u00f5tted on l\u00e4biarutatavad. Noorsoot\u00f6\u00f6tajad on kogu protsessis hea meelega abiks ja aitavad m\u00f5elda viise kuidas tegevus v\u00f5imalikult h\u00e4sti sujuks. Noorte omaalgatuse saavad teha k\u00f5ik 7-26 aastased noored. Vastavalt vanusele ja v\u00f5imetele on noorsoot\u00f6\u00f6taja toeks ning \u00fcldjuhul saame k\u00f5ik ideed \u00fchel v\u00f5i teisel viisil ellu viia.<\/p>\n<h4>Mida varem tehtud on?<\/h4>\n<p>Varem on noored korraldanud erinevaid turniire (n\u00e4iteks lauatennise, Minecrafti ja erinevaid lauam\u00e4ngu turniire), \u00fcritusi ( jalkap\u00e4ev, talgud) ja ringilisi tegevusi (kunstiring).<\/p>\n<h4>Mis 50\u20ac? Kuhu raha kulub v\u00f5i ei kulu?<\/h4>\n<p>Varasemalt on raha kulunud n\u00e4iteks auhindadeks, aga on ka korraldatud tegevusi, mille jaoks raha ei kulugi, sest korraldamise protsessis on v\u00e4lja tulnud, et P\u00e4\u00e4sk\u00fclas on k\u00f5ik \u00fcrituse korraldamiseks ja l\u00e4biviimiseks olemas.<\/p>\n<h3>Mul on idee ja tahan seda ellu viia \u2013 mis edasi?<\/h3>\n<p>Edasi on v\u00e4ga lihtne \u2013 tule noortekeskusesse v\u00f5i v\u00f5ta meiega \u00fchendust telefoni, emaili v\u00f5i sotsiaalmeedia kaudu. Aruta oma idee endale sobiva noorsoot\u00f6\u00f6tajaga l\u00e4bi, t\u00e4ida koos temaga l\u00fchike vorm ja saadki alustada korraldamisega.<\/p>\n<\/div>\n<\/div>\n<div class=\"main-page__body editor-content\">\n<div>\n<p>&nbsp;<\/p>\n<\/div>\n<\/div>\n","protected":false},"excerpt":{"rendered":"<p>Noorte omaalgatus on noorte m\u00f5tetest alguse saanud ideede arendamine ja elluviimine noorte endi poolt. Noorte omaalgatuse toetamine edendab noorte aktiivset eluhoiakut, suurendab teadlikkust t\u00f6\u00f6maailma toimimisest ning arendab nende ettev\u00f5tlikkust. (Haridus- ja Noorteamet 2021) Rohkem infot m\u00f5istmaks mis on noorte omaalgatus leiad Haridus- ja Noorteameti kodulehelt: Noorte omaalgatus \u00a0 \u00a0 \u00a0 \u00a0 \u00a0 \u00a0 \u00a0 \u00a0 [&hellip;]<\/p>\n","protected":false},"author":4,"featured_media":0,"parent":0,"menu_order":0,"comment_status":"closed","ping_status":"closed","template":"","meta":{"_acf_changed":false,"footnotes":""},"class_list":["post-877","page","type-page","status-publish","hentry"],"acf":[],"yoast_head":"<!-- This site is optimized with the Yoast SEO plugin v27.5 - https:\/\/yoast.com\/product\/yoast-seo-wordpress\/ -->\n<title>Noorte omaalgatus &#8211; P\u00e4\u00e4sk\u00fcla noortekeskus<\/title>\n<meta name=\"robots\" content=\"index, follow, max-snippet:-1, max-image-preview:large, max-video-preview:-1\" \/>\n<link rel=\"canonical\" href=\"https:\/\/www.nomme.ee\/paaskula-noortekeskus\/noorte-omaalgatus\/\" \/>\n<meta property=\"og:locale\" content=\"et_EE\" \/>\n<meta property=\"og:type\" content=\"article\" \/>\n<meta property=\"og:title\" content=\"Noorte omaalgatus &#8211; P\u00e4\u00e4sk\u00fcla noortekeskus\" \/>\n<meta property=\"og:description\" content=\"Noorte omaalgatus on noorte m\u00f5tetest alguse saanud ideede arendamine ja elluviimine noorte endi poolt. Noorte omaalgatuse toetamine edendab noorte aktiivset eluhoiakut, suurendab teadlikkust t\u00f6\u00f6maailma toimimisest ning arendab nende ettev\u00f5tlikkust. (Haridus- ja Noorteamet 2021) Rohkem infot m\u00f5istmaks mis on noorte omaalgatus leiad Haridus- ja Noorteameti kodulehelt: Noorte omaalgatus \u00a0 \u00a0 \u00a0 \u00a0 \u00a0 \u00a0 \u00a0 \u00a0 [&hellip;]\" \/>\n<meta property=\"og:url\" content=\"https:\/\/www.nomme.ee\/paaskula-noortekeskus\/noorte-omaalgatus\/\" \/>\n<meta property=\"og:site_name\" content=\"P\u00e4\u00e4sk\u00fcla noortekeskus\" \/>\n<meta property=\"article:modified_time\" content=\"2025-03-20T07:19:03+00:00\" \/>\n<meta property=\"og:image\" content=\"https:\/\/www.nomme.ee\/paaskula-noortekeskus\/wp-content\/uploads\/sites\/4\/2024\/01\/Noorte_omaalgatus-1440x783-1.jpeg\" \/>\n\t<meta property=\"og:image:width\" content=\"1440\" \/>\n\t<meta property=\"og:image:height\" content=\"783\" \/>\n\t<meta property=\"og:image:type\" content=\"image\/jpeg\" \/>\n<meta name=\"twitter:card\" content=\"summary_large_image\" \/>\n<meta name=\"twitter:label1\" content=\"Est. reading time\" \/>\n\t<meta name=\"twitter:data1\" content=\"2 minutit\" \/>\n<script type=\"application\/ld+json\" class=\"yoast-schema-graph\">{\"@context\":\"https:\\\/\\\/schema.org\",\"@graph\":[{\"@type\":\"WebPage\",\"@id\":\"https:\\\/\\\/www.nomme.ee\\\/paaskula-noortekeskus\\\/noorte-omaalgatus\\\/\",\"url\":\"https:\\\/\\\/www.nomme.ee\\\/paaskula-noortekeskus\\\/noorte-omaalgatus\\\/\",\"name\":\"Noorte omaalgatus &#8211; P\u00e4\u00e4sk\u00fcla noortekeskus\",\"isPartOf\":{\"@id\":\"https:\\\/\\\/www.nomme.ee\\\/paaskula-noortekeskus\\\/#website\"},\"primaryImageOfPage\":{\"@id\":\"https:\\\/\\\/www.nomme.ee\\\/paaskula-noortekeskus\\\/noorte-omaalgatus\\\/#primaryimage\"},\"image\":{\"@id\":\"https:\\\/\\\/www.nomme.ee\\\/paaskula-noortekeskus\\\/noorte-omaalgatus\\\/#primaryimage\"},\"thumbnailUrl\":\"https:\\\/\\\/www.nomme.ee\\\/paaskula-noortekeskus\\\/wp-content\\\/uploads\\\/sites\\\/4\\\/2024\\\/01\\\/Noorte_omaalgatus-1440x783-1-300x163.jpeg\",\"datePublished\":\"2024-01-04T11:29:03+00:00\",\"dateModified\":\"2025-03-20T07:19:03+00:00\",\"breadcrumb\":{\"@id\":\"https:\\\/\\\/www.nomme.ee\\\/paaskula-noortekeskus\\\/noorte-omaalgatus\\\/#breadcrumb\"},\"inLanguage\":\"et\",\"potentialAction\":[{\"@type\":\"ReadAction\",\"target\":[\"https:\\\/\\\/www.nomme.ee\\\/paaskula-noortekeskus\\\/noorte-omaalgatus\\\/\"]}]},{\"@type\":\"ImageObject\",\"inLanguage\":\"et\",\"@id\":\"https:\\\/\\\/www.nomme.ee\\\/paaskula-noortekeskus\\\/noorte-omaalgatus\\\/#primaryimage\",\"url\":\"https:\\\/\\\/www.nomme.ee\\\/paaskula-noortekeskus\\\/wp-content\\\/uploads\\\/sites\\\/4\\\/2024\\\/01\\\/Noorte_omaalgatus-1440x783-1.jpeg\",\"contentUrl\":\"https:\\\/\\\/www.nomme.ee\\\/paaskula-noortekeskus\\\/wp-content\\\/uploads\\\/sites\\\/4\\\/2024\\\/01\\\/Noorte_omaalgatus-1440x783-1.jpeg\",\"width\":1440,\"height\":783},{\"@type\":\"BreadcrumbList\",\"@id\":\"https:\\\/\\\/www.nomme.ee\\\/paaskula-noortekeskus\\\/noorte-omaalgatus\\\/#breadcrumb\",\"itemListElement\":[{\"@type\":\"ListItem\",\"position\":1,\"name\":\"N\u00f5mme Vaba Aja Keskus\",\"item\":\"https:\\\/\\\/www.nomme.ee\"},{\"@type\":\"ListItem\",\"position\":2,\"name\":\"P\u00e4\u00e4sk\u00fcla noortekeskus\",\"item\":\"https:\\\/\\\/www.nomme.ee\\\/paaskula-noortekeskus\\\/\"},{\"@type\":\"ListItem\",\"position\":3,\"name\":\"Noorte omaalgatus\"}]},{\"@type\":\"WebSite\",\"@id\":\"https:\\\/\\\/www.nomme.ee\\\/paaskula-noortekeskus\\\/#website\",\"url\":\"https:\\\/\\\/www.nomme.ee\\\/paaskula-noortekeskus\\\/\",\"name\":\"P\u00e4\u00e4sk\u00fcla noortekeskus\",\"description\":\"\",\"potentialAction\":[{\"@type\":\"SearchAction\",\"target\":{\"@type\":\"EntryPoint\",\"urlTemplate\":\"https:\\\/\\\/www.nomme.ee\\\/paaskula-noortekeskus\\\/?s={search_term_string}\"},\"query-input\":{\"@type\":\"PropertyValueSpecification\",\"valueRequired\":true,\"valueName\":\"search_term_string\"}}],\"inLanguage\":\"et\"}]}<\/script>\n<!-- \/ Yoast SEO plugin. -->","yoast_head_json":{"title":"Noorte omaalgatus &#8211; P\u00e4\u00e4sk\u00fcla noortekeskus","robots":{"index":"index","follow":"follow","max-snippet":"max-snippet:-1","max-image-preview":"max-image-preview:large","max-video-preview":"max-video-preview:-1"},"canonical":"https:\/\/www.nomme.ee\/paaskula-noortekeskus\/noorte-omaalgatus\/","og_locale":"et_EE","og_type":"article","og_title":"Noorte omaalgatus &#8211; P\u00e4\u00e4sk\u00fcla noortekeskus","og_description":"Noorte omaalgatus on noorte m\u00f5tetest alguse saanud ideede arendamine ja elluviimine noorte endi poolt. Noorte omaalgatuse toetamine edendab noorte aktiivset eluhoiakut, suurendab teadlikkust t\u00f6\u00f6maailma toimimisest ning arendab nende ettev\u00f5tlikkust. (Haridus- ja Noorteamet 2021) Rohkem infot m\u00f5istmaks mis on noorte omaalgatus leiad Haridus- ja Noorteameti kodulehelt: Noorte omaalgatus \u00a0 \u00a0 \u00a0 \u00a0 \u00a0 \u00a0 \u00a0 \u00a0 [&hellip;]","og_url":"https:\/\/www.nomme.ee\/paaskula-noortekeskus\/noorte-omaalgatus\/","og_site_name":"P\u00e4\u00e4sk\u00fcla noortekeskus","article_modified_time":"2025-03-20T07:19:03+00:00","og_image":[{"width":1440,"height":783,"url":"https:\/\/www.nomme.ee\/paaskula-noortekeskus\/wp-content\/uploads\/sites\/4\/2024\/01\/Noorte_omaalgatus-1440x783-1.jpeg","type":"image\/jpeg"}],"twitter_card":"summary_large_image","twitter_misc":{"Est. reading time":"2 minutit"},"schema":{"@context":"https:\/\/schema.org","@graph":[{"@type":"WebPage","@id":"https:\/\/www.nomme.ee\/paaskula-noortekeskus\/noorte-omaalgatus\/","url":"https:\/\/www.nomme.ee\/paaskula-noortekeskus\/noorte-omaalgatus\/","name":"Noorte omaalgatus &#8211; P\u00e4\u00e4sk\u00fcla noortekeskus","isPartOf":{"@id":"https:\/\/www.nomme.ee\/paaskula-noortekeskus\/#website"},"primaryImageOfPage":{"@id":"https:\/\/www.nomme.ee\/paaskula-noortekeskus\/noorte-omaalgatus\/#primaryimage"},"image":{"@id":"https:\/\/www.nomme.ee\/paaskula-noortekeskus\/noorte-omaalgatus\/#primaryimage"},"thumbnailUrl":"https:\/\/www.nomme.ee\/paaskula-noortekeskus\/wp-content\/uploads\/sites\/4\/2024\/01\/Noorte_omaalgatus-1440x783-1-300x163.jpeg","datePublished":"2024-01-04T11:29:03+00:00","dateModified":"2025-03-20T07:19:03+00:00","breadcrumb":{"@id":"https:\/\/www.nomme.ee\/paaskula-noortekeskus\/noorte-omaalgatus\/#breadcrumb"},"inLanguage":"et","potentialAction":[{"@type":"ReadAction","target":["https:\/\/www.nomme.ee\/paaskula-noortekeskus\/noorte-omaalgatus\/"]}]},{"@type":"ImageObject","inLanguage":"et","@id":"https:\/\/www.nomme.ee\/paaskula-noortekeskus\/noorte-omaalgatus\/#primaryimage","url":"https:\/\/www.nomme.ee\/paaskula-noortekeskus\/wp-content\/uploads\/sites\/4\/2024\/01\/Noorte_omaalgatus-1440x783-1.jpeg","contentUrl":"https:\/\/www.nomme.ee\/paaskula-noortekeskus\/wp-content\/uploads\/sites\/4\/2024\/01\/Noorte_omaalgatus-1440x783-1.jpeg","width":1440,"height":783},{"@type":"BreadcrumbList","@id":"https:\/\/www.nomme.ee\/paaskula-noortekeskus\/noorte-omaalgatus\/#breadcrumb","itemListElement":[{"@type":"ListItem","position":1,"name":"N\u00f5mme Vaba Aja Keskus","item":"https:\/\/www.nomme.ee"},{"@type":"ListItem","position":2,"name":"P\u00e4\u00e4sk\u00fcla noortekeskus","item":"https:\/\/www.nomme.ee\/paaskula-noortekeskus\/"},{"@type":"ListItem","position":3,"name":"Noorte omaalgatus"}]},{"@type":"WebSite","@id":"https:\/\/www.nomme.ee\/paaskula-noortekeskus\/#website","url":"https:\/\/www.nomme.ee\/paaskula-noortekeskus\/","name":"P\u00e4\u00e4sk\u00fcla noortekeskus","description":"","potentialAction":[{"@type":"SearchAction","target":{"@type":"EntryPoint","urlTemplate":"https:\/\/www.nomme.ee\/paaskula-noortekeskus\/?s={search_term_string}"},"query-input":{"@type":"PropertyValueSpecification","valueRequired":true,"valueName":"search_term_string"}}],"inLanguage":"et"}]}},"_links":{"self":[{"href":"https:\/\/www.nomme.ee\/paaskula-noortekeskus\/wp-json\/wp\/v2\/pages\/877","targetHints":{"allow":["GET"]}}],"collection":[{"href":"https:\/\/www.nomme.ee\/paaskula-noortekeskus\/wp-json\/wp\/v2\/pages"}],"about":[{"href":"https:\/\/www.nomme.ee\/paaskula-noortekeskus\/wp-json\/wp\/v2\/types\/page"}],"author":[{"embeddable":true,"href":"https:\/\/www.nomme.ee\/paaskula-noortekeskus\/wp-json\/wp\/v2\/users\/4"}],"replies":[{"embeddable":true,"href":"https:\/\/www.nomme.ee\/paaskula-noortekeskus\/wp-json\/wp\/v2\/comments?post=877"}],"version-history":[{"count":7,"href":"https:\/\/www.nomme.ee\/paaskula-noortekeskus\/wp-json\/wp\/v2\/pages\/877\/revisions"}],"predecessor-version":[{"id":1120,"href":"https:\/\/www.nomme.ee\/paaskula-noortekeskus\/wp-json\/wp\/v2\/pages\/877\/revisions\/1120"}],"wp:attachment":[{"href":"https:\/\/www.nomme.ee\/paaskula-noortekeskus\/wp-json\/wp\/v2\/media?parent=877"}],"curies":[{"name":"wp","href":"https:\/\/api.w.org\/{rel}","templated":true}]}}