{"id":13,"date":"2021-08-16T07:37:35","date_gmt":"2021-08-16T07:37:35","guid":{"rendered":"http:\/\/www.nomme.ee\/rahumae-mangujaam\/?page_id=13"},"modified":"2025-02-21T10:41:40","modified_gmt":"2025-02-21T10:41:40","slug":"kontakt","status":"publish","type":"page","link":"https:\/\/www.nomme.ee\/rahumae-mangujaam\/kontakt\/","title":{"rendered":"Kontakt"},"content":{"rendered":"<p><strong>M\u00e4ngujaam on avatud:<\/strong><\/p>\n<p>E-N kl 11-18 ja R kl 10-17.<\/p>\n<p>Iga kuu viimasel reedel suletud koristusp\u00e4evaks.<\/p>\n","protected":false},"excerpt":{"rendered":"<p>M\u00e4ngujaam on avatud: E-N kl 11-18 ja R kl 10-17. Iga kuu viimasel reedel suletud koristusp\u00e4evaks.<\/p>\n","protected":false},"author":1,"featured_media":0,"parent":0,"menu_order":0,"comment_status":"closed","ping_status":"closed","template":"page-templates\/tpl-kontakt.php","meta":{"_acf_changed":false,"footnotes":""},"class_list":["post-13","page","type-page","status-publish","hentry"],"acf":[],"yoast_head":"<!-- This site is optimized with the Yoast SEO plugin v27.5 - https:\/\/yoast.com\/product\/yoast-seo-wordpress\/ -->\n<title>Kontakt &#8211; Rahum\u00e4e m\u00e4ngujaam<\/title>\n<meta name=\"robots\" content=\"index, follow, max-snippet:-1, max-image-preview:large, max-video-preview:-1\" \/>\n<link rel=\"canonical\" href=\"https:\/\/www.nomme.ee\/rahumae-mangujaam\/kontakt\/\" \/>\n<meta property=\"og:locale\" content=\"et_EE\" \/>\n<meta property=\"og:type\" content=\"article\" \/>\n<meta property=\"og:title\" content=\"Kontakt &#8211; Rahum\u00e4e m\u00e4ngujaam\" \/>\n<meta property=\"og:description\" content=\"M\u00e4ngujaam on avatud: E-N kl 11-18 ja R kl 10-17. Iga kuu viimasel reedel suletud koristusp\u00e4evaks.\" \/>\n<meta property=\"og:url\" content=\"https:\/\/www.nomme.ee\/rahumae-mangujaam\/kontakt\/\" \/>\n<meta property=\"og:site_name\" content=\"Rahum\u00e4e m\u00e4ngujaam\" \/>\n<meta property=\"article:modified_time\" content=\"2025-02-21T10:41:40+00:00\" \/>\n<meta name=\"twitter:card\" content=\"summary_large_image\" \/>\n<meta name=\"twitter:label1\" content=\"Est. reading time\" \/>\n\t<meta name=\"twitter:data1\" content=\"1 minut\" \/>\n<script type=\"application\/ld+json\" class=\"yoast-schema-graph\">{\"@context\":\"https:\\\/\\\/schema.org\",\"@graph\":[{\"@type\":\"WebPage\",\"@id\":\"https:\\\/\\\/www.nomme.ee\\\/rahumae-mangujaam\\\/kontakt\\\/\",\"url\":\"https:\\\/\\\/www.nomme.ee\\\/rahumae-mangujaam\\\/kontakt\\\/\",\"name\":\"Kontakt &#8211; Rahum\u00e4e m\u00e4ngujaam\",\"isPartOf\":{\"@id\":\"https:\\\/\\\/www.nomme.ee\\\/rahumae-mangujaam\\\/#website\"},\"datePublished\":\"2021-08-16T07:37:35+00:00\",\"dateModified\":\"2025-02-21T10:41:40+00:00\",\"breadcrumb\":{\"@id\":\"https:\\\/\\\/www.nomme.ee\\\/rahumae-mangujaam\\\/kontakt\\\/#breadcrumb\"},\"inLanguage\":\"et\",\"potentialAction\":[{\"@type\":\"ReadAction\",\"target\":[\"https:\\\/\\\/www.nomme.ee\\\/rahumae-mangujaam\\\/kontakt\\\/\"]}]},{\"@type\":\"BreadcrumbList\",\"@id\":\"https:\\\/\\\/www.nomme.ee\\\/rahumae-mangujaam\\\/kontakt\\\/#breadcrumb\",\"itemListElement\":[{\"@type\":\"ListItem\",\"position\":1,\"name\":\"N\u00f5mme Vaba Aja Keskus\",\"item\":\"https:\\\/\\\/www.nomme.ee\"},{\"@type\":\"ListItem\",\"position\":2,\"name\":\"Rahum\u00e4e m\u00e4ngujaam\",\"item\":\"https:\\\/\\\/www.nomme.ee\\\/rahumae-mangujaam\\\/\"},{\"@type\":\"ListItem\",\"position\":3,\"name\":\"Kontakt\"}]},{\"@type\":\"WebSite\",\"@id\":\"https:\\\/\\\/www.nomme.ee\\\/rahumae-mangujaam\\\/#website\",\"url\":\"https:\\\/\\\/www.nomme.ee\\\/rahumae-mangujaam\\\/\",\"name\":\"Rahum\u00e4e m\u00e4ngujaam\",\"description\":\"\",\"potentialAction\":[{\"@type\":\"SearchAction\",\"target\":{\"@type\":\"EntryPoint\",\"urlTemplate\":\"https:\\\/\\\/www.nomme.ee\\\/rahumae-mangujaam\\\/?s={search_term_string}\"},\"query-input\":{\"@type\":\"PropertyValueSpecification\",\"valueRequired\":true,\"valueName\":\"search_term_string\"}}],\"inLanguage\":\"et\"}]}<\/script>\n<!-- \/ Yoast SEO plugin. -->","yoast_head_json":{"title":"Kontakt &#8211; Rahum\u00e4e m\u00e4ngujaam","robots":{"index":"index","follow":"follow","max-snippet":"max-snippet:-1","max-image-preview":"max-image-preview:large","max-video-preview":"max-video-preview:-1"},"canonical":"https:\/\/www.nomme.ee\/rahumae-mangujaam\/kontakt\/","og_locale":"et_EE","og_type":"article","og_title":"Kontakt &#8211; Rahum\u00e4e m\u00e4ngujaam","og_description":"M\u00e4ngujaam on avatud: E-N kl 11-18 ja R kl 10-17. Iga kuu viimasel reedel suletud koristusp\u00e4evaks.","og_url":"https:\/\/www.nomme.ee\/rahumae-mangujaam\/kontakt\/","og_site_name":"Rahum\u00e4e m\u00e4ngujaam","article_modified_time":"2025-02-21T10:41:40+00:00","twitter_card":"summary_large_image","twitter_misc":{"Est. reading time":"1 minut"},"schema":{"@context":"https:\/\/schema.org","@graph":[{"@type":"WebPage","@id":"https:\/\/www.nomme.ee\/rahumae-mangujaam\/kontakt\/","url":"https:\/\/www.nomme.ee\/rahumae-mangujaam\/kontakt\/","name":"Kontakt &#8211; Rahum\u00e4e m\u00e4ngujaam","isPartOf":{"@id":"https:\/\/www.nomme.ee\/rahumae-mangujaam\/#website"},"datePublished":"2021-08-16T07:37:35+00:00","dateModified":"2025-02-21T10:41:40+00:00","breadcrumb":{"@id":"https:\/\/www.nomme.ee\/rahumae-mangujaam\/kontakt\/#breadcrumb"},"inLanguage":"et","potentialAction":[{"@type":"ReadAction","target":["https:\/\/www.nomme.ee\/rahumae-mangujaam\/kontakt\/"]}]},{"@type":"BreadcrumbList","@id":"https:\/\/www.nomme.ee\/rahumae-mangujaam\/kontakt\/#breadcrumb","itemListElement":[{"@type":"ListItem","position":1,"name":"N\u00f5mme Vaba Aja Keskus","item":"https:\/\/www.nomme.ee"},{"@type":"ListItem","position":2,"name":"Rahum\u00e4e m\u00e4ngujaam","item":"https:\/\/www.nomme.ee\/rahumae-mangujaam\/"},{"@type":"ListItem","position":3,"name":"Kontakt"}]},{"@type":"WebSite","@id":"https:\/\/www.nomme.ee\/rahumae-mangujaam\/#website","url":"https:\/\/www.nomme.ee\/rahumae-mangujaam\/","name":"Rahum\u00e4e m\u00e4ngujaam","description":"","potentialAction":[{"@type":"SearchAction","target":{"@type":"EntryPoint","urlTemplate":"https:\/\/www.nomme.ee\/rahumae-mangujaam\/?s={search_term_string}"},"query-input":{"@type":"PropertyValueSpecification","valueRequired":true,"valueName":"search_term_string"}}],"inLanguage":"et"}]}},"_links":{"self":[{"href":"https:\/\/www.nomme.ee\/rahumae-mangujaam\/wp-json\/wp\/v2\/pages\/13","targetHints":{"allow":["GET"]}}],"collection":[{"href":"https:\/\/www.nomme.ee\/rahumae-mangujaam\/wp-json\/wp\/v2\/pages"}],"about":[{"href":"https:\/\/www.nomme.ee\/rahumae-mangujaam\/wp-json\/wp\/v2\/types\/page"}],"author":[{"embeddable":true,"href":"https:\/\/www.nomme.ee\/rahumae-mangujaam\/wp-json\/wp\/v2\/users\/1"}],"replies":[{"embeddable":true,"href":"https:\/\/www.nomme.ee\/rahumae-mangujaam\/wp-json\/wp\/v2\/comments?post=13"}],"version-history":[{"count":15,"href":"https:\/\/www.nomme.ee\/rahumae-mangujaam\/wp-json\/wp\/v2\/pages\/13\/revisions"}],"predecessor-version":[{"id":127,"href":"https:\/\/www.nomme.ee\/rahumae-mangujaam\/wp-json\/wp\/v2\/pages\/13\/revisions\/127"}],"wp:attachment":[{"href":"https:\/\/www.nomme.ee\/rahumae-mangujaam\/wp-json\/wp\/v2\/media?parent=13"}],"curies":[{"name":"wp","href":"https:\/\/api.w.org\/{rel}","templated":true}]}}