{"id":1160,"date":"2024-01-29T14:20:48","date_gmt":"2024-01-29T14:20:48","guid":{"rendered":"https:\/\/www.nomme.ee\/valdeku-noortekeskus\/?page_id=1160"},"modified":"2025-04-25T09:29:15","modified_gmt":"2025-04-25T09:29:15","slug":"noorteinfo","status":"publish","type":"page","link":"https:\/\/www.nomme.ee\/valdeku-noortekeskus\/noorteinfo\/","title":{"rendered":"Noorteinfo"},"content":{"rendered":"<h2>Mis on noorteinfo?<\/h2>\n<p><img loading=\"lazy\" decoding=\"async\" class=\"alignnone size-medium wp-image-1162\" src=\"https:\/\/www.nomme.ee\/valdeku-noortekeskus\/wp-content\/uploads\/sites\/3\/2024\/01\/Teeviit_logo_2022_varviline-300x93.png\" alt=\"\" width=\"300\" height=\"93\" srcset=\"https:\/\/www.nomme.ee\/valdeku-noortekeskus\/wp-content\/uploads\/sites\/3\/2024\/01\/Teeviit_logo_2022_varviline-300x93.png 300w, https:\/\/www.nomme.ee\/valdeku-noortekeskus\/wp-content\/uploads\/sites\/3\/2024\/01\/Teeviit_logo_2022_varviline-1024x316.png 1024w, https:\/\/www.nomme.ee\/valdeku-noortekeskus\/wp-content\/uploads\/sites\/3\/2024\/01\/Teeviit_logo_2022_varviline-768x237.png 768w, https:\/\/www.nomme.ee\/valdeku-noortekeskus\/wp-content\/uploads\/sites\/3\/2024\/01\/Teeviit_logo_2022_varviline-1536x474.png 1536w, https:\/\/www.nomme.ee\/valdeku-noortekeskus\/wp-content\/uploads\/sites\/3\/2024\/01\/Teeviit_logo_2022_varviline-2048x632.png 2048w, https:\/\/www.nomme.ee\/valdeku-noortekeskus\/wp-content\/uploads\/sites\/3\/2024\/01\/Teeviit_logo_2022_varviline-1200x370.png 1200w\" sizes=\"auto, (max-width: 300px) 100vw, 300px\" \/><\/p>\n<p>Noorteinfo pakub noortele \u00fcmbritsevast elust vajalikku infot, toetades seel\u00e4bi iseseisvust ning suurendades nende aktiivset osalust \u00fchiskonnas. Lihtsamalt \u00f6eldes on noorteinfo 7\u201326 aastastele noortele suunatud kommunikatsioon, mis on noortele arusaadavas keeles ja kujul, p\u00f5hineb usaldusv\u00e4\u00e4rsetel allikatel, on kvaliteetne ja noor saab seda usaldada.<\/p>\n<p>Eesti kuulub alates 2004.a rahvusvahelisse noorteinfo v\u00f5rgusikku\u00a0<strong><span style=\"color: #ff6600\"><a style=\"color: #ff6600\" href=\"http:\/\/www.eryica.org\/\">ERYICA<\/a>,<\/span><\/strong> mille tegevuse laiem eesm\u00e4rk on arendada noortega t\u00f6\u00f6tavate spetsialistide noorteinfoga seotud p\u00e4devusi ja seel\u00e4bi toetada noorte paremat informeeritust \u00fcle kogu Euroopa. Samuti on Eesti rahvusvaheliste projektide, v\u00e4lismaal \u00f5ppimise ja t\u00f6\u00f6tamise infov\u00f5rgustiku\u00a0<strong><span style=\"color: #ff6600\"><a style=\"color: #ff6600\" href=\"https:\/\/eeagentuur.ee\/projektitegijale\/rahvusvahelise-noorteinfo-vorgustik-eurodesk\/\">Eurodesk<\/a>\u00a0<\/span><\/strong>liige. Info koondamiseks ja levitamiseks on maakondades infopunktid. <strong>M\u00f5lemas v\u00f5rgustikus on Eesti esindaja Haridus- ja Noorteamet<\/strong>.<\/p>\n<p>\u00dcle-eestilist noorteinfoteenust pakub digitaalsel kujul noorteinfoportaal\u00a0<strong><a href=\"http:\/\/www.teeviit.ee\/\"><span style=\"color: #ff6600\">Teeviit<\/span><\/a><\/strong>, koondades ja vahendades eri valdkondade teemalist infot.<\/p>\n<p>Noorteinfo, noorteinfot\u00f6\u00f6 ja noorteinfoteenuse aluseks on\u00a0<strong><span style=\"color: #ff6600\"><a style=\"color: #ff6600\" href=\"https:\/\/static1.squarespace.com\/static\/63e63a0eebdc006803f20644\/t\/640a2e0ae835e26050640141\/1678388746703\/European_Youth_Information_Charter_2018_EE_A4_v1.pdf\">Euroopa noorteinfo harta<\/a>\u00a0<\/span><\/strong>(ERYICA, 2018), mis koondab \u00fcheksa p\u00f5him\u00f5tet, millega tuleb t\u00f6\u00f6s noortega ja noortele arvestada. Harta on k\u00e4ttesaadav 33 eri keeles, vaata lisa\u00a0<strong><span style=\"color: #ff6600\"><a style=\"color: #ff6600\" href=\"https:\/\/www.eryica.org\/charter\">siit<\/a><\/span><\/strong>. <em>(Kogu eelnev tekst p\u00e4rit Haridus- ja Noorteameti kodulehelt, kontrollitud jaanuar 2024)<\/em><\/p>\n<p>Muu informatsioon Eesti noorteinfo kohta: <a href=\"https:\/\/harno.ee\/noorteinfo\"><strong><span style=\"color: #ff6600\">https:\/\/harno.ee\/noorteinfo<\/span><\/strong><\/a><\/p>\n<h3>Noorteinfo Valdeku Noortekeskuses<\/h3>\n<p>Valdeku Noortekeskuses t\u00f6\u00f6tavad noorsoot\u00f6\u00f6 spetsialistid, kes on k\u00f5ik<span style=\"color: #ff6600\"><strong>\u00a0l\u00e4binud Tallinna \u00dclikooli noorsoot\u00f6\u00f6 Rakendusk\u00f5rgharidus\u00f5pet ja\/v\u00f5i tunnustatud 6. taseme noorsoot\u00f6\u00f6taja kutsega.<\/strong> <\/span>K\u00f5ik t\u00f6\u00f6tajad on <span style=\"color: #ff6600\"><strong>Eesti Noorsoot\u00f6\u00f6tajate Kogu liikmed<\/strong> <\/span>ning v\u00f5tavad v\u00f5imalusel alati osa selle koolitustest, et muuseas t\u00e4iendada ja hoida ajakohasena oma teadmisi noorteinfo allikate kohta.<\/p>\n<p>Meil on <span style=\"color: #ff6600\"><strong>teadmised ja v\u00e4lja\u00f5pe<\/strong><\/span> kuidas erinevatele noortele olulist infot jagada ja noortekeskuses on v\u00f5imalik noorsoot\u00f6\u00f6tajatega ka \u00fcks \u00fchele suhelda meie lahtiolekuaegadel <strong>E-R 13.00-19.00.<\/strong> Oleme loonud oma ruumidesse eraldi v\u00e4ikese <span style=\"color: #ff6600\"><strong>vaikusetoa,<\/strong><\/span> kus vajadusel saab teistest keskuse noortest eralduda ja oma m\u00f5tteid privaatses ruumis jagada.<\/p>\n<p>Noorsoot\u00f6\u00f6tajad on k\u00fcll tublid, aga m\u00f5ni kord pole soovi oma m\u00f5tteid esimese asjana jagada v\u00f5i pole selleks isegi vajadust. Julgustame noori usaldusv\u00e4\u00e4rsetel veebilehtedel ka ise infot otsima ja nendest k\u00f5ige laialdasemat teemavalikut pakub kindlasti <span style=\"color: #ff6600\"><strong>noorteinfoportaal Teeviit.<\/strong><\/span><\/p>\n<h3>Noorteinfoportaal Teeviit<\/h3>\n<p>Noored teevad oma elus palju olulisi otsuseid, alates sellest kuhu \u00f5ppima asuda, l\u00f5petades tervist puudutavate k\u00fcsimustega. Noorteinfoportaalis on lai valik teemasid, mis on noortele aktuaalsed ning vajalikud, n\u00e4iteks <strong>seksuaalsus ja suhted, f\u00fc\u00fcsiline ja vaimne tervis, raha ja investeerimine, t\u00f6\u00f6 ja karj\u00e4\u00e4r, osalus ning meediap\u00e4devus ning \u00f5ppimine<\/strong>. Portaalist leiab ka noorte seas kuumi teemasid nagu s\u00f5ltuvus temaatika, vaimse tervise n\u00f5uanded ning seksuaalsuhted. \u00dcheskoos saame <strong>toetada noorte informeeritust usaldusv\u00e4\u00e4rsete ja kvaliteetsete infokanalite <\/strong>kaudu.<\/p>\n<p><span style=\"text-decoration: underline\">Eesti keeles:<\/span> <span style=\"color: #0000ff\"><strong><a style=\"color: #0000ff\" href=\"https:\/\/www.teeviit.ee\/\">teeviit.ee<\/a><\/strong><\/span><\/p>\n<p><span style=\"text-decoration: underline\">Eesti keeles 7-13 vanusele:<\/span> <span style=\"color: #0000ff\"><strong><a style=\"color: #0000ff\" href=\"https:\/\/www.teeviit.ee\/juunior\/\">teeviit.ee\/juunior<\/a><\/strong><\/span><\/p>\n<p><span style=\"text-decoration: underline\">Inglise keeles:<\/span><span style=\"color: #0000ff\"><strong> <a style=\"color: #0000ff\" href=\"https:\/\/www.teeviit.ee\/youth-info\/en\/\">teeviit.ee\/youth-info\/en<\/a><\/strong><\/span><\/p>\n<p><span style=\"text-decoration: underline\">Ukraina keeles<\/span>: <span style=\"color: #0000ff\"><strong><a style=\"color: #0000ff\" href=\"https:\/\/www.teeviit.ee\/youth-info\/uk\/\">teeviit.ee\/youth-info\/uk<\/a><\/strong><\/span><\/p>\n<p><span style=\"text-decoration: underline\">Vene keeles<\/span>: <span style=\"color: #0000ff\"><strong><a style=\"color: #0000ff\" href=\"https:\/\/www.teeviit.ee\/youth-info\/ru\/\">teeviit.ee\/youth-info\/ru<\/a><\/strong><\/span><\/p>\n<h4><span style=\"color: #ff6600\">Muid h\u00e4id allikaid<\/span><\/h4>\n<p>Tallinna noorteinfo: <span style=\"color: #0000ff\"><strong><a style=\"color: #0000ff\" href=\"https:\/\/www.tallinn.ee\/et\/noorteinfo\">tallinn.ee\/et\/noorteinfo<\/a><\/strong><\/span><\/p>\n<p>\u00dcritused ja huvitegevus Tallinnas: <span style=\"color: #0000ff\"><strong><a style=\"color: #0000ff\" href=\"https:\/\/huvi.tallinn.ee\/\">huvi.tallinn.ee<\/a><\/strong><\/span><\/p>\n<p>&nbsp;<\/p>\n<p>&nbsp;<\/p>\n<p>&nbsp;<\/p>\n<p>&nbsp;<\/p>\n<p>&nbsp;<\/p>\n","protected":false},"excerpt":{"rendered":"<p>Mis on noorteinfo? Noorteinfo pakub noortele \u00fcmbritsevast elust vajalikku infot, toetades seel\u00e4bi iseseisvust ning suurendades nende aktiivset osalust \u00fchiskonnas. Lihtsamalt \u00f6eldes on noorteinfo 7\u201326 aastastele noortele suunatud kommunikatsioon, mis on noortele arusaadavas keeles ja kujul, p\u00f5hineb usaldusv\u00e4\u00e4rsetel allikatel, on kvaliteetne ja noor saab seda usaldada. Eesti kuulub alates 2004.a rahvusvahelisse noorteinfo v\u00f5rgusikku\u00a0ERYICA, mille tegevuse laiem [&hellip;]<\/p>\n","protected":false},"author":13,"featured_media":0,"parent":0,"menu_order":0,"comment_status":"closed","ping_status":"closed","template":"","meta":{"_acf_changed":false,"footnotes":""},"class_list":["post-1160","page","type-page","status-publish","hentry"],"acf":[],"yoast_head":"<!-- This site is optimized with the Yoast SEO plugin v27.5 - https:\/\/yoast.com\/product\/yoast-seo-wordpress\/ -->\n<title>Noorteinfo &#8211; Valdeku noortekeskus<\/title>\n<meta name=\"robots\" content=\"index, follow, max-snippet:-1, max-image-preview:large, max-video-preview:-1\" \/>\n<link rel=\"canonical\" href=\"https:\/\/www.nomme.ee\/valdeku-noortekeskus\/noorteinfo\/\" \/>\n<meta property=\"og:locale\" content=\"et_EE\" \/>\n<meta property=\"og:type\" content=\"article\" \/>\n<meta property=\"og:title\" content=\"Noorteinfo &#8211; Valdeku noortekeskus\" \/>\n<meta property=\"og:description\" content=\"Mis on noorteinfo? Noorteinfo pakub noortele \u00fcmbritsevast elust vajalikku infot, toetades seel\u00e4bi iseseisvust ning suurendades nende aktiivset osalust \u00fchiskonnas. Lihtsamalt \u00f6eldes on noorteinfo 7\u201326 aastastele noortele suunatud kommunikatsioon, mis on noortele arusaadavas keeles ja kujul, p\u00f5hineb usaldusv\u00e4\u00e4rsetel allikatel, on kvaliteetne ja noor saab seda usaldada. Eesti kuulub alates 2004.a rahvusvahelisse noorteinfo v\u00f5rgusikku\u00a0ERYICA, mille tegevuse laiem [&hellip;]\" \/>\n<meta property=\"og:url\" content=\"https:\/\/www.nomme.ee\/valdeku-noortekeskus\/noorteinfo\/\" \/>\n<meta property=\"og:site_name\" content=\"Valdeku noortekeskus\" \/>\n<meta property=\"article:modified_time\" content=\"2025-04-25T09:29:15+00:00\" \/>\n<meta property=\"og:image\" content=\"https:\/\/www.nomme.ee\/valdeku-noortekeskus\/wp-content\/uploads\/sites\/3\/2024\/01\/Teeviit_logo_2022_varviline.png\" \/>\n\t<meta property=\"og:image:width\" content=\"4168\" \/>\n\t<meta property=\"og:image:height\" content=\"1286\" \/>\n\t<meta property=\"og:image:type\" content=\"image\/png\" \/>\n<meta name=\"twitter:card\" content=\"summary_large_image\" \/>\n<meta name=\"twitter:label1\" content=\"Est. reading time\" \/>\n\t<meta name=\"twitter:data1\" content=\"3 minutit\" \/>\n<script type=\"application\/ld+json\" class=\"yoast-schema-graph\">{\"@context\":\"https:\\\/\\\/schema.org\",\"@graph\":[{\"@type\":\"WebPage\",\"@id\":\"https:\\\/\\\/www.nomme.ee\\\/valdeku-noortekeskus\\\/noorteinfo\\\/\",\"url\":\"https:\\\/\\\/www.nomme.ee\\\/valdeku-noortekeskus\\\/noorteinfo\\\/\",\"name\":\"Noorteinfo &#8211; Valdeku noortekeskus\",\"isPartOf\":{\"@id\":\"https:\\\/\\\/www.nomme.ee\\\/valdeku-noortekeskus\\\/#website\"},\"primaryImageOfPage\":{\"@id\":\"https:\\\/\\\/www.nomme.ee\\\/valdeku-noortekeskus\\\/noorteinfo\\\/#primaryimage\"},\"image\":{\"@id\":\"https:\\\/\\\/www.nomme.ee\\\/valdeku-noortekeskus\\\/noorteinfo\\\/#primaryimage\"},\"thumbnailUrl\":\"https:\\\/\\\/www.nomme.ee\\\/valdeku-noortekeskus\\\/wp-content\\\/uploads\\\/sites\\\/3\\\/2024\\\/01\\\/Teeviit_logo_2022_varviline-300x93.png\",\"datePublished\":\"2024-01-29T14:20:48+00:00\",\"dateModified\":\"2025-04-25T09:29:15+00:00\",\"breadcrumb\":{\"@id\":\"https:\\\/\\\/www.nomme.ee\\\/valdeku-noortekeskus\\\/noorteinfo\\\/#breadcrumb\"},\"inLanguage\":\"et\",\"potentialAction\":[{\"@type\":\"ReadAction\",\"target\":[\"https:\\\/\\\/www.nomme.ee\\\/valdeku-noortekeskus\\\/noorteinfo\\\/\"]}]},{\"@type\":\"ImageObject\",\"inLanguage\":\"et\",\"@id\":\"https:\\\/\\\/www.nomme.ee\\\/valdeku-noortekeskus\\\/noorteinfo\\\/#primaryimage\",\"url\":\"https:\\\/\\\/www.nomme.ee\\\/valdeku-noortekeskus\\\/wp-content\\\/uploads\\\/sites\\\/3\\\/2024\\\/01\\\/Teeviit_logo_2022_varviline.png\",\"contentUrl\":\"https:\\\/\\\/www.nomme.ee\\\/valdeku-noortekeskus\\\/wp-content\\\/uploads\\\/sites\\\/3\\\/2024\\\/01\\\/Teeviit_logo_2022_varviline.png\",\"width\":4168,\"height\":1286},{\"@type\":\"BreadcrumbList\",\"@id\":\"https:\\\/\\\/www.nomme.ee\\\/valdeku-noortekeskus\\\/noorteinfo\\\/#breadcrumb\",\"itemListElement\":[{\"@type\":\"ListItem\",\"position\":1,\"name\":\"N\u00f5mme Vaba Aja Keskus\",\"item\":\"https:\\\/\\\/www.nomme.ee\"},{\"@type\":\"ListItem\",\"position\":2,\"name\":\"Valdeku noortekeskus\",\"item\":\"https:\\\/\\\/www.nomme.ee\\\/valdeku-noortekeskus\\\/\"},{\"@type\":\"ListItem\",\"position\":3,\"name\":\"Noorteinfo\"}]},{\"@type\":\"WebSite\",\"@id\":\"https:\\\/\\\/www.nomme.ee\\\/valdeku-noortekeskus\\\/#website\",\"url\":\"https:\\\/\\\/www.nomme.ee\\\/valdeku-noortekeskus\\\/\",\"name\":\"Valdeku noortekeskus\",\"description\":\"\",\"potentialAction\":[{\"@type\":\"SearchAction\",\"target\":{\"@type\":\"EntryPoint\",\"urlTemplate\":\"https:\\\/\\\/www.nomme.ee\\\/valdeku-noortekeskus\\\/?s={search_term_string}\"},\"query-input\":{\"@type\":\"PropertyValueSpecification\",\"valueRequired\":true,\"valueName\":\"search_term_string\"}}],\"inLanguage\":\"et\"}]}<\/script>\n<!-- \/ Yoast SEO plugin. -->","yoast_head_json":{"title":"Noorteinfo &#8211; Valdeku noortekeskus","robots":{"index":"index","follow":"follow","max-snippet":"max-snippet:-1","max-image-preview":"max-image-preview:large","max-video-preview":"max-video-preview:-1"},"canonical":"https:\/\/www.nomme.ee\/valdeku-noortekeskus\/noorteinfo\/","og_locale":"et_EE","og_type":"article","og_title":"Noorteinfo &#8211; Valdeku noortekeskus","og_description":"Mis on noorteinfo? Noorteinfo pakub noortele \u00fcmbritsevast elust vajalikku infot, toetades seel\u00e4bi iseseisvust ning suurendades nende aktiivset osalust \u00fchiskonnas. Lihtsamalt \u00f6eldes on noorteinfo 7\u201326 aastastele noortele suunatud kommunikatsioon, mis on noortele arusaadavas keeles ja kujul, p\u00f5hineb usaldusv\u00e4\u00e4rsetel allikatel, on kvaliteetne ja noor saab seda usaldada. Eesti kuulub alates 2004.a rahvusvahelisse noorteinfo v\u00f5rgusikku\u00a0ERYICA, mille tegevuse laiem [&hellip;]","og_url":"https:\/\/www.nomme.ee\/valdeku-noortekeskus\/noorteinfo\/","og_site_name":"Valdeku noortekeskus","article_modified_time":"2025-04-25T09:29:15+00:00","og_image":[{"width":4168,"height":1286,"url":"https:\/\/www.nomme.ee\/valdeku-noortekeskus\/wp-content\/uploads\/sites\/3\/2024\/01\/Teeviit_logo_2022_varviline.png","type":"image\/png"}],"twitter_card":"summary_large_image","twitter_misc":{"Est. reading time":"3 minutit"},"schema":{"@context":"https:\/\/schema.org","@graph":[{"@type":"WebPage","@id":"https:\/\/www.nomme.ee\/valdeku-noortekeskus\/noorteinfo\/","url":"https:\/\/www.nomme.ee\/valdeku-noortekeskus\/noorteinfo\/","name":"Noorteinfo &#8211; Valdeku noortekeskus","isPartOf":{"@id":"https:\/\/www.nomme.ee\/valdeku-noortekeskus\/#website"},"primaryImageOfPage":{"@id":"https:\/\/www.nomme.ee\/valdeku-noortekeskus\/noorteinfo\/#primaryimage"},"image":{"@id":"https:\/\/www.nomme.ee\/valdeku-noortekeskus\/noorteinfo\/#primaryimage"},"thumbnailUrl":"https:\/\/www.nomme.ee\/valdeku-noortekeskus\/wp-content\/uploads\/sites\/3\/2024\/01\/Teeviit_logo_2022_varviline-300x93.png","datePublished":"2024-01-29T14:20:48+00:00","dateModified":"2025-04-25T09:29:15+00:00","breadcrumb":{"@id":"https:\/\/www.nomme.ee\/valdeku-noortekeskus\/noorteinfo\/#breadcrumb"},"inLanguage":"et","potentialAction":[{"@type":"ReadAction","target":["https:\/\/www.nomme.ee\/valdeku-noortekeskus\/noorteinfo\/"]}]},{"@type":"ImageObject","inLanguage":"et","@id":"https:\/\/www.nomme.ee\/valdeku-noortekeskus\/noorteinfo\/#primaryimage","url":"https:\/\/www.nomme.ee\/valdeku-noortekeskus\/wp-content\/uploads\/sites\/3\/2024\/01\/Teeviit_logo_2022_varviline.png","contentUrl":"https:\/\/www.nomme.ee\/valdeku-noortekeskus\/wp-content\/uploads\/sites\/3\/2024\/01\/Teeviit_logo_2022_varviline.png","width":4168,"height":1286},{"@type":"BreadcrumbList","@id":"https:\/\/www.nomme.ee\/valdeku-noortekeskus\/noorteinfo\/#breadcrumb","itemListElement":[{"@type":"ListItem","position":1,"name":"N\u00f5mme Vaba Aja Keskus","item":"https:\/\/www.nomme.ee"},{"@type":"ListItem","position":2,"name":"Valdeku noortekeskus","item":"https:\/\/www.nomme.ee\/valdeku-noortekeskus\/"},{"@type":"ListItem","position":3,"name":"Noorteinfo"}]},{"@type":"WebSite","@id":"https:\/\/www.nomme.ee\/valdeku-noortekeskus\/#website","url":"https:\/\/www.nomme.ee\/valdeku-noortekeskus\/","name":"Valdeku noortekeskus","description":"","potentialAction":[{"@type":"SearchAction","target":{"@type":"EntryPoint","urlTemplate":"https:\/\/www.nomme.ee\/valdeku-noortekeskus\/?s={search_term_string}"},"query-input":{"@type":"PropertyValueSpecification","valueRequired":true,"valueName":"search_term_string"}}],"inLanguage":"et"}]}},"_links":{"self":[{"href":"https:\/\/www.nomme.ee\/valdeku-noortekeskus\/wp-json\/wp\/v2\/pages\/1160","targetHints":{"allow":["GET"]}}],"collection":[{"href":"https:\/\/www.nomme.ee\/valdeku-noortekeskus\/wp-json\/wp\/v2\/pages"}],"about":[{"href":"https:\/\/www.nomme.ee\/valdeku-noortekeskus\/wp-json\/wp\/v2\/types\/page"}],"author":[{"embeddable":true,"href":"https:\/\/www.nomme.ee\/valdeku-noortekeskus\/wp-json\/wp\/v2\/users\/13"}],"replies":[{"embeddable":true,"href":"https:\/\/www.nomme.ee\/valdeku-noortekeskus\/wp-json\/wp\/v2\/comments?post=1160"}],"version-history":[{"count":15,"href":"https:\/\/www.nomme.ee\/valdeku-noortekeskus\/wp-json\/wp\/v2\/pages\/1160\/revisions"}],"predecessor-version":[{"id":2054,"href":"https:\/\/www.nomme.ee\/valdeku-noortekeskus\/wp-json\/wp\/v2\/pages\/1160\/revisions\/2054"}],"wp:attachment":[{"href":"https:\/\/www.nomme.ee\/valdeku-noortekeskus\/wp-json\/wp\/v2\/media?parent=1160"}],"curies":[{"name":"wp","href":"https:\/\/api.w.org\/{rel}","templated":true}]}}