{"id":219,"date":"2021-10-05T13:17:12","date_gmt":"2021-10-05T13:17:12","guid":{"rendered":"https:\/\/www.nomme.ee\/valdeku-noortekeskus\/?page_id=219"},"modified":"2022-09-27T10:44:28","modified_gmt":"2022-09-27T10:44:28","slug":"valdeku-noortekeskuse-kodukord","status":"publish","type":"page","link":"https:\/\/www.nomme.ee\/valdeku-noortekeskus\/valdeku-noortekeskuse-kodukord\/","title":{"rendered":"Valdeku Noortekeskuse kodukord"},"content":{"rendered":"<p>Valdeku Noortekeskusesse on oodatud noored vanuses 7-26 aastat oma vaba aega veetma. Noortekeskuses saad osa v\u00f5tta \u00fcritustest, osaleda huvitegevustes, m\u00e4ngida lauam\u00e4nge, kasutada arvutit ja teisi keskuse vahendeid. Valdeku Noortekeskus on avatud E-R kl 13-19. Muudatused lahtiolekuaegades leiad noortekeskuse infokanalitest.<\/p>\n<p>Valdeku noortekeskuse infokanalid on:<\/p>\n<p>Koduleht:\u202f<span style=\"color: #ff6600;\"><a style=\"color: #ff6600;\" href=\"https:\/\/www.nomme.ee\/valdeku-noortekeskus\/\">https:\/\/www.nomme.ee\/valdeku-noortekeskus\/<\/a><\/span><br \/>\nDiscord:<span style=\"color: #ff6600;\"> <a style=\"color: #ff6600;\" href=\"https:\/\/bit.ly\/nommenortsid\">N\u00f5mme e-Noortekas<\/a><\/span><br \/>\nFacebook:\u202f<span style=\"color: #ff6600;\"><a style=\"color: #ff6600;\" href=\"https:\/\/www.facebook.com\/valdekunoortekeskus\">Valdeku Noortekeskus<\/a><\/span><br \/>\nInstagram:\u202f<span style=\"color: #ff6600;\"><a style=\"color: #ff6600;\" href=\"https:\/\/www.instagram.com\/valdekunoortekeskus\/\">@valdekunoortekeskus<\/a><\/span><\/p>\n<p>Noortekeskuses t\u00f6\u00f6tavad kvalifitseeritud spetsialistid, kes tegelevad muuhulgas ka noorte esmase n\u00f5ustamise, keskuses turvalisuse tagamise ning noorteinfo edastamisega. T\u00f6\u00f6tajad on valmis abistama nii r\u00f5\u00f5mude kui murede korral ja toetavad noorte omaalgatust. Seega paku julgelt v\u00e4lja oma ideid! Noortekeskus toetab v\u00f5imaluse ja sobivuse korral sinu ettev\u00f5tmisi n\u00f5u ja j\u00f5uga.<\/p>\n<p>Et t\u00f6\u00f6tajad saaksid tagada turvalisuse, puhtuse ja meeldiva \u00f5hkkonna Valdeku Noortekeskuses, pead sina omalt poolt samuti panuse andma j\u00e4rgides j\u00e4rgnevaid kodukorrapunkte:<\/p>\n<ul>\n<li>Noortekeskuses viibides on sul kohustus t\u00e4ita k\u00f5iki kodukorra punkte ja tegutseda vastavalt noorsoot\u00f6\u00f6taja korraldustele ja juhistele.<\/li>\n<li>J\u00e4lgi silte ja juhiseid noortekeskuse ruumides ja k\u00e4itu nendele vastavalt.<\/li>\n<li>Noortekeskuses v\u00f5id viibida selle lahtiolekuaegadel (vt. \u00fclal).<\/li>\n<li>Noortekeskusesse siseneda ja keskusest v\u00e4ljuda v\u00f5id ainult l\u00e4bi selleks ette n\u00e4htud v\u00e4lisukse. Uks asub Valdeku 13 maja k\u00fcljel, skatepargi vastas.<\/li>\n<li>Keskusesse sisenedes v\u00f5ta v\u00e4lisjalan\u00f5ud jalast ja pane riiulile, riputa oma \u00fcleriided riidepuule ja pane koolikott riiete all olevale riiulile.<\/li>\n<li>Soovitame v\u00f5tta noortekeskusesse kaasa vahetusjalan\u00f5ud, nende puudumisel peab viibima keskuses sokkides.<\/li>\n<li>Noortekeskuse k\u00fclastus registreeri oma kasutajakontoga Logiraamatus. Kui sul kasutajakontot pole, aitab noorsoot\u00f6\u00f6taja selle teha.<\/li>\n<\/ul>\n<p><em>Valdeku noortekeskus kasutab \u00fcle-eestilist veebip\u00f5hist seires\u00fcsteemi Logiraamat, mille eesm\u00e4rgiks on koguda noortekeskuse k\u00fclastuste kohta statistikat. Noorte sisestatud andmeid kasutatakse vaid \u00fcldise statistika tegemiseks.<\/em><\/p>\n<ul>\n<li>Turvalisuse tagamiseks on noortekeskuse koridoris videovalve.<\/li>\n<li>Majas v\u00f5id viibida ainult noortekeskuse territooriumil. Teistesse ruumidesse ja korrustele p\u00e4\u00e4sed noorsoot\u00f6\u00f6taja loaga.<\/li>\n<li>Noortekeskuse uksi ja aknaid avab ja sulgeb ning radiaatoreid reguleerib ainult noorsoot\u00f6\u00f6taja.<\/li>\n<li>Noorsoot\u00f6\u00f6taja n\u00f5usolekul ja teiste noortega arvestades v\u00f5id keskuses kuulata muusikat. Helitugevuse reguleerib noorsoot\u00f6\u00f6taja.<\/li>\n<li>Rohelise fooritulega m\u00e4rgistatud kappe v\u00f5ib vabalt avada ning nende seest asju v\u00f5tta. P\u00e4rast tuleb k\u00f5ik oma kohale tagasi asetada. Kollase fooritulega kappide avamiseks tuleb enne noorsoot\u00f6\u00f6taja k\u00e4est luba k\u00fcsida. Punased fooritulega kappe ei ole lubatud avada.<\/li>\n<li>Sinu enda ja teiste turvalisuse huvides ei ole noortekeskuses lubatud jooksmine.<\/li>\n<li>S\u00fc\u00fca ja juua v\u00f5id ainult s\u00f6\u00f6gilaua taga istudes. P\u00e4rast s\u00f6\u00f6mist viska toiduj\u00e4\u00e4gid bioj\u00e4\u00e4mete pr\u00fcgikasti ja pane n\u00f5ud n\u00f5udepesumasinasse.<\/li>\n<li>Valdeku Noortekeskuses kehtib keskkonnas\u00f5bralik k\u00e4itumine ja sorteeritakse pr\u00fcgi.<br \/>\nEraldi pr\u00fcgikastidesse tuleb panna panditaara, pakend, bioj\u00e4\u00e4tmed, paber ja papp ning olmepr\u00fcgi.<\/li>\n<li>WC-s k\u00e4i \u00fckshaaval\/\u00fcksi ja hoia puhtust, et ka j\u00e4rgmisel k\u00fclastajal oleks hea. Olukorras, kus WC ei ole puhas ja kasutamiseks ohutu, on noorsoot\u00f6\u00f6tajal \u00f5igus see sulgeda, kuni see on puhastatud.<\/li>\n<\/ul>\n<p><strong>Ole hoolas ja hoia noortekeskuse ning enda vara<\/strong><\/p>\n<ul>\n<li>Noortekeskus ei vastuta k\u00fclastajate isiklike asjade eest. Keskuses olles vastutad oma isiklike asjade eest ise, leitud asjad anna koheselt noorsoot\u00f6\u00f6tajale.<\/li>\n<li>Keskuse vahendeid ja vara kasuta heaperemehelikult ja otstarbekalt, et p\u00e4rast sind oleks ka teistel neid hea kasutada.<\/li>\n<li>Lauatennise reketeid, palle, PS4 pulte ja m\u00e4nge ning meisterdamise vahendeid k\u00fcsi noorsoot\u00f6\u00f6taja k\u00e4est. P\u00e4rast kasutamist tagasta need noorsoot\u00f6\u00f6tajale.<\/li>\n<li>Noortekeskuse vahendid, mida v\u00f5id ise v\u00f5tta, pane p\u00e4rast kasutamist tagasi samasse kohta, kust need v\u00f5tsid.<\/li>\n<li>Vara l\u00f5hkudes anna sellest kohe teada ja leia koos noorsoot\u00f6\u00f6tajaga lahendus.<\/li>\n<li>Arvutit ja Playstationit saab kasutada \u00fche korra p\u00e4evas korraga 45 minutit ning see tuleb \u00e4ra kasutada j\u00e4rjest. Aega ei saa poolitada ega teistele \u00fcle kanda. Oma aega tuleb j\u00e4lgida ise \u2013 selleks kasuta taimerit v\u00f5i kella.<\/li>\n<li>Arvutist heli kuulamiseks kasuta k\u00f5rvaklappe.<\/li>\n<li>Noortekeskuses on lubatud m\u00e4ngida ainult eakohaseid m\u00e4nge. Kui sa ei tea, kas m\u00e4ng on sulle eakohane, siis kontrolli seda aadressil pegi.info.<\/li>\n<\/ul>\n<p><strong>K\u00e4itu viisakalt, ole avatud ja s\u00f5bralik ning austa teisi ja ennast<\/strong><\/p>\n<ul>\n<li>Suhtu k\u00f5igisse noortekeskuses viibivatesse inimestesse austuse ja s\u00f5bralikkusega.<\/li>\n<li>Ropendamise asemel pane end proovile ja s\u00f5nasta oma m\u00f5tted teisiti.<\/li>\n<li>K\u00f5ik mured ja probleemid saab lahendada. Tee seda viisakalt ja teist osapoolt kuulates. Kui vajad abi, siis noorsoot\u00f6\u00f6taja aitab sind.<\/li>\n<\/ul>\n<p><strong>V\u00e4\u00e4rtusta enda ja teiste tervist<\/strong><\/p>\n<ul>\n<li>Noortekeskuses on keelatud tarvitada:\n<ul>\n<li>Tubakatooteid v\u00f5i tubakatoodetega sarnaselt kasutatavaid tooteid (nt. e-sigaretid),<\/li>\n<li>energiajooke,<\/li>\n<li>alkohoolseid jooke,<\/li>\n<li>alkoholivaba \u00f5lut, -siidrit, -veini ning -\u0161ampust.<\/li>\n<\/ul>\n<\/li>\n<\/ul>\n<ul>\n<li>Noortekeskuses on keelatud viibida alko- ja\/v\u00f5i narkojoobes.<\/li>\n<li>Noortekeskuses ei tohi olla kaasas terariistu ega ohtlikke esemeid. Kui mingil p\u00f5hjusel on siiski sellised esemed kaasa sattunud, on noorsoot\u00f6\u00f6tajal \u00f5igus need noortekeskuses viibimise ajaks enda k\u00e4tte hoiule v\u00f5tta.<\/li>\n<li>Kui m\u00e4rkad, et kellelgi on keskuses kaasas keelatud esemed ja\/v\u00f5i ained v\u00f5i on ta mingi aine m\u00f5ju all, teavita sellest noorsoot\u00f6\u00f6tajat.<\/li>\n<li>Noorsoot\u00f6\u00f6tajal on kohustus seaduserikkumistest teavitada politseid.<\/li>\n<li>Noorsoot\u00f6\u00f6tajal on \u00f5igus sind koju saata, kui saadad korda teo, mis riivab noortekeskuse k\u00fclastajate ja t\u00f6\u00f6tajate inimv\u00e4\u00e4rikust, eksib seaduste ja\/v\u00f5i kodukorra vastu v\u00f5i ohustab teiste turvalisust.<\/li>\n<\/ul>\n<p><strong>Kodukorras mainimata j\u00e4\u00e4nu puhul kehtib muu Eesti seadusandlus.<\/strong><\/p>\n<p><strong>Kui oled viisakas, avatud, abivalmis teiste noorte ja t\u00e4iskasvanutega, hoiad puhtust ja korda ning l\u00e4htud tavap\u00e4rastest viisakusreeglitest, ei teki sul noortekeskuses \u00fchtegi probleemi, mis meil koos lahendamata j\u00e4\u00e4ks.<\/strong><\/p>\n","protected":false},"excerpt":{"rendered":"<p>Valdeku Noortekeskusesse on oodatud noored vanuses 7-26 aastat oma vaba aega veetma. Noortekeskuses saad osa v\u00f5tta \u00fcritustest, osaleda huvitegevustes, m\u00e4ngida lauam\u00e4nge, kasutada arvutit ja teisi keskuse vahendeid. Valdeku Noortekeskus on avatud E-R kl 13-19. Muudatused lahtiolekuaegades leiad noortekeskuse infokanalitest. Valdeku noortekeskuse infokanalid on: Koduleht:\u202fhttps:\/\/www.nomme.ee\/valdeku-noortekeskus\/ Discord: N\u00f5mme e-Noortekas Facebook:\u202fValdeku Noortekeskus Instagram:\u202f@valdekunoortekeskus Noortekeskuses t\u00f6\u00f6tavad kvalifitseeritud spetsialistid, kes [&hellip;]<\/p>\n","protected":false},"author":4,"featured_media":0,"parent":0,"menu_order":0,"comment_status":"closed","ping_status":"closed","template":"","meta":{"_acf_changed":false,"footnotes":""},"class_list":["post-219","page","type-page","status-publish","hentry"],"acf":[],"yoast_head":"<!-- This site is optimized with the Yoast SEO plugin v27.3 - https:\/\/yoast.com\/product\/yoast-seo-wordpress\/ -->\n<title>Valdeku Noortekeskuse kodukord &#8211; Valdeku noortekeskus<\/title>\n<meta name=\"robots\" content=\"index, follow, max-snippet:-1, max-image-preview:large, max-video-preview:-1\" \/>\n<link rel=\"canonical\" href=\"https:\/\/www.nomme.ee\/valdeku-noortekeskus\/valdeku-noortekeskuse-kodukord\/\" \/>\n<meta property=\"og:locale\" content=\"et_EE\" \/>\n<meta property=\"og:type\" content=\"article\" \/>\n<meta property=\"og:title\" content=\"Valdeku Noortekeskuse kodukord &#8211; Valdeku noortekeskus\" \/>\n<meta property=\"og:description\" content=\"Valdeku Noortekeskusesse on oodatud noored vanuses 7-26 aastat oma vaba aega veetma. Noortekeskuses saad osa v\u00f5tta \u00fcritustest, osaleda huvitegevustes, m\u00e4ngida lauam\u00e4nge, kasutada arvutit ja teisi keskuse vahendeid. Valdeku Noortekeskus on avatud E-R kl 13-19. Muudatused lahtiolekuaegades leiad noortekeskuse infokanalitest. Valdeku noortekeskuse infokanalid on: Koduleht:\u202fhttps:\/\/www.nomme.ee\/valdeku-noortekeskus\/ Discord: N\u00f5mme e-Noortekas Facebook:\u202fValdeku Noortekeskus Instagram:\u202f@valdekunoortekeskus Noortekeskuses t\u00f6\u00f6tavad kvalifitseeritud spetsialistid, kes [&hellip;]\" \/>\n<meta property=\"og:url\" content=\"https:\/\/www.nomme.ee\/valdeku-noortekeskus\/valdeku-noortekeskuse-kodukord\/\" \/>\n<meta property=\"og:site_name\" content=\"Valdeku noortekeskus\" \/>\n<meta property=\"article:modified_time\" content=\"2022-09-27T10:44:28+00:00\" \/>\n<meta name=\"twitter:card\" content=\"summary_large_image\" \/>\n<meta name=\"twitter:label1\" content=\"Est. reading time\" \/>\n\t<meta name=\"twitter:data1\" content=\"4 minutit\" \/>\n<script type=\"application\/ld+json\" class=\"yoast-schema-graph\">{\"@context\":\"https:\\\/\\\/schema.org\",\"@graph\":[{\"@type\":\"WebPage\",\"@id\":\"https:\\\/\\\/www.nomme.ee\\\/valdeku-noortekeskus\\\/valdeku-noortekeskuse-kodukord\\\/\",\"url\":\"https:\\\/\\\/www.nomme.ee\\\/valdeku-noortekeskus\\\/valdeku-noortekeskuse-kodukord\\\/\",\"name\":\"Valdeku Noortekeskuse kodukord &#8211; Valdeku noortekeskus\",\"isPartOf\":{\"@id\":\"https:\\\/\\\/www.nomme.ee\\\/valdeku-noortekeskus\\\/#website\"},\"datePublished\":\"2021-10-05T13:17:12+00:00\",\"dateModified\":\"2022-09-27T10:44:28+00:00\",\"breadcrumb\":{\"@id\":\"https:\\\/\\\/www.nomme.ee\\\/valdeku-noortekeskus\\\/valdeku-noortekeskuse-kodukord\\\/#breadcrumb\"},\"inLanguage\":\"et\",\"potentialAction\":[{\"@type\":\"ReadAction\",\"target\":[\"https:\\\/\\\/www.nomme.ee\\\/valdeku-noortekeskus\\\/valdeku-noortekeskuse-kodukord\\\/\"]}]},{\"@type\":\"BreadcrumbList\",\"@id\":\"https:\\\/\\\/www.nomme.ee\\\/valdeku-noortekeskus\\\/valdeku-noortekeskuse-kodukord\\\/#breadcrumb\",\"itemListElement\":[{\"@type\":\"ListItem\",\"position\":1,\"name\":\"N\u00f5mme Vaba Aja Keskus\",\"item\":\"https:\\\/\\\/www.nomme.ee\"},{\"@type\":\"ListItem\",\"position\":2,\"name\":\"Valdeku noortekeskus\",\"item\":\"https:\\\/\\\/www.nomme.ee\\\/valdeku-noortekeskus\\\/\"},{\"@type\":\"ListItem\",\"position\":3,\"name\":\"Valdeku Noortekeskuse kodukord\"}]},{\"@type\":\"WebSite\",\"@id\":\"https:\\\/\\\/www.nomme.ee\\\/valdeku-noortekeskus\\\/#website\",\"url\":\"https:\\\/\\\/www.nomme.ee\\\/valdeku-noortekeskus\\\/\",\"name\":\"Valdeku noortekeskus\",\"description\":\"\",\"potentialAction\":[{\"@type\":\"SearchAction\",\"target\":{\"@type\":\"EntryPoint\",\"urlTemplate\":\"https:\\\/\\\/www.nomme.ee\\\/valdeku-noortekeskus\\\/?s={search_term_string}\"},\"query-input\":{\"@type\":\"PropertyValueSpecification\",\"valueRequired\":true,\"valueName\":\"search_term_string\"}}],\"inLanguage\":\"et\"}]}<\/script>\n<!-- \/ Yoast SEO plugin. -->","yoast_head_json":{"title":"Valdeku Noortekeskuse kodukord &#8211; Valdeku noortekeskus","robots":{"index":"index","follow":"follow","max-snippet":"max-snippet:-1","max-image-preview":"max-image-preview:large","max-video-preview":"max-video-preview:-1"},"canonical":"https:\/\/www.nomme.ee\/valdeku-noortekeskus\/valdeku-noortekeskuse-kodukord\/","og_locale":"et_EE","og_type":"article","og_title":"Valdeku Noortekeskuse kodukord &#8211; Valdeku noortekeskus","og_description":"Valdeku Noortekeskusesse on oodatud noored vanuses 7-26 aastat oma vaba aega veetma. Noortekeskuses saad osa v\u00f5tta \u00fcritustest, osaleda huvitegevustes, m\u00e4ngida lauam\u00e4nge, kasutada arvutit ja teisi keskuse vahendeid. Valdeku Noortekeskus on avatud E-R kl 13-19. Muudatused lahtiolekuaegades leiad noortekeskuse infokanalitest. Valdeku noortekeskuse infokanalid on: Koduleht:\u202fhttps:\/\/www.nomme.ee\/valdeku-noortekeskus\/ Discord: N\u00f5mme e-Noortekas Facebook:\u202fValdeku Noortekeskus Instagram:\u202f@valdekunoortekeskus Noortekeskuses t\u00f6\u00f6tavad kvalifitseeritud spetsialistid, kes [&hellip;]","og_url":"https:\/\/www.nomme.ee\/valdeku-noortekeskus\/valdeku-noortekeskuse-kodukord\/","og_site_name":"Valdeku noortekeskus","article_modified_time":"2022-09-27T10:44:28+00:00","twitter_card":"summary_large_image","twitter_misc":{"Est. reading time":"4 minutit"},"schema":{"@context":"https:\/\/schema.org","@graph":[{"@type":"WebPage","@id":"https:\/\/www.nomme.ee\/valdeku-noortekeskus\/valdeku-noortekeskuse-kodukord\/","url":"https:\/\/www.nomme.ee\/valdeku-noortekeskus\/valdeku-noortekeskuse-kodukord\/","name":"Valdeku Noortekeskuse kodukord &#8211; Valdeku noortekeskus","isPartOf":{"@id":"https:\/\/www.nomme.ee\/valdeku-noortekeskus\/#website"},"datePublished":"2021-10-05T13:17:12+00:00","dateModified":"2022-09-27T10:44:28+00:00","breadcrumb":{"@id":"https:\/\/www.nomme.ee\/valdeku-noortekeskus\/valdeku-noortekeskuse-kodukord\/#breadcrumb"},"inLanguage":"et","potentialAction":[{"@type":"ReadAction","target":["https:\/\/www.nomme.ee\/valdeku-noortekeskus\/valdeku-noortekeskuse-kodukord\/"]}]},{"@type":"BreadcrumbList","@id":"https:\/\/www.nomme.ee\/valdeku-noortekeskus\/valdeku-noortekeskuse-kodukord\/#breadcrumb","itemListElement":[{"@type":"ListItem","position":1,"name":"N\u00f5mme Vaba Aja Keskus","item":"https:\/\/www.nomme.ee"},{"@type":"ListItem","position":2,"name":"Valdeku noortekeskus","item":"https:\/\/www.nomme.ee\/valdeku-noortekeskus\/"},{"@type":"ListItem","position":3,"name":"Valdeku Noortekeskuse kodukord"}]},{"@type":"WebSite","@id":"https:\/\/www.nomme.ee\/valdeku-noortekeskus\/#website","url":"https:\/\/www.nomme.ee\/valdeku-noortekeskus\/","name":"Valdeku noortekeskus","description":"","potentialAction":[{"@type":"SearchAction","target":{"@type":"EntryPoint","urlTemplate":"https:\/\/www.nomme.ee\/valdeku-noortekeskus\/?s={search_term_string}"},"query-input":{"@type":"PropertyValueSpecification","valueRequired":true,"valueName":"search_term_string"}}],"inLanguage":"et"}]}},"_links":{"self":[{"href":"https:\/\/www.nomme.ee\/valdeku-noortekeskus\/wp-json\/wp\/v2\/pages\/219","targetHints":{"allow":["GET"]}}],"collection":[{"href":"https:\/\/www.nomme.ee\/valdeku-noortekeskus\/wp-json\/wp\/v2\/pages"}],"about":[{"href":"https:\/\/www.nomme.ee\/valdeku-noortekeskus\/wp-json\/wp\/v2\/types\/page"}],"author":[{"embeddable":true,"href":"https:\/\/www.nomme.ee\/valdeku-noortekeskus\/wp-json\/wp\/v2\/users\/4"}],"replies":[{"embeddable":true,"href":"https:\/\/www.nomme.ee\/valdeku-noortekeskus\/wp-json\/wp\/v2\/comments?post=219"}],"version-history":[{"count":17,"href":"https:\/\/www.nomme.ee\/valdeku-noortekeskus\/wp-json\/wp\/v2\/pages\/219\/revisions"}],"predecessor-version":[{"id":524,"href":"https:\/\/www.nomme.ee\/valdeku-noortekeskus\/wp-json\/wp\/v2\/pages\/219\/revisions\/524"}],"wp:attachment":[{"href":"https:\/\/www.nomme.ee\/valdeku-noortekeskus\/wp-json\/wp\/v2\/media?parent=219"}],"curies":[{"name":"wp","href":"https:\/\/api.w.org\/{rel}","templated":true}]}}