{"id":611,"date":"2023-02-21T15:34:34","date_gmt":"2023-02-21T15:34:34","guid":{"rendered":"https:\/\/www.nomme.ee\/valdeku-noortekeskus\/?page_id=611"},"modified":"2023-12-08T10:16:21","modified_gmt":"2023-12-08T10:16:21","slug":"611-2","status":"publish","type":"page","link":"https:\/\/www.nomme.ee\/valdeku-noortekeskus\/611-2\/","title":{"rendered":"Tallinna aasta noorsoot\u00f6\u00f6taja 2022 on Evely Pajula"},"content":{"rendered":"<p>PROTO avastustehases jagati 20. veebruaril juba 18. korda Tallinna noorsoot\u00f6\u00f6 tunnustusauhindu.<br \/>\nAasta noorsoot\u00f6\u00f6tajaks 2022 valiti meie noortekeskuse laste- ja noortet\u00f6\u00f6 juht <span style=\"color: #ff6600\">Evely Pajula.\u00a0<span style=\"color: #000000\">Hurraa!<br \/>\n<\/span><\/span><\/p>\n<p>Oleme seda ise juba ammu teadnud, et meil on v\u00f5rratud noorsoot\u00f6\u00f6tajad ning on puhas r\u00f5\u00f5m, et seda ka v\u00e4lja poole m\u00e4rgatakse.<\/p>\n<p>Noortekeskused on suuresti oma noorsoot\u00f6\u00f6tajate n\u00e4gu. Valdeku Noortekeskus t\u00f6\u00f6tab Evely eestvedamisel selle nimel, et iga siia tulev noor tunneks, et on siia oodatud ning aktsepteeritud just sellisena nagu ta on. Saaks turvalises keskkonnas \u00f5ppida tundma ennast ja \u00fcmbritsevat maailma ning leida tegevused ja teemad, mis just teda inspireerivad ja r\u00f5\u00f5mu pakuvad.<\/p>\n<p>2022 aastal on Evely hoidnud tugevalt fookuses ka keskkonnahoid ja noortekeskuse rolli selles. Tegeleme aktiivselt pr\u00fcgisorteerimise ja selle \u00f5petamisega, oleme t\u00e4ielikult loobunud \u00fchekordsetest n\u00f5udest, minimeeritud on printimine ja \u00fchekordsete vahendite kasutamine, kokandusklubis on eesm\u00e4rgiks saavutada null-toidukaoga toimetamine.<\/p>\n<p>Lisaks on ta ka toonud noorteni uue rahvusvahelisel meetodil p\u00f5hineva fair-play linnalaagri kontseptsiooni, osalenud keskkonnateemalisel veebiarutelul, olnud tuutor v\u00e4lisvabatahtlikule, kirjutanud eduka lauam\u00e4nguteemalise projekti, haldanud meie sotsiaalmeediakontosid, planeerinud ja ellu viinud noortele raamaturiiuli projekti, loonud kolm noortekeskuse koolipaketti, mis \u00fchendavad endas kokku nii lauam\u00e4ngud, keskkonnateemad kui ka inglise keele.<\/p>\n<p>R\u00f5\u00f5msat uudist on kajastatud ka kohalikus ajalehes N\u00f5mme S\u00f5numid, kus lugu on kohe esimesel lehek\u00fcljel:<\/p>\n<figure class=\"video-container\">\n<div data-url=\"https:\/\/issuu.com\/nomme\/docs\/n_mme_s_numid_3._m_rts_2023\" style=\"width: 500px; height: 333px;\" class=\"issuuembed\"><\/div>\n<p><script type=\"text\/javascript\" src=\"\/\/e.issuu.com\/embed.js\" async=\"true\"><\/script><\/figure>\n","protected":false},"excerpt":{"rendered":"<p>PROTO avastustehases jagati 20. veebruaril juba 18. korda Tallinna noorsoot\u00f6\u00f6 tunnustusauhindu. Aasta noorsoot\u00f6\u00f6tajaks 2022 valiti meie noortekeskuse laste- ja noortet\u00f6\u00f6 juht Evely Pajula.\u00a0Hurraa! Oleme seda ise juba ammu teadnud, et meil on v\u00f5rratud noorsoot\u00f6\u00f6tajad ning on puhas r\u00f5\u00f5m, et seda ka v\u00e4lja poole m\u00e4rgatakse. Noortekeskused on suuresti oma noorsoot\u00f6\u00f6tajate n\u00e4gu. Valdeku Noortekeskus t\u00f6\u00f6tab Evely eestvedamisel [&hellip;]<\/p>\n","protected":false},"author":4,"featured_media":614,"parent":0,"menu_order":0,"comment_status":"closed","ping_status":"closed","template":"","meta":{"_acf_changed":false,"footnotes":""},"class_list":["post-611","page","type-page","status-publish","has-post-thumbnail","hentry"],"acf":[],"yoast_head":"<!-- This site is optimized with the Yoast SEO plugin v27.3 - https:\/\/yoast.com\/product\/yoast-seo-wordpress\/ -->\n<title>Tallinna aasta noorsoot\u00f6\u00f6taja 2022 on Evely Pajula &#8211; Valdeku noortekeskus<\/title>\n<meta name=\"robots\" content=\"index, follow, max-snippet:-1, max-image-preview:large, max-video-preview:-1\" \/>\n<link rel=\"canonical\" href=\"https:\/\/www.nomme.ee\/valdeku-noortekeskus\/611-2\/\" \/>\n<meta property=\"og:locale\" content=\"et_EE\" \/>\n<meta property=\"og:type\" content=\"article\" \/>\n<meta property=\"og:title\" content=\"Tallinna aasta noorsoot\u00f6\u00f6taja 2022 on Evely Pajula &#8211; Valdeku noortekeskus\" \/>\n<meta property=\"og:description\" content=\"PROTO avastustehases jagati 20. veebruaril juba 18. korda Tallinna noorsoot\u00f6\u00f6 tunnustusauhindu. Aasta noorsoot\u00f6\u00f6tajaks 2022 valiti meie noortekeskuse laste- ja noortet\u00f6\u00f6 juht Evely Pajula.\u00a0Hurraa! Oleme seda ise juba ammu teadnud, et meil on v\u00f5rratud noorsoot\u00f6\u00f6tajad ning on puhas r\u00f5\u00f5m, et seda ka v\u00e4lja poole m\u00e4rgatakse. Noortekeskused on suuresti oma noorsoot\u00f6\u00f6tajate n\u00e4gu. Valdeku Noortekeskus t\u00f6\u00f6tab Evely eestvedamisel [&hellip;]\" \/>\n<meta property=\"og:url\" content=\"https:\/\/www.nomme.ee\/valdeku-noortekeskus\/611-2\/\" \/>\n<meta property=\"og:site_name\" content=\"Valdeku noortekeskus\" \/>\n<meta property=\"article:modified_time\" content=\"2023-12-08T10:16:21+00:00\" \/>\n<meta property=\"og:image\" content=\"https:\/\/www.nomme.ee\/valdeku-noortekeskus\/wp-content\/uploads\/sites\/3\/2023\/02\/PXL_20230220_141845593-scaled-e1676993953744.jpg\" \/>\n\t<meta property=\"og:image:width\" content=\"1267\" \/>\n\t<meta property=\"og:image:height\" content=\"2086\" \/>\n\t<meta property=\"og:image:type\" content=\"image\/jpeg\" \/>\n<meta name=\"twitter:card\" content=\"summary_large_image\" \/>\n<meta name=\"twitter:label1\" content=\"Est. reading time\" \/>\n\t<meta name=\"twitter:data1\" content=\"1 minut\" \/>\n<script type=\"application\/ld+json\" class=\"yoast-schema-graph\">{\"@context\":\"https:\\\/\\\/schema.org\",\"@graph\":[{\"@type\":\"WebPage\",\"@id\":\"https:\\\/\\\/www.nomme.ee\\\/valdeku-noortekeskus\\\/611-2\\\/\",\"url\":\"https:\\\/\\\/www.nomme.ee\\\/valdeku-noortekeskus\\\/611-2\\\/\",\"name\":\"Tallinna aasta noorsoot\u00f6\u00f6taja 2022 on Evely Pajula &#8211; Valdeku noortekeskus\",\"isPartOf\":{\"@id\":\"https:\\\/\\\/www.nomme.ee\\\/valdeku-noortekeskus\\\/#website\"},\"primaryImageOfPage\":{\"@id\":\"https:\\\/\\\/www.nomme.ee\\\/valdeku-noortekeskus\\\/611-2\\\/#primaryimage\"},\"image\":{\"@id\":\"https:\\\/\\\/www.nomme.ee\\\/valdeku-noortekeskus\\\/611-2\\\/#primaryimage\"},\"thumbnailUrl\":\"https:\\\/\\\/www.nomme.ee\\\/valdeku-noortekeskus\\\/wp-content\\\/uploads\\\/sites\\\/3\\\/2023\\\/02\\\/PXL_20230220_141845593-scaled-e1676993953744.jpg\",\"datePublished\":\"2023-02-21T15:34:34+00:00\",\"dateModified\":\"2023-12-08T10:16:21+00:00\",\"breadcrumb\":{\"@id\":\"https:\\\/\\\/www.nomme.ee\\\/valdeku-noortekeskus\\\/611-2\\\/#breadcrumb\"},\"inLanguage\":\"et\",\"potentialAction\":[{\"@type\":\"ReadAction\",\"target\":[\"https:\\\/\\\/www.nomme.ee\\\/valdeku-noortekeskus\\\/611-2\\\/\"]}]},{\"@type\":\"ImageObject\",\"inLanguage\":\"et\",\"@id\":\"https:\\\/\\\/www.nomme.ee\\\/valdeku-noortekeskus\\\/611-2\\\/#primaryimage\",\"url\":\"https:\\\/\\\/www.nomme.ee\\\/valdeku-noortekeskus\\\/wp-content\\\/uploads\\\/sites\\\/3\\\/2023\\\/02\\\/PXL_20230220_141845593-scaled-e1676993953744.jpg\",\"contentUrl\":\"https:\\\/\\\/www.nomme.ee\\\/valdeku-noortekeskus\\\/wp-content\\\/uploads\\\/sites\\\/3\\\/2023\\\/02\\\/PXL_20230220_141845593-scaled-e1676993953744.jpg\",\"width\":1267,\"height\":2086},{\"@type\":\"BreadcrumbList\",\"@id\":\"https:\\\/\\\/www.nomme.ee\\\/valdeku-noortekeskus\\\/611-2\\\/#breadcrumb\",\"itemListElement\":[{\"@type\":\"ListItem\",\"position\":1,\"name\":\"N\u00f5mme Vaba Aja Keskus\",\"item\":\"https:\\\/\\\/www.nomme.ee\"},{\"@type\":\"ListItem\",\"position\":2,\"name\":\"Valdeku noortekeskus\",\"item\":\"https:\\\/\\\/www.nomme.ee\\\/valdeku-noortekeskus\\\/\"},{\"@type\":\"ListItem\",\"position\":3,\"name\":\"Tallinna aasta noorsoot\u00f6\u00f6taja 2022 on Evely Pajula\"}]},{\"@type\":\"WebSite\",\"@id\":\"https:\\\/\\\/www.nomme.ee\\\/valdeku-noortekeskus\\\/#website\",\"url\":\"https:\\\/\\\/www.nomme.ee\\\/valdeku-noortekeskus\\\/\",\"name\":\"Valdeku noortekeskus\",\"description\":\"\",\"potentialAction\":[{\"@type\":\"SearchAction\",\"target\":{\"@type\":\"EntryPoint\",\"urlTemplate\":\"https:\\\/\\\/www.nomme.ee\\\/valdeku-noortekeskus\\\/?s={search_term_string}\"},\"query-input\":{\"@type\":\"PropertyValueSpecification\",\"valueRequired\":true,\"valueName\":\"search_term_string\"}}],\"inLanguage\":\"et\"}]}<\/script>\n<!-- \/ Yoast SEO plugin. -->","yoast_head_json":{"title":"Tallinna aasta noorsoot\u00f6\u00f6taja 2022 on Evely Pajula &#8211; Valdeku noortekeskus","robots":{"index":"index","follow":"follow","max-snippet":"max-snippet:-1","max-image-preview":"max-image-preview:large","max-video-preview":"max-video-preview:-1"},"canonical":"https:\/\/www.nomme.ee\/valdeku-noortekeskus\/611-2\/","og_locale":"et_EE","og_type":"article","og_title":"Tallinna aasta noorsoot\u00f6\u00f6taja 2022 on Evely Pajula &#8211; Valdeku noortekeskus","og_description":"PROTO avastustehases jagati 20. veebruaril juba 18. korda Tallinna noorsoot\u00f6\u00f6 tunnustusauhindu. Aasta noorsoot\u00f6\u00f6tajaks 2022 valiti meie noortekeskuse laste- ja noortet\u00f6\u00f6 juht Evely Pajula.\u00a0Hurraa! Oleme seda ise juba ammu teadnud, et meil on v\u00f5rratud noorsoot\u00f6\u00f6tajad ning on puhas r\u00f5\u00f5m, et seda ka v\u00e4lja poole m\u00e4rgatakse. Noortekeskused on suuresti oma noorsoot\u00f6\u00f6tajate n\u00e4gu. Valdeku Noortekeskus t\u00f6\u00f6tab Evely eestvedamisel [&hellip;]","og_url":"https:\/\/www.nomme.ee\/valdeku-noortekeskus\/611-2\/","og_site_name":"Valdeku noortekeskus","article_modified_time":"2023-12-08T10:16:21+00:00","og_image":[{"width":1267,"height":2086,"url":"https:\/\/www.nomme.ee\/valdeku-noortekeskus\/wp-content\/uploads\/sites\/3\/2023\/02\/PXL_20230220_141845593-scaled-e1676993953744.jpg","type":"image\/jpeg"}],"twitter_card":"summary_large_image","twitter_misc":{"Est. reading time":"1 minut"},"schema":{"@context":"https:\/\/schema.org","@graph":[{"@type":"WebPage","@id":"https:\/\/www.nomme.ee\/valdeku-noortekeskus\/611-2\/","url":"https:\/\/www.nomme.ee\/valdeku-noortekeskus\/611-2\/","name":"Tallinna aasta noorsoot\u00f6\u00f6taja 2022 on Evely Pajula &#8211; Valdeku noortekeskus","isPartOf":{"@id":"https:\/\/www.nomme.ee\/valdeku-noortekeskus\/#website"},"primaryImageOfPage":{"@id":"https:\/\/www.nomme.ee\/valdeku-noortekeskus\/611-2\/#primaryimage"},"image":{"@id":"https:\/\/www.nomme.ee\/valdeku-noortekeskus\/611-2\/#primaryimage"},"thumbnailUrl":"https:\/\/www.nomme.ee\/valdeku-noortekeskus\/wp-content\/uploads\/sites\/3\/2023\/02\/PXL_20230220_141845593-scaled-e1676993953744.jpg","datePublished":"2023-02-21T15:34:34+00:00","dateModified":"2023-12-08T10:16:21+00:00","breadcrumb":{"@id":"https:\/\/www.nomme.ee\/valdeku-noortekeskus\/611-2\/#breadcrumb"},"inLanguage":"et","potentialAction":[{"@type":"ReadAction","target":["https:\/\/www.nomme.ee\/valdeku-noortekeskus\/611-2\/"]}]},{"@type":"ImageObject","inLanguage":"et","@id":"https:\/\/www.nomme.ee\/valdeku-noortekeskus\/611-2\/#primaryimage","url":"https:\/\/www.nomme.ee\/valdeku-noortekeskus\/wp-content\/uploads\/sites\/3\/2023\/02\/PXL_20230220_141845593-scaled-e1676993953744.jpg","contentUrl":"https:\/\/www.nomme.ee\/valdeku-noortekeskus\/wp-content\/uploads\/sites\/3\/2023\/02\/PXL_20230220_141845593-scaled-e1676993953744.jpg","width":1267,"height":2086},{"@type":"BreadcrumbList","@id":"https:\/\/www.nomme.ee\/valdeku-noortekeskus\/611-2\/#breadcrumb","itemListElement":[{"@type":"ListItem","position":1,"name":"N\u00f5mme Vaba Aja Keskus","item":"https:\/\/www.nomme.ee"},{"@type":"ListItem","position":2,"name":"Valdeku noortekeskus","item":"https:\/\/www.nomme.ee\/valdeku-noortekeskus\/"},{"@type":"ListItem","position":3,"name":"Tallinna aasta noorsoot\u00f6\u00f6taja 2022 on Evely Pajula"}]},{"@type":"WebSite","@id":"https:\/\/www.nomme.ee\/valdeku-noortekeskus\/#website","url":"https:\/\/www.nomme.ee\/valdeku-noortekeskus\/","name":"Valdeku noortekeskus","description":"","potentialAction":[{"@type":"SearchAction","target":{"@type":"EntryPoint","urlTemplate":"https:\/\/www.nomme.ee\/valdeku-noortekeskus\/?s={search_term_string}"},"query-input":{"@type":"PropertyValueSpecification","valueRequired":true,"valueName":"search_term_string"}}],"inLanguage":"et"}]}},"_links":{"self":[{"href":"https:\/\/www.nomme.ee\/valdeku-noortekeskus\/wp-json\/wp\/v2\/pages\/611","targetHints":{"allow":["GET"]}}],"collection":[{"href":"https:\/\/www.nomme.ee\/valdeku-noortekeskus\/wp-json\/wp\/v2\/pages"}],"about":[{"href":"https:\/\/www.nomme.ee\/valdeku-noortekeskus\/wp-json\/wp\/v2\/types\/page"}],"author":[{"embeddable":true,"href":"https:\/\/www.nomme.ee\/valdeku-noortekeskus\/wp-json\/wp\/v2\/users\/4"}],"replies":[{"embeddable":true,"href":"https:\/\/www.nomme.ee\/valdeku-noortekeskus\/wp-json\/wp\/v2\/comments?post=611"}],"version-history":[{"count":7,"href":"https:\/\/www.nomme.ee\/valdeku-noortekeskus\/wp-json\/wp\/v2\/pages\/611\/revisions"}],"predecessor-version":[{"id":998,"href":"https:\/\/www.nomme.ee\/valdeku-noortekeskus\/wp-json\/wp\/v2\/pages\/611\/revisions\/998"}],"wp:featuredmedia":[{"embeddable":true,"href":"https:\/\/www.nomme.ee\/valdeku-noortekeskus\/wp-json\/wp\/v2\/media\/614"}],"wp:attachment":[{"href":"https:\/\/www.nomme.ee\/valdeku-noortekeskus\/wp-json\/wp\/v2\/media?parent=611"}],"curies":[{"name":"wp","href":"https:\/\/api.w.org\/{rel}","templated":true}]}}